{"id":736523,"date":"2025-03-03T16:32:30","date_gmt":"2025-03-03T15:32:30","guid":{"rendered":"https:\/\/stoic-curie.212-227-153-4.plesk.page\/producto\/jabsco-17935-0001-neopren-impeller\/"},"modified":"2026-02-24T23:35:07","modified_gmt":"2026-02-24T23:35:07","slug":"jabsco-17935-0001-neopren-impeller","status":"publish","type":"product","link":"https:\/\/stoic-curie.212-227-153-4.plesk.page\/de\/product\/jabsco-17935-0001-neopren-impeller\/","title":{"rendered":"Jabsco 17935-0001 Neopren-Impeller"},"content":{"rendered":"<p>Jabsco 17935-0001 Neopren-Impeller &#8211; <\/p>\n<div class=\"col-24\" col-md-15=\"\">\n<p>Diese Jabsco-Impeller passen zu folgenden Pumpen:<\/p>\n<p>3570, 10770-0111, 10880-0051, 10880-0151, 10880-2461, 10880-2561, 10880-2611, 10880-2661, 10980-0051, 12600-0001, 12600-0011, 12600-0021, 14300-0001, 14440-0001, 17520-0001, 17520-0002, 17520-0051, 17520-0052, 17810-1000, 21680-05, 2570-0001, 2570-0011, 2570-0011, 2570-0021, 2570-0051, 2570-0151, 2570-0211, 2570-3000, 29770-0001, 3110-0001, 3110-0011, 3240-0011, 3240-1001, 3570-0001, 50200-2011, 50200-2111, 50200-2211, 50200-2311, 50220-0011, 50220-0111, 50220-0211, 50220-0311, 50230-0311, 51200-2011, 51220-0011, 52200-2001, 52200-2011, 52200-2041, 52200-2051, 52220-0011, 52220-0041, 52220-0051, 52230-0001, 6400-0001, 6400-0004, 6400-0051, 6400-1051, 6590-0001, 6590-0004, 7420-0001, 7420-0004, 7420-0004, 7420-0101, 7420-0101, 7420-1001, 8150-0211 &#038; 8950-0001.<\/p>\n<p>Der Jabsco 17935-0001 flexible Neoprenimpeller ersetzt die folgenden Impeller:<\/p>\n<p>&#8211; Caterpillar-Impeller: 5N9360<\/p>\n<p>&#8211; Cummins-Impeller: NH250M, NT855M, V504M, V555MSC, VT555MSC, VT55MBC &#038; VT555MBC<\/p>\n<p>&#8211; Detroit: 8924838<\/p>\n<p>&#8211; Globe-Impel: 125<\/p>\n<p>&#8211; Jabsco-Impeller: 836-0001<\/p>\n<p>&#8211; Johnson-Impeller: 09-1029B &#038; 09-819B<\/p>\n<p>&#8211; Onan-Impeller: 500135<\/p>\n<p>&#8211; Perkins-Impeller: 7054<\/p>\n<p>&#8211; Sierra-Impeller: 18-3295<\/p>\n<p>&#8211; Volvo-Impeller: 21430184, 875736, 875660, 825942, 877066, 21951362 &#038; 807904<\/p>\n<p>Der Jabsco 17935-0001 flexible Neoprenimpeller hat 12 Impellerbl\u00e4tter und einen verzahnten Antrieb.<\/p>\n<p>Die Jabsco-flexiblen Neoprenimpeller werden zum Pumpen von frischem oder Salzwasser verwendet. Neoprenimpeller sind das am h\u00e4ufigsten verwendete Material und eignen sich f\u00fcr Anwendungen, bei denen nur geringe Mengen \u00d6l oder Diesel vorhanden sind.<\/p>\n<p>Jabsco-flexible Impeller unterliegen strengen Qualit\u00e4tsprozessen, um zuverl\u00e4ssige, effiziente und langlebige Leistungen sicherzustellen.<\/p>\n<p>Sie sollten Ihre flexiblen Pumpenimpeller mindestens einmal im Jahr oder je nach Nutzung fr\u00fcher ersetzen. Bei korrekter Installation kann ein Impeller mehrere Jahre halten, aber es ist immer ratsam, einen Plan f\u00fcr vorbeugende statt korrektive Wartung einzuhalten.<\/p>\n<p>Dieser Impeller hat ein Q-Profil.<\/p>\n<\/div>\n<h3>Spezifikationen<\/h3>\n<table class=\"table\">\n<tbody>\n<tr>\n<td><strong>Marke<\/strong><\/td>\n<td>Jabsco<\/td>\n<\/tr>\n<tr>\n<td><strong>Durchmesser des Impellerwellen<\/strong><\/td>\n<td>25,4 mm<\/td>\n<\/tr>\n<tr>\n<td><strong>Anzahl der Impellerbl\u00e4tter<\/strong><\/td>\n<td>12<\/td>\n<\/tr>\n<tr>\n<td><strong>Profil<\/strong><\/td>\n<td>Q<\/td>\n<\/tr>\n<tr>\n<td><strong>Konstruktion<\/strong><\/td>\n<td>Neoprenimpeller mit Messingeinlage<\/td>\n<\/tr>\n<tr>\n<td><strong>Durchmesser<\/strong><\/td>\n<td>95 mm (3-3\/4&#8242;), Welle 25,4 mm (1&#8242;)<\/td>\n<\/tr>\n<tr>\n<td><strong>Antriebsart<\/strong><\/td>\n<td>Zahnantrieb<\/td>\n<\/tr>\n<tr>\n<td><strong>Modell<\/strong><\/td>\n<td>17935-0001<\/td>\n<\/tr>\n<tr>\n<td><strong>Ersetzt<\/strong><\/td>\n<td>Bitte beachten Sie die Beschreibung f\u00fcr Impeller, die dieses Teil ersetzen kann<\/td>\n<\/tr>\n<tr>\n<td><strong>Eignung<\/strong><\/td>\n<td>Siehe Beschreibung<\/td>\n<\/tr>\n<tr>\n<td><strong>Tiefe<\/strong><\/td>\n<td>63 mm (2-1\/2&#8242;)<\/td>\n<\/tr>\n<\/tbody>\n<\/table>\n","protected":false},"excerpt":{"rendered":"<p>Jabsco 17935-0001 Neopren-Impeller &#8211; Diese Jabsco-Impeller passen zu folgenden Pumpen: 3570, 10770-0111, 10880-0051, 10880-0151, 10880-2461, 10880-2561, 10880-2611, 10880-2661, 10980-0051, 12600-0001,<\/p>\n","protected":false},"featured_media":5945013,"comment_status":"open","ping_status":"closed","template":"","meta":[],"product_brand":[3030],"product_cat":[1522],"product_tag":[],"class_list":{"0":"post-736523","1":"product","2":"type-product","3":"status-publish","4":"has-post-thumbnail","6":"product_brand-jabsco-marine-de","7":"product_cat-motorkuehlpumpen","9":"first","10":"instock","11":"shipping-taxable","12":"purchasable","13":"product-type-simple"},"_links":{"self":[{"href":"https:\/\/stoic-curie.212-227-153-4.plesk.page\/de\/wp-json\/wp\/v2\/product\/736523","targetHints":{"allow":["GET"]}}],"collection":[{"href":"https:\/\/stoic-curie.212-227-153-4.plesk.page\/de\/wp-json\/wp\/v2\/product"}],"about":[{"href":"https:\/\/stoic-curie.212-227-153-4.plesk.page\/de\/wp-json\/wp\/v2\/types\/product"}],"replies":[{"embeddable":true,"href":"https:\/\/stoic-curie.212-227-153-4.plesk.page\/de\/wp-json\/wp\/v2\/comments?post=736523"}],"version-history":[{"count":0,"href":"https:\/\/stoic-curie.212-227-153-4.plesk.page\/de\/wp-json\/wp\/v2\/product\/736523\/revisions"}],"wp:featuredmedia":[{"embeddable":true,"href":"https:\/\/stoic-curie.212-227-153-4.plesk.page\/de\/wp-json\/wp\/v2\/media\/5945013"}],"wp:attachment":[{"href":"https:\/\/stoic-curie.212-227-153-4.plesk.page\/de\/wp-json\/wp\/v2\/media?parent=736523"}],"wp:term":[{"taxonomy":"product_brand","embeddable":true,"href":"https:\/\/stoic-curie.212-227-153-4.plesk.page\/de\/wp-json\/wp\/v2\/product_brand?post=736523"},{"taxonomy":"product_cat","embeddable":true,"href":"https:\/\/stoic-curie.212-227-153-4.plesk.page\/de\/wp-json\/wp\/v2\/product_cat?post=736523"},{"taxonomy":"product_tag","embeddable":true,"href":"https:\/\/stoic-curie.212-227-153-4.plesk.page\/de\/wp-json\/wp\/v2\/product_tag?post=736523"}],"curies":[{"name":"wp","href":"https:\/\/api.w.org\/{rel}","templated":true}]}}