{"id":736524,"date":"2025-03-03T16:32:30","date_gmt":"2025-03-03T15:32:30","guid":{"rendered":"https:\/\/stoic-curie.212-227-153-4.plesk.page\/producto\/jabsco-17936-0001-neopren-impeller\/"},"modified":"2026-02-24T23:35:07","modified_gmt":"2026-02-24T23:35:07","slug":"jabsco-17936-0001-neopren-impeller","status":"publish","type":"product","link":"https:\/\/stoic-curie.212-227-153-4.plesk.page\/de\/product\/jabsco-17936-0001-neopren-impeller\/","title":{"rendered":"Jabsco 17936-0001 Neopren-Impeller"},"content":{"rendered":"<p>Jabsco 17936-0001 Neopren-Impeller &#8211; Die Jabsco Neopren-Impeller sind f\u00fcr die folgenden Pumpen geeignet: Jabsco 10660, 10590-0111, 10590-0231, 10590-0341, 10660-200, 11100-0601, 11100-0641, 17490-0001, 18300-0000, 18320-0000, 18320-0001, 18320-0002, 18340-0000, 18370-0000, 22040-01, 22040-0131, 22040-0501, 22040-0531, 23010-0131, 23010-0531, 50270-0011, 50270-0111, 50270-0211, 50270-0311, 50270-0911, 50270-2011, 50270-2111, 50270-2211, 50270-2311, 50270-2911, 52270-0011, 52270-2011, 6980-0001, 6980-0002, 6980-0003, 6980-0004, 6980-0005, 6980-0006, 6980-0011, 6980-0411 und 6980-3000. Der flexible Neopren-Impeller Jabsco 17936-0001 ersetzt folgende Impeller: Caterpillar-Impeller: 4L8470. Cummins-Impeller: 3008503. Detroit Diesel-Impeller: 5196168, 5198550, &#038; 8924839. Jabsco-Impeller: 21676-0001 &#038; 17936-0001. Johnson-Impeller: 09-814B. Man-Impeller: 50.06506-0073. Perkins-Impeller: 0460027. Volvo Penta-Impeller: 842857, 844683, 845796, 875697 &#038; 875814-6. Der Jabsco 17936-0001 flexible Neopren-Impeller hat 12 Impellerbl\u00e4tter, eine verzahnte Antriebswelle und wird mit einem Stecker geliefert. Die flexiblen Neopren-Impeller von Jabsco werden zum F\u00f6rdern von S\u00fc\u00df- oder Salzwasser verwendet und Neopren ist das am h\u00e4ufigsten verwendete Material, das sich f\u00fcr den Einsatz eignet, wo nur geringe Mengen an \u00d6l oder Diesel vorhanden sind. Flexible Impeller von Jabsco unterliegen strengen Qualit\u00e4tspr\u00fcfungen, um eine zuverl\u00e4ssige, effiziente und langlebige Leistung zu gew\u00e4hrleisten. Sie sollten Ihre flexiblen Pumpenimpeller mindestens einmal j\u00e4hrlich oder je nach Nutzung h\u00e4ufiger wechseln. Bei richtiger Installation kann ein Impeller mehrere Jahre halten, es ist jedoch ratsam, einen Plan f\u00fcr vorbeugende Wartung anstelle von Korrekturma\u00dfnahmen einzuhalten. Dieser Impeller hat ein Q-Profil.<\/p>\n","protected":false},"excerpt":{"rendered":"<p>Jabsco 17936-0001 Neopren-Impeller &#8211; Die Jabsco Neopren-Impeller sind f\u00fcr die folgenden Pumpen geeignet: Jabsco 10660, 10590-0111, 10590-0231, 10590-0341, 10660-200, 11100-0601,<\/p>\n","protected":false},"featured_media":5945016,"comment_status":"open","ping_status":"closed","template":"","meta":[],"product_brand":[3030],"product_cat":[1522],"product_tag":[],"class_list":{"0":"post-736524","1":"product","2":"type-product","3":"status-publish","4":"has-post-thumbnail","6":"product_brand-jabsco-marine-de","7":"product_cat-motorkuehlpumpen","9":"first","10":"instock","11":"shipping-taxable","12":"purchasable","13":"product-type-simple"},"_links":{"self":[{"href":"https:\/\/stoic-curie.212-227-153-4.plesk.page\/de\/wp-json\/wp\/v2\/product\/736524","targetHints":{"allow":["GET"]}}],"collection":[{"href":"https:\/\/stoic-curie.212-227-153-4.plesk.page\/de\/wp-json\/wp\/v2\/product"}],"about":[{"href":"https:\/\/stoic-curie.212-227-153-4.plesk.page\/de\/wp-json\/wp\/v2\/types\/product"}],"replies":[{"embeddable":true,"href":"https:\/\/stoic-curie.212-227-153-4.plesk.page\/de\/wp-json\/wp\/v2\/comments?post=736524"}],"version-history":[{"count":0,"href":"https:\/\/stoic-curie.212-227-153-4.plesk.page\/de\/wp-json\/wp\/v2\/product\/736524\/revisions"}],"wp:featuredmedia":[{"embeddable":true,"href":"https:\/\/stoic-curie.212-227-153-4.plesk.page\/de\/wp-json\/wp\/v2\/media\/5945016"}],"wp:attachment":[{"href":"https:\/\/stoic-curie.212-227-153-4.plesk.page\/de\/wp-json\/wp\/v2\/media?parent=736524"}],"wp:term":[{"taxonomy":"product_brand","embeddable":true,"href":"https:\/\/stoic-curie.212-227-153-4.plesk.page\/de\/wp-json\/wp\/v2\/product_brand?post=736524"},{"taxonomy":"product_cat","embeddable":true,"href":"https:\/\/stoic-curie.212-227-153-4.plesk.page\/de\/wp-json\/wp\/v2\/product_cat?post=736524"},{"taxonomy":"product_tag","embeddable":true,"href":"https:\/\/stoic-curie.212-227-153-4.plesk.page\/de\/wp-json\/wp\/v2\/product_tag?post=736524"}],"curies":[{"name":"wp","href":"https:\/\/api.w.org\/{rel}","templated":true}]}}