{"id":736526,"date":"2025-03-03T16:32:31","date_gmt":"2025-03-03T15:32:31","guid":{"rendered":"https:\/\/stoic-curie.212-227-153-4.plesk.page\/producto\/johnson-nitrilpumpenlaufrad-fuer-johnson-f7-pumpenmodelle-8-blatt\/"},"modified":"2026-02-24T23:35:07","modified_gmt":"2026-02-24T23:35:07","slug":"johnson-nitrilpumpenlaufrad-fuer-johnson-f7-pumpenmodelle-8-blatt","status":"publish","type":"product","link":"https:\/\/stoic-curie.212-227-153-4.plesk.page\/de\/product\/johnson-nitrilpumpenlaufrad-fuer-johnson-f7-pumpenmodelle-8-blatt\/","title":{"rendered":"Johnson Nitrilpumpenlaufrad f\u00fcr Johnson F7 Pumpenmodelle (8 Blatt)"},"content":{"rendered":"<p>Johnson Nitrilpumpenlaufrad f\u00fcr Johnson F7 Pumpenmodelle (8 Blatt) &#8211; Der originale Johnson Nitril Flexible Impeller eignet sich f\u00fcr Anwendungen, in denen Diesel oder leichte \u00d6le vorhanden sind. Der flexible Pumpenimpeller von Johnson ist f\u00fcr den Einbau in einige Modelle der F7-Reihe von Johnson Pumps konzipiert, die den unten aufgef\u00fchrten Abmessungen entsprechen. Der Johnson Flexible Pumpenimpeller hat zw\u00f6lf Schaufeln und wird komplett mit Schmiergel und einer Bedienungsanleitung geliefert, um die Installation des Impellers in die flexible Impellerpumpe zu unterst\u00fctzen. Der Johnson 09-1028B-9 kann als Ersatz f\u00fcr die Jabsco 17937-0003 und 920-0003 flexiblen Impeller in Europa und den USA verwendet werden. F\u00fcr Anwendungen mit Wasserpumpen verwenden Sie den Johnson Neopren-Impeller 09-1028B. Es wird dringend empfohlen, einen Originalpumpenimpeller f\u00fcr Ihre flexible Impellerpumpe zu verwenden, da dies sicherstellt, dass die Qualit\u00e4t den Leistungs- und Abmessungsanforderungen f\u00fcr jeden Pumpentyp entspricht. Johnson Pumpenimpeller werden streng gem\u00e4\u00df den von den Motorherstellern festgelegten Pumpenspezifikationen hergestellt.<\/p>\n","protected":false},"excerpt":{"rendered":"<p>Johnson Nitrilpumpenlaufrad f\u00fcr Johnson F7 Pumpenmodelle (8 Blatt) &#8211; Der originale Johnson Nitril Flexible Impeller eignet sich f\u00fcr Anwendungen, in<\/p>\n","protected":false},"featured_media":5945017,"comment_status":"open","ping_status":"closed","template":"","meta":[],"product_brand":[3045],"product_cat":[1522],"product_tag":[],"class_list":{"0":"post-736526","1":"product","2":"type-product","3":"status-publish","4":"has-post-thumbnail","6":"product_brand-johnson-marine-de","7":"product_cat-motorkuehlpumpen","9":"first","10":"instock","11":"shipping-taxable","12":"purchasable","13":"product-type-simple"},"_links":{"self":[{"href":"https:\/\/stoic-curie.212-227-153-4.plesk.page\/de\/wp-json\/wp\/v2\/product\/736526","targetHints":{"allow":["GET"]}}],"collection":[{"href":"https:\/\/stoic-curie.212-227-153-4.plesk.page\/de\/wp-json\/wp\/v2\/product"}],"about":[{"href":"https:\/\/stoic-curie.212-227-153-4.plesk.page\/de\/wp-json\/wp\/v2\/types\/product"}],"replies":[{"embeddable":true,"href":"https:\/\/stoic-curie.212-227-153-4.plesk.page\/de\/wp-json\/wp\/v2\/comments?post=736526"}],"version-history":[{"count":0,"href":"https:\/\/stoic-curie.212-227-153-4.plesk.page\/de\/wp-json\/wp\/v2\/product\/736526\/revisions"}],"wp:featuredmedia":[{"embeddable":true,"href":"https:\/\/stoic-curie.212-227-153-4.plesk.page\/de\/wp-json\/wp\/v2\/media\/5945017"}],"wp:attachment":[{"href":"https:\/\/stoic-curie.212-227-153-4.plesk.page\/de\/wp-json\/wp\/v2\/media?parent=736526"}],"wp:term":[{"taxonomy":"product_brand","embeddable":true,"href":"https:\/\/stoic-curie.212-227-153-4.plesk.page\/de\/wp-json\/wp\/v2\/product_brand?post=736526"},{"taxonomy":"product_cat","embeddable":true,"href":"https:\/\/stoic-curie.212-227-153-4.plesk.page\/de\/wp-json\/wp\/v2\/product_cat?post=736526"},{"taxonomy":"product_tag","embeddable":true,"href":"https:\/\/stoic-curie.212-227-153-4.plesk.page\/de\/wp-json\/wp\/v2\/product_tag?post=736526"}],"curies":[{"name":"wp","href":"https:\/\/api.w.org\/{rel}","templated":true}]}}