{"id":736527,"date":"2025-03-03T16:32:31","date_gmt":"2025-03-03T15:32:31","guid":{"rendered":"https:\/\/stoic-curie.212-227-153-4.plesk.page\/producto\/jabsco-17018-1101-neopren-impeller\/"},"modified":"2026-02-24T23:35:07","modified_gmt":"2026-02-24T23:35:07","slug":"jabsco-17018-1101-neopren-impeller","status":"publish","type":"product","link":"https:\/\/stoic-curie.212-227-153-4.plesk.page\/de\/product\/jabsco-17018-1101-neopren-impeller\/","title":{"rendered":"Jabsco 17018-1101 Neopren-Impeller"},"content":{"rendered":"<p>Jabsco 17018-1101 Neopren-Impeller &#8211; <\/p>\n<div class=\"col-24 col-md-15\">\n<p>Das Jabsco 17018-1101 Neopren-Rad ersetzt die folgenden:<\/p>\n<p>Volvo-R\u00e4der: VP3817587 &#038; 3583602<\/p>\n<p>Caterpillar-Rad: 3N5895<\/p>\n<p>Dieses Jabsco-Rad passt zu den folgenden Pumpen:<\/p>\n<p>17350-0011, 21810, 21890, 23340-1001, 23340-1101, 29700-1101, 29700-1201, 29700-1301, 29700-1331, 29700-1401, 50350-1001, 50390-1201, 50430-0301.<\/p>\n<p>Das flexible Neopren-Rad Jabsco 17018-1101 hat 8 Radbl\u00e4tter und einen genuteten Antrieb.<\/p>\n<p>Die flexiblen Neopren-R\u00e4der von Jabsco werden zum Pumpen von S\u00fc\u00df- oder Salzwasser verwendet. Neoprenr\u00e4der sind das am h\u00e4ufigsten verwendete Material und eignen sich f\u00fcr Anwendungen, in denen nur geringe Mengen an \u00d6l oder Dieselkraftstoff vorhanden sind.<\/p>\n<p>Jabsco-flexible R\u00e4der unterliegen strengen Qualit\u00e4tsprozessen, um zuverl\u00e4ssige, effiziente und langlebige Leistung zu gew\u00e4hrleisten.<\/p>\n<p>Sie sollten Ihre flexiblen Pumpenr\u00e4der mindestens einmal j\u00e4hrlich oder je nach Nutzung h\u00e4ufiger ersetzen. Bei korrekter Installation kann ein Rad mehrere Jahre halten, aber es ist immer ratsam, einen Pr\u00e4ventiv- statt einen Korrektiveinsatzt zu planen.<\/p>\n<p>Dieses 17018-1101-Rad ist identisch mit 17018-0001.<\/p>\n<p>Dieses Rad hat ein M-Profil.<\/p>\n<\/div>\n<h3>Spezifikationen<\/h3>\n<table class=\"table\">\n<tbody>\n<tr>\n<td><strong>Breite<\/strong><\/td>\n<td>76,2 mm (3&#8243;)<\/td>\n<\/tr>\n<tr>\n<td><strong>Marke<\/strong><\/td>\n<td>Jabsco<\/td>\n<\/tr>\n<tr>\n<td><strong>Durchmesser der Radachse<\/strong><\/td>\n<td>16 mm<\/td>\n<\/tr>\n<tr>\n<td><strong>Anzahl der Radbl\u00e4tter<\/strong><\/td>\n<td>8<\/td>\n<\/tr>\n<tr>\n<td><strong>Profil<\/strong><\/td>\n<td>M<\/td>\n<\/tr>\n<tr>\n<td><strong>Bauweise<\/strong><\/td>\n<td>Neopren-Rad mit Messingeinsatz<\/td>\n<\/tr>\n<tr>\n<td><strong>Inhalt<\/strong><\/td>\n<td>Rad<\/td>\n<\/tr>\n<tr>\n<td><strong>Durchmesser<\/strong><\/td>\n<td>OD: 65 mm (2-9\/16&#8243;), Achse: 16 mm (5\/8&#8243;)<\/td>\n<\/tr>\n<tr>\n<td><strong>Antriebstyp<\/strong><\/td>\n<td>Spline-Antrieb<\/td>\n<\/tr>\n<tr>\n<td><strong>Modell<\/strong><\/td>\n<td>17018-1101<\/td>\n<\/tr>\n<tr>\n<td><strong>Ersetzt<\/strong><\/td>\n<td>Volvo: VP3817587 &#038; 3583602, Caterpillar: 3N5895, Jabsco JAB-17018-0001<\/td>\n<\/tr>\n<tr>\n<td><strong>Eignung<\/strong><\/td>\n<td>Siehe Beschreibung<\/td>\n<\/tr>\n<tr>\n<td><strong>Tiefe<\/strong><\/td>\n<td>76,2 mm<\/td>\n<\/tr>\n<\/tbody>\n<\/table>\n","protected":false},"excerpt":{"rendered":"<p>Jabsco 17018-1101 Neopren-Impeller &#8211; Das Jabsco 17018-1101 Neopren-Rad ersetzt die folgenden: Volvo-R\u00e4der: VP3817587 &#038; 3583602 Caterpillar-Rad: 3N5895 Dieses Jabsco-Rad passt<\/p>\n","protected":false},"featured_media":5945018,"comment_status":"open","ping_status":"closed","template":"","meta":[],"product_brand":[3030],"product_cat":[1522],"product_tag":[],"class_list":{"0":"post-736527","1":"product","2":"type-product","3":"status-publish","4":"has-post-thumbnail","6":"product_brand-jabsco-marine-de","7":"product_cat-motorkuehlpumpen","9":"first","10":"instock","11":"shipping-taxable","12":"purchasable","13":"product-type-simple"},"_links":{"self":[{"href":"https:\/\/stoic-curie.212-227-153-4.plesk.page\/de\/wp-json\/wp\/v2\/product\/736527","targetHints":{"allow":["GET"]}}],"collection":[{"href":"https:\/\/stoic-curie.212-227-153-4.plesk.page\/de\/wp-json\/wp\/v2\/product"}],"about":[{"href":"https:\/\/stoic-curie.212-227-153-4.plesk.page\/de\/wp-json\/wp\/v2\/types\/product"}],"replies":[{"embeddable":true,"href":"https:\/\/stoic-curie.212-227-153-4.plesk.page\/de\/wp-json\/wp\/v2\/comments?post=736527"}],"version-history":[{"count":0,"href":"https:\/\/stoic-curie.212-227-153-4.plesk.page\/de\/wp-json\/wp\/v2\/product\/736527\/revisions"}],"wp:featuredmedia":[{"embeddable":true,"href":"https:\/\/stoic-curie.212-227-153-4.plesk.page\/de\/wp-json\/wp\/v2\/media\/5945018"}],"wp:attachment":[{"href":"https:\/\/stoic-curie.212-227-153-4.plesk.page\/de\/wp-json\/wp\/v2\/media?parent=736527"}],"wp:term":[{"taxonomy":"product_brand","embeddable":true,"href":"https:\/\/stoic-curie.212-227-153-4.plesk.page\/de\/wp-json\/wp\/v2\/product_brand?post=736527"},{"taxonomy":"product_cat","embeddable":true,"href":"https:\/\/stoic-curie.212-227-153-4.plesk.page\/de\/wp-json\/wp\/v2\/product_cat?post=736527"},{"taxonomy":"product_tag","embeddable":true,"href":"https:\/\/stoic-curie.212-227-153-4.plesk.page\/de\/wp-json\/wp\/v2\/product_tag?post=736527"}],"curies":[{"name":"wp","href":"https:\/\/api.w.org\/{rel}","templated":true}]}}