{"id":736530,"date":"2025-03-03T16:32:33","date_gmt":"2025-03-03T15:32:33","guid":{"rendered":"https:\/\/stoic-curie.212-227-153-4.plesk.page\/producto\/jabsco-servicekit-fuer-elektrische-umruestsaetze\/"},"modified":"2026-02-24T23:35:07","modified_gmt":"2026-02-24T23:35:07","slug":"jabsco-servicekit-fuer-elektrische-umruestsaetze","status":"publish","type":"product","link":"https:\/\/stoic-curie.212-227-153-4.plesk.page\/de\/product\/jabsco-servicekit-fuer-elektrische-umruestsaetze\/","title":{"rendered":"Jabsco Servicekit f\u00fcr elektrische Umr\u00fcsts\u00e4tze"},"content":{"rendered":"<p>Jabsco Servicekit f\u00fcr elektrische Umr\u00fcsts\u00e4tze &#8211; Dies ist das Jabsco 29101-0000 Servicekit f\u00fcr Jabsco elektrische Umbaus\u00e4tze. Es ist geeignet f\u00fcr Jabsco manuelle Toiletten, die auf elektrisch betriebene Pumpen umger\u00fcstet wurden. Das elektrische Umbauservicekit enth\u00e4lt: Kleinschleifer, Dichtungen, Impeller, Dichtungen (Papier), Federring, Montageschraube, O-Ring, Schraube (Steuerknopf), Schraube (Sp\u00fclpumpenabdeckung), Sp\u00fclpumpendichtung (Kork) 29075-1000, Schraube (Sp\u00fclpumpe), Schalterbaugruppe 29103-1000, Entl\u00fcftungsschlauch 29019-1010. <\/p>\n<p>Spezifikationen:<br \/>\n&#8211; Marke: Jabsco<br \/>\n&#8211; Modell: 29101-0000<br \/>\n&#8211; Eignung: 29200-Serie elektrische Umr\u00fcstung<\/p>\n","protected":false},"excerpt":{"rendered":"<p>Jabsco Servicekit f\u00fcr elektrische Umr\u00fcsts\u00e4tze &#8211; Dies ist das Jabsco 29101-0000 Servicekit f\u00fcr Jabsco elektrische Umbaus\u00e4tze. Es ist geeignet f\u00fcr<\/p>\n","protected":false},"featured_media":5945028,"comment_status":"open","ping_status":"closed","template":"","meta":[],"product_brand":[3030],"product_cat":[1388],"product_tag":[],"class_list":{"0":"post-736530","1":"product","2":"type-product","3":"status-publish","4":"has-post-thumbnail","6":"product_brand-jabsco-marine-de","7":"product_cat-marine-wcs","9":"first","10":"instock","11":"shipping-taxable","12":"purchasable","13":"product-type-simple"},"_links":{"self":[{"href":"https:\/\/stoic-curie.212-227-153-4.plesk.page\/de\/wp-json\/wp\/v2\/product\/736530","targetHints":{"allow":["GET"]}}],"collection":[{"href":"https:\/\/stoic-curie.212-227-153-4.plesk.page\/de\/wp-json\/wp\/v2\/product"}],"about":[{"href":"https:\/\/stoic-curie.212-227-153-4.plesk.page\/de\/wp-json\/wp\/v2\/types\/product"}],"replies":[{"embeddable":true,"href":"https:\/\/stoic-curie.212-227-153-4.plesk.page\/de\/wp-json\/wp\/v2\/comments?post=736530"}],"version-history":[{"count":0,"href":"https:\/\/stoic-curie.212-227-153-4.plesk.page\/de\/wp-json\/wp\/v2\/product\/736530\/revisions"}],"wp:featuredmedia":[{"embeddable":true,"href":"https:\/\/stoic-curie.212-227-153-4.plesk.page\/de\/wp-json\/wp\/v2\/media\/5945028"}],"wp:attachment":[{"href":"https:\/\/stoic-curie.212-227-153-4.plesk.page\/de\/wp-json\/wp\/v2\/media?parent=736530"}],"wp:term":[{"taxonomy":"product_brand","embeddable":true,"href":"https:\/\/stoic-curie.212-227-153-4.plesk.page\/de\/wp-json\/wp\/v2\/product_brand?post=736530"},{"taxonomy":"product_cat","embeddable":true,"href":"https:\/\/stoic-curie.212-227-153-4.plesk.page\/de\/wp-json\/wp\/v2\/product_cat?post=736530"},{"taxonomy":"product_tag","embeddable":true,"href":"https:\/\/stoic-curie.212-227-153-4.plesk.page\/de\/wp-json\/wp\/v2\/product_tag?post=736530"}],"curies":[{"name":"wp","href":"https:\/\/api.w.org\/{rel}","templated":true}]}}