{"id":736540,"date":"2025-03-03T16:32:35","date_gmt":"2025-03-03T15:32:35","guid":{"rendered":"https:\/\/stoic-curie.212-227-153-4.plesk.page\/producto\/verzinkte-kette-kalibriert-g70-8-mm-x-50-m\/"},"modified":"2026-02-24T23:35:07","modified_gmt":"2026-02-24T23:35:07","slug":"verzinkte-kette-kalibriert-g70-8-mm-x-50-m","status":"publish","type":"product","link":"https:\/\/stoic-curie.212-227-153-4.plesk.page\/de\/product\/verzinkte-kette-kalibriert-g70-8-mm-x-50-m\/","title":{"rendered":"Verzinkte Kette kalibriert G70 8 mm x 50 m"},"content":{"rendered":"<p>Verzinkte Kette kalibriert G70 8 mm x 50 m &#8211; <\/p>\n<p style=\"color: rgb(34, 34, 34); font-family: Arial, Helvetica, sans-serif; font-size: small;\">Wir freuen uns, Ihnen unsere G70 verzinkte kalibrierte Kette vorzustellen, ein Produkt, das sorgf\u00e4ltig entwickelt wurde, um den strengen Anforderungen maritimer Anwendungen gerecht zu werden. Diese Kette hat einen robusten Durchmesser von 8 mm und eine beeindruckende L\u00e4nge von 50 Metern, was sie zu einer au\u00dfergew\u00f6hnlichen Wahl f\u00fcr den Einsatz mit Winden macht. Ihr Design legt gro\u00dfen Wert auf au\u00dfergew\u00f6hnliche St\u00e4rke, Langlebigkeit und Zuverl\u00e4ssigkeit, sodass sie eine sichere Ankerl\u00f6sung bietet, die sich unter verschiedenen herausfordernden maritimen Bedingungen hervorragend bew\u00e4hrt.<\/p>\n<p style=\"color: rgb(34, 34, 34); font-family: Arial, Helvetica, sans-serif; font-size: small;\">Hergestellt aus hochwertigem feuerverzinktem Stahl, bietet diese Kette eine bemerkenswerte Korrosionsbest\u00e4ndigkeit, die ihre Lebensdauer selbst in den h\u00e4rtesten maritimen Umgebungen erheblich verl\u00e4ngert. Der Verzinkungsprozess verbessert nicht nur die allgemeine Haltbarkeit der Kette, sondern dient auch als Schutzbarriere gegen Rost und Verfall, die durch l\u00e4ngere Exposition gegen\u00fcber Salzwasser verursacht werden k\u00f6nnen. Das bedeutet, dass Sie sich auf unsere Kette verlassen k\u00f6nnen, dass sie ihre Integrit\u00e4t und Leistung im Laufe der Zeit bewahrt, selbst wenn sie den Elementen ausgesetzt ist.<\/p>\n<p style=\"color: rgb(34, 34, 34); font-family: Arial, Helvetica, sans-serif; font-size: small;\">Das kalibrierte Design unserer G70-Kette gew\u00e4hrleistet, dass sie \u00fcber ihre gesamte L\u00e4nge eine konsistente Gr\u00f6\u00dfe und ein konstantes Gewicht beibeh\u00e4lt, was f\u00fcr einen reibungslosen und effizienten Betrieb mit Winden entscheidend ist. Diese Einheitlichkeit minimiert das Risiko von Verwicklungen w\u00e4hrend der R\u00fcckholung, wodurch die Gesamteffizienz Ihres Ankerprozesses verbessert wird. Wenn Sie auf dem Wasser sind, wollen Sie sich nicht mit Komplikationen herumschlagen, die aus einer inkonsistenten Kette entstehen k\u00f6nnen, und unser Produkt ist darauf ausgelegt, diese Bedenken zu beseitigen.<\/p>\n<p style=\"color: rgb(34, 34, 34); font-family: Arial, Helvetica, sans-serif; font-size: small;\">Dar\u00fcber hinaus ist diese verzinkte kalibrierte Kette unglaublich vielseitig, was sie f\u00fcr eine Vielzahl maritimer Anwendungen geeignet macht, insbesondere f\u00fcr Aufgaben im Zusammenhang mit Ankern und Festmachen. Ihre robuste Konstruktion garantiert zuverl\u00e4ssige Leistung, weshalb sie eine vertrauensw\u00fcrdige Wahl unter Bootsbesitzern und maritimen Fachleuten geworden ist. Ob Sie in ruhigen Gew\u00e4ssern ankern oder rauen Wellen gegen\u00fcberstehen, Sie k\u00f6nnen sich auf unsere Kette verlassen, um die Leistung zu bieten, die Sie ben\u00f6tigen.<\/p>\n<p style=\"color: rgb(34, 34, 34); font-family: Arial, Helvetica, sans-serif; font-size: small;\">Ein wichtiges Merkmal unserer G70 verzinkten kalibrierten Kette ist ihre beeindruckende Bruchlast, die das Vierfache ihrer Nutzlast betr\u00e4gt. Dieses Merkmal f\u00fcgt eine zus\u00e4tzliche Sicherheitsebene hinzu und gibt Ihnen Frieden, wenn Sie auf dem Wasser sind. Zu wissen, dass die Kette deutlich mehr als ihre vorgesehene Last bew\u00e4ltigen kann, steigert nicht nur Ihr Vertrauen in ihre Leistung, sondern gew\u00e4hrleistet auch, dass sie Ihre kritischsten Ankerbed\u00fcrfnisse problemlos erf\u00fcllt.<\/p>\n<p style=\"color: rgb(34, 34, 34); font-family: Arial, Helvetica, sans-serif; font-size: small;\">Zusammenfassend l\u00e4sst sich sagen, dass unsere G70 verzinkte kalibrierte Kette als erstklassige L\u00f6sung f\u00fcr all Ihre maritimen Ankerbed\u00fcrfnisse herausragt. Mit ihrer Kombination aus St\u00e4rke, Langlebigkeit und Zuverl\u00e4ssigkeit ist sie darauf ausgelegt, in verschiedensten maritimen Bedingungen au\u00dfergew\u00f6hnlich gut zu funktionieren, weshalb sie ein unverzichtbares Werkzeug f\u00fcr jeden ist, der Zeit auf dem Wasser verbringt. Vertrauen Sie unserer Kette, um die Sicherheit und Leistung zu bieten, die Sie f\u00fcr Ihre maritimen Abenteuer ben\u00f6tigen.<\/p>\n","protected":false},"excerpt":{"rendered":"<p>Verzinkte Kette kalibriert G70 8 mm x 50 m &#8211; Wir freuen uns, Ihnen unsere G70 verzinkte kalibrierte Kette vorzustellen,<\/p>\n","protected":false},"featured_media":5943787,"comment_status":"open","ping_status":"closed","template":"","meta":[],"product_brand":[3085],"product_cat":[1332,1398],"product_tag":[],"class_list":{"0":"post-736540","1":"product","2":"type-product","3":"status-publish","4":"has-post-thumbnail","6":"product_brand-maggigroup-de","7":"product_cat-kalibrierte-kette-verzinkt","8":"product_cat-verzinkte-kette","10":"first","11":"instock","12":"shipping-taxable","13":"purchasable","14":"product-type-simple"},"_links":{"self":[{"href":"https:\/\/stoic-curie.212-227-153-4.plesk.page\/de\/wp-json\/wp\/v2\/product\/736540","targetHints":{"allow":["GET"]}}],"collection":[{"href":"https:\/\/stoic-curie.212-227-153-4.plesk.page\/de\/wp-json\/wp\/v2\/product"}],"about":[{"href":"https:\/\/stoic-curie.212-227-153-4.plesk.page\/de\/wp-json\/wp\/v2\/types\/product"}],"replies":[{"embeddable":true,"href":"https:\/\/stoic-curie.212-227-153-4.plesk.page\/de\/wp-json\/wp\/v2\/comments?post=736540"}],"version-history":[{"count":0,"href":"https:\/\/stoic-curie.212-227-153-4.plesk.page\/de\/wp-json\/wp\/v2\/product\/736540\/revisions"}],"wp:featuredmedia":[{"embeddable":true,"href":"https:\/\/stoic-curie.212-227-153-4.plesk.page\/de\/wp-json\/wp\/v2\/media\/5943787"}],"wp:attachment":[{"href":"https:\/\/stoic-curie.212-227-153-4.plesk.page\/de\/wp-json\/wp\/v2\/media?parent=736540"}],"wp:term":[{"taxonomy":"product_brand","embeddable":true,"href":"https:\/\/stoic-curie.212-227-153-4.plesk.page\/de\/wp-json\/wp\/v2\/product_brand?post=736540"},{"taxonomy":"product_cat","embeddable":true,"href":"https:\/\/stoic-curie.212-227-153-4.plesk.page\/de\/wp-json\/wp\/v2\/product_cat?post=736540"},{"taxonomy":"product_tag","embeddable":true,"href":"https:\/\/stoic-curie.212-227-153-4.plesk.page\/de\/wp-json\/wp\/v2\/product_tag?post=736540"}],"curies":[{"name":"wp","href":"https:\/\/api.w.org\/{rel}","templated":true}]}}