{"id":736552,"date":"2025-03-03T16:32:38","date_gmt":"2025-03-03T15:32:38","guid":{"rendered":"https:\/\/stoic-curie.212-227-153-4.plesk.page\/producto\/edelstahl-kalibrierte-kette-8-mm-x-50-m-din-766\/"},"modified":"2026-02-24T23:35:07","modified_gmt":"2026-02-24T23:35:07","slug":"edelstahl-kalibrierte-kette-8-mm-x-50-m-din-766","status":"publish","type":"product","link":"https:\/\/stoic-curie.212-227-153-4.plesk.page\/de\/product\/edelstahl-kalibrierte-kette-8-mm-x-50-m-din-766\/","title":{"rendered":"Edelstahl kalibrierte Kette 8 mm x 50 m DIN 766"},"content":{"rendered":"<p>Edelstahl kalibrierte Kette 8 mm x 50 m DIN 766 &#8211; <\/p>\n<p style=\"color: rgb(34, 34, 34); font-family: Arial, Helvetica, sans-serif; font-size: small;\">DIN766 316L Edelstahl Kalibrierte Kette f\u00fcr Windlass<\/p>\n<p style=\"color: rgb(34, 34, 34); font-family: Arial, Helvetica, sans-serif; font-size: small;\">Diese DIN 766 kalibrierte Kette, hergestellt aus A4-AISI 316 Edelstahl, ist f\u00fcr bemerkenswerte Haltbarkeit und St\u00e4rke ausgelegt, insbesondere f\u00fcr Windlass-Anwendungen. Sie ist hervorragend bei Ankeroperationen und \u00e4u\u00dferst effektiv zum Sichern von Bojen, Ankern und verschiedenen Ger\u00e4ten in maritimen Umgebungen. Im Gegensatz zu herk\u00f6mmlichen Eisen- und Stahlketten bieten A4-Edelstahlketten au\u00dfergew\u00f6hnlichen Widerstand gegen Korrosion, Salzwasser und S\u00e4uren, was eine verl\u00e4ngerte Lebensdauer selbst in anspruchsvollen maritimen Umgebungen gew\u00e4hrleistet. Mit ihrer bemerkenswerten Stabilit\u00e4t und einer hohen Bruchlast \u2013 das Vierfache der Arbeitslast \u2013 ist diese vielseitige Kette f\u00fcr eine Vielzahl von Innen- und Au\u00dfeneins\u00e4tzen geeignet. Sie ist in verschiedenen Durchmessern erh\u00e4ltlich und somit eine hervorragende Option f\u00fcr diverse nautische Anforderungen und dar\u00fcber hinaus.<\/p>\n<p style=\"color: rgb(34, 34, 34); font-family: Arial, Helvetica, sans-serif; font-size: small;\"><strong>G4 Edelstahl Ankerkette: Wesentliche Fakten, Merkmale und Vorteile<\/strong><\/p>\n<ul style=\"color: rgb(34, 34, 34); font-family: Arial, Helvetica, sans-serif; font-size: small;\">\n<li>Produziert gem\u00e4\u00df G4-Spezifikationen<\/li>\n<li>Kalibriert nach DIN 766 Standards<\/li>\n<li>Geschliffene Oberfl\u00e4che f\u00fcr verbesserte visuelle Attraktivit\u00e4t<\/li>\n<li>L\u00f6sungsgegl\u00fcht zur Verbesserung des Korrosionswiderstands<\/li>\n<li>Perfekt f\u00fcr Umgebungen mit hohem Korrosionsrisiko, wie Salzwasser<\/li>\n<li>Pr\u00fcflast getestet nach Abschluss des Produktionsprozesses<\/li>\n<li>Chargentests und zertifiziert zur Sicherstellung der Qualit\u00e4tsgarantie<\/li>\n<\/ul>\n","protected":false},"excerpt":{"rendered":"<p>Edelstahl kalibrierte Kette 8 mm x 50 m DIN 766 &#8211; DIN766 316L Edelstahl Kalibrierte Kette f\u00fcr Windlass Diese DIN<\/p>\n","protected":false},"featured_media":5943932,"comment_status":"open","ping_status":"closed","template":"","meta":[],"product_brand":[3085],"product_cat":[1405,1333],"product_tag":[],"class_list":{"0":"post-736552","1":"product","2":"type-product","3":"status-publish","4":"has-post-thumbnail","6":"product_brand-maggigroup-de","7":"product_cat-edelstahlkette","8":"product_cat-kalibrierte-edelstahlkette","10":"first","11":"instock","12":"shipping-taxable","13":"purchasable","14":"product-type-simple"},"_links":{"self":[{"href":"https:\/\/stoic-curie.212-227-153-4.plesk.page\/de\/wp-json\/wp\/v2\/product\/736552","targetHints":{"allow":["GET"]}}],"collection":[{"href":"https:\/\/stoic-curie.212-227-153-4.plesk.page\/de\/wp-json\/wp\/v2\/product"}],"about":[{"href":"https:\/\/stoic-curie.212-227-153-4.plesk.page\/de\/wp-json\/wp\/v2\/types\/product"}],"replies":[{"embeddable":true,"href":"https:\/\/stoic-curie.212-227-153-4.plesk.page\/de\/wp-json\/wp\/v2\/comments?post=736552"}],"version-history":[{"count":0,"href":"https:\/\/stoic-curie.212-227-153-4.plesk.page\/de\/wp-json\/wp\/v2\/product\/736552\/revisions"}],"wp:featuredmedia":[{"embeddable":true,"href":"https:\/\/stoic-curie.212-227-153-4.plesk.page\/de\/wp-json\/wp\/v2\/media\/5943932"}],"wp:attachment":[{"href":"https:\/\/stoic-curie.212-227-153-4.plesk.page\/de\/wp-json\/wp\/v2\/media?parent=736552"}],"wp:term":[{"taxonomy":"product_brand","embeddable":true,"href":"https:\/\/stoic-curie.212-227-153-4.plesk.page\/de\/wp-json\/wp\/v2\/product_brand?post=736552"},{"taxonomy":"product_cat","embeddable":true,"href":"https:\/\/stoic-curie.212-227-153-4.plesk.page\/de\/wp-json\/wp\/v2\/product_cat?post=736552"},{"taxonomy":"product_tag","embeddable":true,"href":"https:\/\/stoic-curie.212-227-153-4.plesk.page\/de\/wp-json\/wp\/v2\/product_tag?post=736552"}],"curies":[{"name":"wp","href":"https:\/\/api.w.org\/{rel}","templated":true}]}}