{"id":736555,"date":"2025-03-03T16:32:39","date_gmt":"2025-03-03T15:32:39","guid":{"rendered":"https:\/\/stoic-curie.212-227-153-4.plesk.page\/producto\/edelstahl-kalibrierte-kette-10-mm-x-50-m-din-766\/"},"modified":"2026-02-24T23:35:07","modified_gmt":"2026-02-24T23:35:07","slug":"edelstahl-kalibrierte-kette-10-mm-x-50-m-din-766","status":"publish","type":"product","link":"https:\/\/stoic-curie.212-227-153-4.plesk.page\/de\/product\/edelstahl-kalibrierte-kette-10-mm-x-50-m-din-766\/","title":{"rendered":"Edelstahl kalibrierte Kette 10 mm x 50 m DIN 766"},"content":{"rendered":"<p>Edelstahl kalibrierte Kette 10 mm x 50 m DIN 766 &#8211; <\/p>\n<p style=\"color: rgb(34, 34, 34); font-family: Arial, Helvetica, sans-serif; font-size: small;\">Wir stellen Ihnen die DIN766 316L Edelstahl Kalibrierte Kette vor, die speziell f\u00fcr Ankerwinden entwickelt wurde. Diese Kette wird unter kontrollierten Bedingungen nach den G40-Grad-Standards hergestellt und bietet eine hohe Bruchlast. Es ist wichtig zu beachten, dass die Bruchlast dieser Kette viermal so hoch ist wie ihre Arbeitslast. Hergestellt aus A4-AISI 316 Edelstahl, bietet diese Kette \u00fcberlegene Haltbarkeit und St\u00e4rke, was sie ideal f\u00fcr marine Anwendungen macht.<\/p>\n<p style=\"color: rgb(34, 34, 34); font-family: Arial, Helvetica, sans-serif; font-size: small;\">Ob beim Man\u00f6vrieren von Ankern oder beim Sichern von Bojen, diese Kette \u00fcberzeugt in verschiedenen marinen Umgebungen. Im Gegensatz zu herk\u00f6mmlichen Eisen- und Stahlketten ist die Variante aus A4-Edelstahl hochgradig korrosionsbest\u00e4ndig gegen\u00fcber Salzwasser und S\u00e4uren und garantiert eine verl\u00e4ngerte Lebensdauer, selbst unter extremen Bedingungen. Ihre au\u00dfergew\u00f6hnliche Stabilit\u00e4t und hohe Bruchlast machen sie zu einer vielseitigen Wahl f\u00fcr Innen- und Au\u00dfenanwendungen. Die Kette ist in verschiedenen Durchmessern erh\u00e4ltlich und wird pro Meter berechnet, was sie zu einer ausgezeichneten Option f\u00fcr Ihre nautischen Anforderungen und dar\u00fcber hinaus macht.<\/p>\n<p style=\"color: rgb(34, 34, 34); font-family: Arial, Helvetica, sans-serif; font-size: small;\">Wichtige Spezifikationen:<\/p>\n<ul style=\"color: rgb(34, 34, 34); font-family: Arial, Helvetica, sans-serif; font-size: small;\">\n<li>G4 = Grad 4<\/li>\n<li>AISI 316L\/1.4404 Edelstahl<\/li>\n<li>Zur Verbesserung der Korrosionsbest\u00e4ndigkeit l\u00f6sungsgegl\u00fcht<\/li>\n<li>Glatpolierte Oberfl\u00e4che<\/li>\n<li>Minimale Bruchlast (MBL) = 6400 kg<\/li>\n<li>Hergestellt nach DIN766 Standards<\/li>\n<\/ul>\n<p style=\"color: rgb(34, 34, 34); font-family: Arial, Helvetica, sans-serif; font-size: small;\">Die AISI 316L\/1.4404 Kalibrierte Edelstahl Ankerkette durchl\u00e4uft w\u00e4hrend ihrer Produktion auf automatischen Kettenfertigungsmaschinen Kalibrierung, Zugpr\u00fcfungen und Pr\u00fcfmarken entsprechend den Standards der Klasse 4. Der L\u00f6sungsgl\u00fchprozess verbessert weiter ihre Korrosionsbest\u00e4ndigkeit und wird durch eine tumbler-polierte Oberfl\u00e4che erg\u00e4nzt.<\/p>\n<p style=\"color: rgb(34, 34, 34); font-family: Arial, Helvetica, sans-serif; font-size: small;\">Hauptmerkmale und Vorteile der G4 Edelstahl Ankerkette:<\/p>\n<ul style=\"color: rgb(34, 34, 34); font-family: Arial, Helvetica, sans-serif; font-size: small;\">\n<li>Hergestellt nach G4 Standards<\/li>\n<li>Kalibriert gem\u00e4\u00df DIN766 Spezifikationen<\/li>\n<li>Tumbler-polierte Oberfl\u00e4che f\u00fcr verbesserte \u00c4sthetik und Leistung<\/li>\n<li>10mm MBL: 6400 kg<\/li>\n<li>Verbesserte Korrosionsbest\u00e4ndigkeit durch L\u00f6sungsgl\u00fchen<\/li>\n<li>Ideal f\u00fcr extreme Korrosionsumgebungen, wie Salzwasser<\/li>\n<li>Zugpr\u00fcfungen am Ende des Produktionsprozesses<\/li>\n<li>Chargen getestet und zertifiziert f\u00fcr Qualit\u00e4tssicherung<\/li>\n<\/ul>\n<p style=\"color: rgb(34, 34, 34); font-family: Arial, Helvetica, sans-serif; font-size: small;\">Diese Kette ist eine ausgezeichnete Investition f\u00fcr Bootsbesitzer, die zuverl\u00e4ssige und hochwertige Ausr\u00fcstung f\u00fcr ihre marinen Bed\u00fcrfnisse suchen.<\/p>\n","protected":false},"excerpt":{"rendered":"<p>Edelstahl kalibrierte Kette 10 mm x 50 m DIN 766 &#8211; Wir stellen Ihnen die DIN766 316L Edelstahl Kalibrierte Kette<\/p>\n","protected":false},"featured_media":5943932,"comment_status":"open","ping_status":"closed","template":"","meta":[],"product_brand":[3085],"product_cat":[1333],"product_tag":[],"class_list":{"0":"post-736555","1":"product","2":"type-product","3":"status-publish","4":"has-post-thumbnail","6":"product_brand-maggigroup-de","7":"product_cat-kalibrierte-edelstahlkette","9":"first","10":"instock","11":"shipping-taxable","12":"purchasable","13":"product-type-simple"},"_links":{"self":[{"href":"https:\/\/stoic-curie.212-227-153-4.plesk.page\/de\/wp-json\/wp\/v2\/product\/736555","targetHints":{"allow":["GET"]}}],"collection":[{"href":"https:\/\/stoic-curie.212-227-153-4.plesk.page\/de\/wp-json\/wp\/v2\/product"}],"about":[{"href":"https:\/\/stoic-curie.212-227-153-4.plesk.page\/de\/wp-json\/wp\/v2\/types\/product"}],"replies":[{"embeddable":true,"href":"https:\/\/stoic-curie.212-227-153-4.plesk.page\/de\/wp-json\/wp\/v2\/comments?post=736555"}],"version-history":[{"count":0,"href":"https:\/\/stoic-curie.212-227-153-4.plesk.page\/de\/wp-json\/wp\/v2\/product\/736555\/revisions"}],"wp:featuredmedia":[{"embeddable":true,"href":"https:\/\/stoic-curie.212-227-153-4.plesk.page\/de\/wp-json\/wp\/v2\/media\/5943932"}],"wp:attachment":[{"href":"https:\/\/stoic-curie.212-227-153-4.plesk.page\/de\/wp-json\/wp\/v2\/media?parent=736555"}],"wp:term":[{"taxonomy":"product_brand","embeddable":true,"href":"https:\/\/stoic-curie.212-227-153-4.plesk.page\/de\/wp-json\/wp\/v2\/product_brand?post=736555"},{"taxonomy":"product_cat","embeddable":true,"href":"https:\/\/stoic-curie.212-227-153-4.plesk.page\/de\/wp-json\/wp\/v2\/product_cat?post=736555"},{"taxonomy":"product_tag","embeddable":true,"href":"https:\/\/stoic-curie.212-227-153-4.plesk.page\/de\/wp-json\/wp\/v2\/product_tag?post=736555"}],"curies":[{"name":"wp","href":"https:\/\/api.w.org\/{rel}","templated":true}]}}