{"id":736559,"date":"2025-03-03T16:32:40","date_gmt":"2025-03-03T15:32:40","guid":{"rendered":"https:\/\/stoic-curie.212-227-153-4.plesk.page\/producto\/langglied-verzinkte-stahlkette-30-105-mm-x-50-m\/"},"modified":"2026-02-24T23:35:07","modified_gmt":"2026-02-24T23:35:07","slug":"langglied-verzinkte-stahlkette-30-105-mm-x-50-m","status":"publish","type":"product","link":"https:\/\/stoic-curie.212-227-153-4.plesk.page\/de\/product\/langglied-verzinkte-stahlkette-30-105-mm-x-50-m\/","title":{"rendered":"Verzinkte Stahlkette 30mm x 50 mt"},"content":{"rendered":"<p>Verzinkte Stahlkette 30mm x 50 mt &#8211; <\/p>\n<p>Europ\u00e4isch verifiziert hochwertige lange Verbindungskette aus feuerverzinktem Stahl.\u00a0<strong style=\"color: rgb(34, 34, 34); font-family: Arial, Helvetica, sans-serif; font-size: small;\">30 mm feuerverzinkte Kette\u00a0<\/strong><span style=\"color: rgb(34, 34, 34); font-family: Arial, Helvetica, sans-serif; font-size: small;\">Unsere feuerverzinkte Kette wird sorgf\u00e4ltig aus traditionellem Stahl hergestellt, der einem gr\u00fcndlichen Verzinkungsprozess unterzogen wird, der eine Schicht aus Zink beinhaltet. Diese Schutzschicht wurde speziell entwickelt, um Rost und Korrosion zu verhindern, wodurch die Integrit\u00e4t und Leistung der Kette \u00fcber die Zeit hinweg aufrechterhalten wird. Die au\u00dfergew\u00f6hnliche St\u00e4rke dieser Kette, kombiniert mit ihrer verbesserten Korrosionsbest\u00e4ndigkeit, macht sie zur idealen Wahl f\u00fcr eine Vielzahl von marinen und industriellen Anwendungen. Ob Sie eine zuverl\u00e4ssige L\u00f6sung f\u00fcr marine Umgebungen ben\u00f6tigen, wie das Sichern von Booten oder als Teil Ihres Ankersystems, oder f\u00fcr robuste industrielle Aufgaben, diese Kette ist daf\u00fcr ausgelegt, unter einer Vielzahl von herausfordernden Bedingungen konsistent und zuverl\u00e4ssig zu funktionieren.<\/span><\/p>\n<p style=\"color: rgb(34, 34, 34); font-family: Arial, Helvetica, sans-serif; font-size: small;\">Der Verzinkungsprozess garantiert eine robuste Zinkbeschichtung, die die Haltbarkeit und Langlebigkeit der Kette erheblich verbessert. Wir verstehen, dass unterschiedliche Projekte einzigartige Anforderungen haben, weshalb wir diese Kette in verschiedenen Gr\u00f6\u00dfen und L\u00e4ngen anbieten, um Ihren spezifischen Bed\u00fcrfnissen gerecht zu werden.<\/p>\n<p style=\"color: rgb(34, 34, 34); font-family: Arial, Helvetica, sans-serif; font-size: small;\"><strong>Hauptmerkmale:<\/strong><\/p>\n<ul style=\"color: rgb(34, 34, 34); font-family: Arial, Helvetica, sans-serif; font-size: small;\">\n<li>Hochwertige kalibrierte Kette, die in Europa hergestellt wird und strengen Qualit\u00e4tsstandards entspricht.<\/li>\n<li>Feuerverzinkt f\u00fcr \u00fcberlegenen Schutz gegen Witterungseinfl\u00fcsse, geeignet f\u00fcr S\u00fc\u00df- und Salzwasser.<\/li>\n<li>Ideal als Mooring- oder Ankerkette, um die St\u00e4rke und Zuverl\u00e4ssigkeit zu bieten, die Sie f\u00fcr sicheres Boot fahren ben\u00f6tigen.<\/li>\n<\/ul>\n<p style=\"color: rgb(34, 34, 34); font-family: Arial, Helvetica, sans-serif; font-size: small;\">Mit der Wahl unserer verzinkten Kette investieren Sie in zuverl\u00e4ssige Leistung und Sicherheit f\u00fcr all Ihre Boot- und Industriebed\u00fcrfnisse. Wir engagieren uns daf\u00fcr, Ihnen hochwertige Produkte anzubieten, die Ihren Erwartungen entsprechen und Ihr Erlebnis auf dem Wasser oder bei der Arbeit verbessern. Vertrauen Sie auf unser Fachwissen und unsere Qualit\u00e4tsorientierung f\u00fcr Ihr n\u00e4chstes Projekt.<\/p>\n","protected":false},"excerpt":{"rendered":"<p>Verzinkte Stahlkette 30mm x 50 mt &#8211; Europ\u00e4isch verifiziert hochwertige lange Verbindungskette aus feuerverzinktem Stahl.\u00a030 mm feuerverzinkte Kette\u00a0Unsere feuerverzinkte Kette<\/p>\n","protected":false},"featured_media":5945037,"comment_status":"open","ping_status":"closed","template":"","meta":[],"product_brand":[3085],"product_cat":[1398],"product_tag":[],"class_list":{"0":"post-736559","1":"product","2":"type-product","3":"status-publish","4":"has-post-thumbnail","6":"product_brand-maggigroup-de","7":"product_cat-verzinkte-kette","9":"first","10":"instock","11":"shipping-taxable","12":"purchasable","13":"product-type-simple"},"_links":{"self":[{"href":"https:\/\/stoic-curie.212-227-153-4.plesk.page\/de\/wp-json\/wp\/v2\/product\/736559","targetHints":{"allow":["GET"]}}],"collection":[{"href":"https:\/\/stoic-curie.212-227-153-4.plesk.page\/de\/wp-json\/wp\/v2\/product"}],"about":[{"href":"https:\/\/stoic-curie.212-227-153-4.plesk.page\/de\/wp-json\/wp\/v2\/types\/product"}],"replies":[{"embeddable":true,"href":"https:\/\/stoic-curie.212-227-153-4.plesk.page\/de\/wp-json\/wp\/v2\/comments?post=736559"}],"version-history":[{"count":0,"href":"https:\/\/stoic-curie.212-227-153-4.plesk.page\/de\/wp-json\/wp\/v2\/product\/736559\/revisions"}],"wp:featuredmedia":[{"embeddable":true,"href":"https:\/\/stoic-curie.212-227-153-4.plesk.page\/de\/wp-json\/wp\/v2\/media\/5945037"}],"wp:attachment":[{"href":"https:\/\/stoic-curie.212-227-153-4.plesk.page\/de\/wp-json\/wp\/v2\/media?parent=736559"}],"wp:term":[{"taxonomy":"product_brand","embeddable":true,"href":"https:\/\/stoic-curie.212-227-153-4.plesk.page\/de\/wp-json\/wp\/v2\/product_brand?post=736559"},{"taxonomy":"product_cat","embeddable":true,"href":"https:\/\/stoic-curie.212-227-153-4.plesk.page\/de\/wp-json\/wp\/v2\/product_cat?post=736559"},{"taxonomy":"product_tag","embeddable":true,"href":"https:\/\/stoic-curie.212-227-153-4.plesk.page\/de\/wp-json\/wp\/v2\/product_tag?post=736559"}],"curies":[{"name":"wp","href":"https:\/\/api.w.org\/{rel}","templated":true}]}}