{"id":736562,"date":"2025-03-03T16:32:40","date_gmt":"2025-03-03T15:32:40","guid":{"rendered":"https:\/\/stoic-curie.212-227-153-4.plesk.page\/producto\/edelstahl-doppel-schwenkkupplung-douglas-marine-trimmer-10-12-mm-8500-kg\/"},"modified":"2026-02-24T23:35:07","modified_gmt":"2026-02-24T23:35:07","slug":"edelstahl-doppel-schwenkkupplung-douglas-marine-trimmer-10-12-mm-8500-kg","status":"publish","type":"product","link":"https:\/\/stoic-curie.212-227-153-4.plesk.page\/de\/product\/edelstahl-doppel-schwenkkupplung-douglas-marine-trimmer-10-12-mm-8500-kg\/","title":{"rendered":"Edelstahl-Doppel-Schwenkkupplung Douglas Marine Trimmer 10-12 mm (8500 kg)"},"content":{"rendered":"<p>Edelstahl-Doppel-Schwenkkupplung Douglas Marine Trimmer 10-12 mm (8500 kg) &#8211; <\/p>\n<p>Douglas Typ Edelstahlanker mit doppeltem Drehkopf und Gabelverbinder. Er l\u00e4uft ohne Verz\u00f6gerung im Buganker und verhindert ein Verheddern der Kette. Er erm\u00f6glicht ein perfektes Zur\u00fcckziehen und Lagern der Anker in den Bugrollen. Es sind keine zus\u00e4tzlichen Sch\u00e4kel erforderlich, um die Anker zu verbinden. 0133428 f\u00fcr Anker von 7 bis 16 Kg 0133432 f\u00fcr Anker von 20 bis 30 Kg 0133433 f\u00fcr Anker von 30 bis 50 Kg<\/p>\n","protected":false},"excerpt":{"rendered":"<p>Edelstahl-Doppel-Schwenkkupplung Douglas Marine Trimmer 10-12 mm (8500 kg) &#8211; Douglas Typ Edelstahlanker mit doppeltem Drehkopf und Gabelverbinder. Er l\u00e4uft ohne<\/p>\n","protected":false},"featured_media":5945044,"comment_status":"open","ping_status":"closed","template":"","meta":[],"product_brand":[2900],"product_cat":[1578],"product_tag":[],"class_list":{"0":"post-736562","1":"product","2":"type-product","3":"status-publish","4":"has-post-thumbnail","6":"product_brand-douglas-marine-de","7":"product_cat-ankerdrehgelenke","9":"first","10":"instock","11":"shipping-taxable","12":"purchasable","13":"product-type-simple"},"_links":{"self":[{"href":"https:\/\/stoic-curie.212-227-153-4.plesk.page\/de\/wp-json\/wp\/v2\/product\/736562","targetHints":{"allow":["GET"]}}],"collection":[{"href":"https:\/\/stoic-curie.212-227-153-4.plesk.page\/de\/wp-json\/wp\/v2\/product"}],"about":[{"href":"https:\/\/stoic-curie.212-227-153-4.plesk.page\/de\/wp-json\/wp\/v2\/types\/product"}],"replies":[{"embeddable":true,"href":"https:\/\/stoic-curie.212-227-153-4.plesk.page\/de\/wp-json\/wp\/v2\/comments?post=736562"}],"version-history":[{"count":0,"href":"https:\/\/stoic-curie.212-227-153-4.plesk.page\/de\/wp-json\/wp\/v2\/product\/736562\/revisions"}],"wp:featuredmedia":[{"embeddable":true,"href":"https:\/\/stoic-curie.212-227-153-4.plesk.page\/de\/wp-json\/wp\/v2\/media\/5945044"}],"wp:attachment":[{"href":"https:\/\/stoic-curie.212-227-153-4.plesk.page\/de\/wp-json\/wp\/v2\/media?parent=736562"}],"wp:term":[{"taxonomy":"product_brand","embeddable":true,"href":"https:\/\/stoic-curie.212-227-153-4.plesk.page\/de\/wp-json\/wp\/v2\/product_brand?post=736562"},{"taxonomy":"product_cat","embeddable":true,"href":"https:\/\/stoic-curie.212-227-153-4.plesk.page\/de\/wp-json\/wp\/v2\/product_cat?post=736562"},{"taxonomy":"product_tag","embeddable":true,"href":"https:\/\/stoic-curie.212-227-153-4.plesk.page\/de\/wp-json\/wp\/v2\/product_tag?post=736562"}],"curies":[{"name":"wp","href":"https:\/\/api.w.org\/{rel}","templated":true}]}}