{"id":736570,"date":"2025-03-03T16:32:42","date_gmt":"2025-03-03T15:32:42","guid":{"rendered":"https:\/\/stoic-curie.212-227-153-4.plesk.page\/producto\/capstan-quick-thg-500w-12v\/"},"modified":"2026-02-24T23:35:08","modified_gmt":"2026-02-24T23:35:08","slug":"capstan-quick-thg-500w-12v","status":"publish","type":"product","link":"https:\/\/stoic-curie.212-227-153-4.plesk.page\/de\/product\/capstan-quick-thg-500w-12v\/","title":{"rendered":"Capstan Quick THG 500W 12v"},"content":{"rendered":"<p>Capstan Quick THG 500W 12v &#8211; <\/p>\n<p>Wir pr\u00e4sentieren den Quick THG Capstan 500 mit Strap Roller, eine herausragende L\u00f6sung zum m\u00fchelosen Abrufen von Tendern oder anderen Lasten ohne die Notwendigkeit eines Seils. Dieser Capstan verf\u00fcgt \u00fcber einen robusten eloxierten Aluminiumfu\u00df und ein Raddrum, die sowohl Haltbarkeit als auch Zuverl\u00e4ssigkeit unter verschiedenen maritimen Bedingungen gew\u00e4hrleisten.<\/p>\n<p>Der Motor ist wasserdicht gestaltet und hat eine IP67-Bewertung f\u00fcr die Modelle 1000W und 1500W sowie eine IP66-Bewertung f\u00fcr das 500W Modell, was Sicherheit in feuchten Umgebungen bietet. Dar\u00fcber hinaus verf\u00fcgt der Capstan \u00fcber ein epizyklisches Getriebe f\u00fcr einen effizienten Betrieb.<\/p>\n<p>Zu Ihrem Kauf geh\u00f6ren eine Steuerbox und ein Polymerabdeckung f\u00fcr zus\u00e4tzlichen Schutz.<\/p>\n<p>Hauptmerkmale:<\/p>\n<ul>\n<li>Riemenrolle f\u00fcr einfache Lastenabholung<\/li>\n<li>Eloxierte Aluminiumbasis und Trommel f\u00fcr verbesserte Haltbarkeit<\/li>\n<li>IP67 wasserdichter Motor (erh\u00e4ltlich in 1000W und 1500W Modellen)<\/li>\n<li>IP66 wasserdichter Motor (erh\u00e4ltlich in 500W Modell)<\/li>\n<li>Eloxiertes Aluminiumgetriebe f\u00fcr zuverl\u00e4ssige Leistung<\/li>\n<li>Geliefert mit einer Standardplastikabdeckung f\u00fcr zus\u00e4tzlichen Schutz<\/li>\n<\/ul>\n<p>Bitte beachten Sie, dass das Gurt, das entweder in 48 mm x 7,5 m oder 48 mm x 10 m erh\u00e4ltlich ist, separat bestellt werden muss.<\/p>\n<p>Dieser Capstan ist eine ausgezeichnete Wahl f\u00fcr Bootsbesitzer, die eine zuverl\u00e4ssige und effiziente L\u00f6sung f\u00fcr ihre Ladeanforderungen suchen.<\/p>\n","protected":false},"excerpt":{"rendered":"<p>Capstan Quick THG 500W 12v &#8211; Wir pr\u00e4sentieren den Quick THG Capstan 500 mit Strap Roller, eine herausragende L\u00f6sung zum<\/p>\n","protected":false},"featured_media":5945063,"comment_status":"open","ping_status":"closed","template":"","meta":[],"product_brand":[3280],"product_cat":[1547,1324],"product_tag":[],"class_list":{"0":"post-736570","1":"product","2":"type-product","3":"status-publish","4":"has-post-thumbnail","6":"product_brand-quick-de","7":"product_cat-anhaengerwinden","8":"product_cat-ankerwinden-quick","10":"first","11":"outofstock","12":"shipping-taxable","13":"purchasable","14":"product-type-simple"},"_links":{"self":[{"href":"https:\/\/stoic-curie.212-227-153-4.plesk.page\/de\/wp-json\/wp\/v2\/product\/736570","targetHints":{"allow":["GET"]}}],"collection":[{"href":"https:\/\/stoic-curie.212-227-153-4.plesk.page\/de\/wp-json\/wp\/v2\/product"}],"about":[{"href":"https:\/\/stoic-curie.212-227-153-4.plesk.page\/de\/wp-json\/wp\/v2\/types\/product"}],"replies":[{"embeddable":true,"href":"https:\/\/stoic-curie.212-227-153-4.plesk.page\/de\/wp-json\/wp\/v2\/comments?post=736570"}],"version-history":[{"count":0,"href":"https:\/\/stoic-curie.212-227-153-4.plesk.page\/de\/wp-json\/wp\/v2\/product\/736570\/revisions"}],"wp:featuredmedia":[{"embeddable":true,"href":"https:\/\/stoic-curie.212-227-153-4.plesk.page\/de\/wp-json\/wp\/v2\/media\/5945063"}],"wp:attachment":[{"href":"https:\/\/stoic-curie.212-227-153-4.plesk.page\/de\/wp-json\/wp\/v2\/media?parent=736570"}],"wp:term":[{"taxonomy":"product_brand","embeddable":true,"href":"https:\/\/stoic-curie.212-227-153-4.plesk.page\/de\/wp-json\/wp\/v2\/product_brand?post=736570"},{"taxonomy":"product_cat","embeddable":true,"href":"https:\/\/stoic-curie.212-227-153-4.plesk.page\/de\/wp-json\/wp\/v2\/product_cat?post=736570"},{"taxonomy":"product_tag","embeddable":true,"href":"https:\/\/stoic-curie.212-227-153-4.plesk.page\/de\/wp-json\/wp\/v2\/product_tag?post=736570"}],"curies":[{"name":"wp","href":"https:\/\/api.w.org\/{rel}","templated":true}]}}