{"id":736574,"date":"2025-03-03T16:32:43","date_gmt":"2025-03-03T15:32:43","guid":{"rendered":"https:\/\/stoic-curie.212-227-153-4.plesk.page\/producto\/quick-fernbedienung-auf-ab-kettenzaehler-2-tasten-taschenlampe-led\/"},"modified":"2026-02-24T23:35:08","modified_gmt":"2026-02-24T23:35:08","slug":"quick-fernbedienung-auf-ab-kettenzaehler-2-tasten-taschenlampe-led","status":"publish","type":"product","link":"https:\/\/stoic-curie.212-227-153-4.plesk.page\/de\/product\/quick-fernbedienung-auf-ab-kettenzaehler-2-tasten-taschenlampe-led\/","title":{"rendered":"Quick Fernbedienung Auf-Ab Kettenz\u00e4hler 2 Tasten + Taschenlampe LED"},"content":{"rendered":"<p>Quick Fernbedienung Auf-Ab Kettenz\u00e4hler 2 Tasten + Taschenlampe LED &#8211; <\/p>\n<p>Handheld IP67 12\/24V Auf- und Abw\u00e4rts-Kettenz\u00e4hler mit 4,2 m verl\u00e4ngerbarem Kabel und integriertem LED-Licht. Ausgestattet mit wasserdichtem Stecker, Kettenz\u00e4hler-Sensor und Halterung. Mit automatischen Absenk- und Anhebewarnfunktionen, z\u00e4hlt die L\u00e4nge des gelockerten Kettenmaterials in Fu\u00df oder Metern, sowie deren Geschwindigkeit und Betriebsspannung. 5-sprachiges dimmbares Display, hintergrundbeleuchtete Tasten und CAN-Bus-Dateninterface.<\/p>\n","protected":false},"excerpt":{"rendered":"<p>Quick Fernbedienung Auf-Ab Kettenz\u00e4hler 2 Tasten + Taschenlampe LED &#8211; Handheld IP67 12\/24V Auf- und Abw\u00e4rts-Kettenz\u00e4hler mit 4,2 m verl\u00e4ngerbarem<\/p>\n","protected":false},"featured_media":5945069,"comment_status":"open","ping_status":"closed","template":"","meta":[],"product_brand":[3280],"product_cat":[1324],"product_tag":[],"class_list":{"0":"post-736574","1":"product","2":"type-product","3":"status-publish","4":"has-post-thumbnail","6":"product_brand-quick-de","7":"product_cat-ankerwinden-quick","9":"first","10":"instock","11":"shipping-taxable","12":"purchasable","13":"product-type-simple"},"_links":{"self":[{"href":"https:\/\/stoic-curie.212-227-153-4.plesk.page\/de\/wp-json\/wp\/v2\/product\/736574","targetHints":{"allow":["GET"]}}],"collection":[{"href":"https:\/\/stoic-curie.212-227-153-4.plesk.page\/de\/wp-json\/wp\/v2\/product"}],"about":[{"href":"https:\/\/stoic-curie.212-227-153-4.plesk.page\/de\/wp-json\/wp\/v2\/types\/product"}],"replies":[{"embeddable":true,"href":"https:\/\/stoic-curie.212-227-153-4.plesk.page\/de\/wp-json\/wp\/v2\/comments?post=736574"}],"version-history":[{"count":0,"href":"https:\/\/stoic-curie.212-227-153-4.plesk.page\/de\/wp-json\/wp\/v2\/product\/736574\/revisions"}],"wp:featuredmedia":[{"embeddable":true,"href":"https:\/\/stoic-curie.212-227-153-4.plesk.page\/de\/wp-json\/wp\/v2\/media\/5945069"}],"wp:attachment":[{"href":"https:\/\/stoic-curie.212-227-153-4.plesk.page\/de\/wp-json\/wp\/v2\/media?parent=736574"}],"wp:term":[{"taxonomy":"product_brand","embeddable":true,"href":"https:\/\/stoic-curie.212-227-153-4.plesk.page\/de\/wp-json\/wp\/v2\/product_brand?post=736574"},{"taxonomy":"product_cat","embeddable":true,"href":"https:\/\/stoic-curie.212-227-153-4.plesk.page\/de\/wp-json\/wp\/v2\/product_cat?post=736574"},{"taxonomy":"product_tag","embeddable":true,"href":"https:\/\/stoic-curie.212-227-153-4.plesk.page\/de\/wp-json\/wp\/v2\/product_tag?post=736574"}],"curies":[{"name":"wp","href":"https:\/\/api.w.org\/{rel}","templated":true}]}}