{"id":736575,"date":"2025-03-03T16:32:43","date_gmt":"2025-03-03T15:32:43","guid":{"rendered":"https:\/\/stoic-curie.212-227-153-4.plesk.page\/producto\/quick-empfaenger-6-kanaele\/"},"modified":"2026-02-24T23:35:08","modified_gmt":"2026-02-24T23:35:08","slug":"quick-empfaenger-6-kanaele","status":"publish","type":"product","link":"https:\/\/stoic-curie.212-227-153-4.plesk.page\/de\/product\/quick-empfaenger-6-kanaele\/","title":{"rendered":"Quick RRC Empf\u00e4nger 6 Kan\u00e4le"},"content":{"rendered":"<p>Quick RRC Empf\u00e4nger 6 Kan\u00e4le &#8211; <\/p>\n<p>Funkferngesteuerte Empf\u00e4nger von 2 bis 12 Relais\/Kan\u00e4len, universelle Stromversorgung 12\/24V und optimierter Stromverbrauch von 25mA. <br \/> Mit 7-stufiger Betriebsstatus-LED und Anzeigeindikator. <br \/> Polarity-Inversion und Niedrigbatterieschutz. <br \/> Kann bis zu 50 Sender speichern. <br \/> Zwei Funktionen k\u00f6nnen gleichzeitig aktiviert werden. <br \/> Kann mit einer externen Antenne verbunden werden.<\/p>\n","protected":false},"excerpt":{"rendered":"<p>Quick RRC Empf\u00e4nger 6 Kan\u00e4le &#8211; Funkferngesteuerte Empf\u00e4nger von 2 bis 12 Relais\/Kan\u00e4len, universelle Stromversorgung 12\/24V und optimierter Stromverbrauch von<\/p>\n","protected":false},"featured_media":5938500,"comment_status":"open","ping_status":"closed","template":"","meta":[],"product_brand":[3280],"product_cat":[1324,1323],"product_tag":[],"class_list":{"0":"post-736575","1":"product","2":"type-product","3":"status-publish","4":"has-post-thumbnail","6":"product_brand-quick-de","7":"product_cat-ankerwinden-quick","8":"product_cat-bugstrahlruder-quick","10":"first","11":"instock","12":"shipping-taxable","13":"purchasable","14":"product-type-simple"},"_links":{"self":[{"href":"https:\/\/stoic-curie.212-227-153-4.plesk.page\/de\/wp-json\/wp\/v2\/product\/736575","targetHints":{"allow":["GET"]}}],"collection":[{"href":"https:\/\/stoic-curie.212-227-153-4.plesk.page\/de\/wp-json\/wp\/v2\/product"}],"about":[{"href":"https:\/\/stoic-curie.212-227-153-4.plesk.page\/de\/wp-json\/wp\/v2\/types\/product"}],"replies":[{"embeddable":true,"href":"https:\/\/stoic-curie.212-227-153-4.plesk.page\/de\/wp-json\/wp\/v2\/comments?post=736575"}],"version-history":[{"count":0,"href":"https:\/\/stoic-curie.212-227-153-4.plesk.page\/de\/wp-json\/wp\/v2\/product\/736575\/revisions"}],"wp:featuredmedia":[{"embeddable":true,"href":"https:\/\/stoic-curie.212-227-153-4.plesk.page\/de\/wp-json\/wp\/v2\/media\/5938500"}],"wp:attachment":[{"href":"https:\/\/stoic-curie.212-227-153-4.plesk.page\/de\/wp-json\/wp\/v2\/media?parent=736575"}],"wp:term":[{"taxonomy":"product_brand","embeddable":true,"href":"https:\/\/stoic-curie.212-227-153-4.plesk.page\/de\/wp-json\/wp\/v2\/product_brand?post=736575"},{"taxonomy":"product_cat","embeddable":true,"href":"https:\/\/stoic-curie.212-227-153-4.plesk.page\/de\/wp-json\/wp\/v2\/product_cat?post=736575"},{"taxonomy":"product_tag","embeddable":true,"href":"https:\/\/stoic-curie.212-227-153-4.plesk.page\/de\/wp-json\/wp\/v2\/product_tag?post=736575"}],"curies":[{"name":"wp","href":"https:\/\/api.w.org\/{rel}","templated":true}]}}