{"id":736597,"date":"2025-03-03T16:32:47","date_gmt":"2025-03-03T15:32:47","guid":{"rendered":"https:\/\/stoic-curie.212-227-153-4.plesk.page\/producto\/schwarz-weiss-geflecht-festmacherleine-14-mm-x-150-m\/"},"modified":"2026-02-24T23:35:08","modified_gmt":"2026-02-24T23:35:08","slug":"schwarz-weiss-geflecht-festmacherleine-14-mm-x-150-m","status":"publish","type":"product","link":"https:\/\/stoic-curie.212-227-153-4.plesk.page\/de\/product\/schwarz-weiss-geflecht-festmacherleine-14-mm-x-150-m\/","title":{"rendered":"Schwarz-Wei\u00df-Geflecht Festmacherleine 14 mm x 150 m"},"content":{"rendered":"<p>Schwarz-Wei\u00df-Geflecht Festmacherleine 14 mm x 150 m &#8211; <\/p>\n<p>16-fach geflochtener, farbcodierter Doppelzopf aus Polyester f\u00fcr Dock- und Ankerseile. Einfach zu handhaben, \u00e4u\u00dferst zug- und scheuerfest, was hohe Widerstandsf\u00e4higkeit gew\u00e4hrleistet. Nicht schwimmend. daN = Bruchfestigkeit in kg.<\/p>\n","protected":false},"excerpt":{"rendered":"<p>Schwarz-Wei\u00df-Geflecht Festmacherleine 14 mm x 150 m &#8211; 16-fach geflochtener, farbcodierter Doppelzopf aus Polyester f\u00fcr Dock- und Ankerseile. Einfach zu<\/p>\n","protected":false},"featured_media":5945071,"comment_status":"open","ping_status":"closed","template":"","meta":[],"product_brand":[3100],"product_cat":[1575,1335],"product_tag":[],"class_list":{"0":"post-736597","1":"product","2":"type-product","3":"status-publish","4":"has-post-thumbnail","6":"product_brand-marco-benvenuti-de","7":"product_cat-ankerseile","8":"product_cat-anlege-und-festmacherleinen","10":"first","11":"instock","12":"shipping-taxable","13":"purchasable","14":"product-type-simple"},"_links":{"self":[{"href":"https:\/\/stoic-curie.212-227-153-4.plesk.page\/de\/wp-json\/wp\/v2\/product\/736597","targetHints":{"allow":["GET"]}}],"collection":[{"href":"https:\/\/stoic-curie.212-227-153-4.plesk.page\/de\/wp-json\/wp\/v2\/product"}],"about":[{"href":"https:\/\/stoic-curie.212-227-153-4.plesk.page\/de\/wp-json\/wp\/v2\/types\/product"}],"replies":[{"embeddable":true,"href":"https:\/\/stoic-curie.212-227-153-4.plesk.page\/de\/wp-json\/wp\/v2\/comments?post=736597"}],"version-history":[{"count":0,"href":"https:\/\/stoic-curie.212-227-153-4.plesk.page\/de\/wp-json\/wp\/v2\/product\/736597\/revisions"}],"wp:featuredmedia":[{"embeddable":true,"href":"https:\/\/stoic-curie.212-227-153-4.plesk.page\/de\/wp-json\/wp\/v2\/media\/5945071"}],"wp:attachment":[{"href":"https:\/\/stoic-curie.212-227-153-4.plesk.page\/de\/wp-json\/wp\/v2\/media?parent=736597"}],"wp:term":[{"taxonomy":"product_brand","embeddable":true,"href":"https:\/\/stoic-curie.212-227-153-4.plesk.page\/de\/wp-json\/wp\/v2\/product_brand?post=736597"},{"taxonomy":"product_cat","embeddable":true,"href":"https:\/\/stoic-curie.212-227-153-4.plesk.page\/de\/wp-json\/wp\/v2\/product_cat?post=736597"},{"taxonomy":"product_tag","embeddable":true,"href":"https:\/\/stoic-curie.212-227-153-4.plesk.page\/de\/wp-json\/wp\/v2\/product_tag?post=736597"}],"curies":[{"name":"wp","href":"https:\/\/api.w.org\/{rel}","templated":true}]}}