{"id":736608,"date":"2025-03-03T16:32:49","date_gmt":"2025-03-03T15:32:49","guid":{"rendered":"https:\/\/stoic-curie.212-227-153-4.plesk.page\/producto\/schwarzes-geflecht-festmacherleine-18mm-x-100m\/"},"modified":"2026-02-24T23:35:08","modified_gmt":"2026-02-24T23:35:08","slug":"schwarzes-geflecht-festmacherleine-18mm-x-100m","status":"publish","type":"product","link":"https:\/\/stoic-curie.212-227-153-4.plesk.page\/de\/product\/schwarzes-geflecht-festmacherleine-18mm-x-100m\/","title":{"rendered":"Schwarzes Geflecht Festmacherleine 18mm x 100m"},"content":{"rendered":"<p>Schwarzes Geflecht Festmacherleine 18mm x 100m &#8211; <\/p>\n<p>16-fach Doppelgeflecht aus Polyester-Dock- und Ankerleine. Extrem stark mit h\u00f6chster Flexibilit\u00e4t, die eine hohe Widerstandsf\u00e4higkeit gew\u00e4hrleistet. Einfach zu splei\u00dfen. Nicht schwimmend. daN = Bruchlast in Kg.<\/p>\n","protected":false},"excerpt":{"rendered":"<p>Schwarzes Geflecht Festmacherleine 18mm x 100m &#8211; 16-fach Doppelgeflecht aus Polyester-Dock- und Ankerleine. Extrem stark mit h\u00f6chster Flexibilit\u00e4t, die eine<\/p>\n","protected":false},"featured_media":5945072,"comment_status":"open","ping_status":"closed","template":"","meta":[],"product_brand":[3100],"product_cat":[1335],"product_tag":[],"class_list":{"0":"post-736608","1":"product","2":"type-product","3":"status-publish","4":"has-post-thumbnail","6":"product_brand-marco-benvenuti-de","7":"product_cat-anlege-und-festmacherleinen","9":"first","10":"instock","11":"shipping-taxable","12":"purchasable","13":"product-type-simple"},"_links":{"self":[{"href":"https:\/\/stoic-curie.212-227-153-4.plesk.page\/de\/wp-json\/wp\/v2\/product\/736608","targetHints":{"allow":["GET"]}}],"collection":[{"href":"https:\/\/stoic-curie.212-227-153-4.plesk.page\/de\/wp-json\/wp\/v2\/product"}],"about":[{"href":"https:\/\/stoic-curie.212-227-153-4.plesk.page\/de\/wp-json\/wp\/v2\/types\/product"}],"replies":[{"embeddable":true,"href":"https:\/\/stoic-curie.212-227-153-4.plesk.page\/de\/wp-json\/wp\/v2\/comments?post=736608"}],"version-history":[{"count":0,"href":"https:\/\/stoic-curie.212-227-153-4.plesk.page\/de\/wp-json\/wp\/v2\/product\/736608\/revisions"}],"wp:featuredmedia":[{"embeddable":true,"href":"https:\/\/stoic-curie.212-227-153-4.plesk.page\/de\/wp-json\/wp\/v2\/media\/5945072"}],"wp:attachment":[{"href":"https:\/\/stoic-curie.212-227-153-4.plesk.page\/de\/wp-json\/wp\/v2\/media?parent=736608"}],"wp:term":[{"taxonomy":"product_brand","embeddable":true,"href":"https:\/\/stoic-curie.212-227-153-4.plesk.page\/de\/wp-json\/wp\/v2\/product_brand?post=736608"},{"taxonomy":"product_cat","embeddable":true,"href":"https:\/\/stoic-curie.212-227-153-4.plesk.page\/de\/wp-json\/wp\/v2\/product_cat?post=736608"},{"taxonomy":"product_tag","embeddable":true,"href":"https:\/\/stoic-curie.212-227-153-4.plesk.page\/de\/wp-json\/wp\/v2\/product_tag?post=736608"}],"curies":[{"name":"wp","href":"https:\/\/api.w.org\/{rel}","templated":true}]}}