{"id":736676,"date":"2025-03-03T16:33:04","date_gmt":"2025-03-03T15:33:04","guid":{"rendered":"https:\/\/stoic-curie.212-227-153-4.plesk.page\/producto\/aufblasbare-signalboje-gelb-150-x-150-x-h150-cm\/"},"modified":"2026-02-24T23:35:08","modified_gmt":"2026-02-24T23:35:08","slug":"aufblasbare-signalboje-gelb-150-x-150-x-h150-cm","status":"publish","type":"product","link":"https:\/\/stoic-curie.212-227-153-4.plesk.page\/de\/product\/aufblasbare-signalboje-gelb-150-x-150-x-h150-cm\/","title":{"rendered":"Aufblasbare Signalboje Gelb 150 x 150 x H150 cm"},"content":{"rendered":"<p>Aufblasbare Signalboje Gelb 150 x 150 x H150 cm &#8211; <\/p>\n<p>Sehr starke und widerstandsf\u00e4hige PVC-beschichtete 1000D-Polyester-Rennbuhnen. Mit einem Schnellaufblas- und -entleerungsventil sowie 7 rostfreien Stahlringen an der Basis, die eine sichere und widerstandsf\u00e4hige Befestigung des Ankers unter allen Wetterbedingungen garantieren. Dank der St\u00e4rke des Materials ist kein Netz erforderlich. Ausgestattet mit Griffen f\u00fcr einen einfachen Transport und eine einfache Positionierung sowie 3 PVC-Taschen zur Pr\u00e4sentation von Werbung. Kompakt und schnell, optionaler Aufblaspumpe, Code 2930080.<\/p>\n","protected":false},"excerpt":{"rendered":"<p>Aufblasbare Signalboje Gelb 150 x 150 x H150 cm &#8211; Sehr starke und widerstandsf\u00e4hige PVC-beschichtete 1000D-Polyester-Rennbuhnen. Mit einem Schnellaufblas- und<\/p>\n","protected":false},"featured_media":5945085,"comment_status":"open","ping_status":"closed","template":"","meta":[],"product_brand":[3490],"product_cat":[1563],"product_tag":[],"class_list":{"0":"post-736676","1":"product","2":"type-product","3":"status-publish","4":"has-post-thumbnail","6":"product_brand-trem-de","7":"product_cat-anlege-und-signalbojen","9":"first","10":"outofstock","11":"shipping-taxable","12":"purchasable","13":"product-type-simple"},"_links":{"self":[{"href":"https:\/\/stoic-curie.212-227-153-4.plesk.page\/de\/wp-json\/wp\/v2\/product\/736676","targetHints":{"allow":["GET"]}}],"collection":[{"href":"https:\/\/stoic-curie.212-227-153-4.plesk.page\/de\/wp-json\/wp\/v2\/product"}],"about":[{"href":"https:\/\/stoic-curie.212-227-153-4.plesk.page\/de\/wp-json\/wp\/v2\/types\/product"}],"replies":[{"embeddable":true,"href":"https:\/\/stoic-curie.212-227-153-4.plesk.page\/de\/wp-json\/wp\/v2\/comments?post=736676"}],"version-history":[{"count":0,"href":"https:\/\/stoic-curie.212-227-153-4.plesk.page\/de\/wp-json\/wp\/v2\/product\/736676\/revisions"}],"wp:featuredmedia":[{"embeddable":true,"href":"https:\/\/stoic-curie.212-227-153-4.plesk.page\/de\/wp-json\/wp\/v2\/media\/5945085"}],"wp:attachment":[{"href":"https:\/\/stoic-curie.212-227-153-4.plesk.page\/de\/wp-json\/wp\/v2\/media?parent=736676"}],"wp:term":[{"taxonomy":"product_brand","embeddable":true,"href":"https:\/\/stoic-curie.212-227-153-4.plesk.page\/de\/wp-json\/wp\/v2\/product_brand?post=736676"},{"taxonomy":"product_cat","embeddable":true,"href":"https:\/\/stoic-curie.212-227-153-4.plesk.page\/de\/wp-json\/wp\/v2\/product_cat?post=736676"},{"taxonomy":"product_tag","embeddable":true,"href":"https:\/\/stoic-curie.212-227-153-4.plesk.page\/de\/wp-json\/wp\/v2\/product_tag?post=736676"}],"curies":[{"name":"wp","href":"https:\/\/api.w.org\/{rel}","templated":true}]}}