{"id":736684,"date":"2025-03-03T16:33:07","date_gmt":"2025-03-03T15:33:07","guid":{"rendered":"https:\/\/stoic-curie.212-227-153-4.plesk.page\/producto\/aufblasbare-signalboje-orange-150-x-h150-cm\/"},"modified":"2026-02-24T23:35:08","modified_gmt":"2026-02-24T23:35:08","slug":"aufblasbare-signalboje-orange-150-x-h150-cm","status":"publish","type":"product","link":"https:\/\/stoic-curie.212-227-153-4.plesk.page\/de\/product\/aufblasbare-signalboje-orange-150-x-h150-cm\/","title":{"rendered":"Aufblasbare Signalboje Orange 150 x H150 cm"},"content":{"rendered":"<p>Aufblasbare Signalboje Orange 150 x H150 cm &#8211; <\/p>\n<p>Sehr starke und widerstandsf\u00e4hige, PVC-beschichtete, 1000D Polyester aufblasbare Rennbojen. Mit Schnellaufblas- und -ablassventil sowie 5 Edelstahlringen an der Basis, die eine sichere und widerstandsf\u00e4hige Befestigung des Gewichts unter allen Wetterbedingungen garantieren. Dank der Materialst\u00e4rke ist kein Netz erforderlich. Ausgestattet mit Griffen f\u00fcr einfachen Transport und Positionierung sowie 3 PVC-Taschen zur Anzeige von Werbung. Kompakte und schnelle optionale Pumpe zum Aufblasen, Code 2930080.<\/p>\n","protected":false},"excerpt":{"rendered":"<p>Aufblasbare Signalboje Orange 150 x H150 cm &#8211; Sehr starke und widerstandsf\u00e4hige, PVC-beschichtete, 1000D Polyester aufblasbare Rennbojen. Mit Schnellaufblas- und<\/p>\n","protected":false},"featured_media":5945099,"comment_status":"open","ping_status":"closed","template":"","meta":[],"product_brand":[3490],"product_cat":[1563],"product_tag":[],"class_list":{"0":"post-736684","1":"product","2":"type-product","3":"status-publish","4":"has-post-thumbnail","6":"product_brand-trem-de","7":"product_cat-anlege-und-signalbojen","9":"first","10":"instock","11":"shipping-taxable","12":"purchasable","13":"product-type-simple"},"_links":{"self":[{"href":"https:\/\/stoic-curie.212-227-153-4.plesk.page\/de\/wp-json\/wp\/v2\/product\/736684","targetHints":{"allow":["GET"]}}],"collection":[{"href":"https:\/\/stoic-curie.212-227-153-4.plesk.page\/de\/wp-json\/wp\/v2\/product"}],"about":[{"href":"https:\/\/stoic-curie.212-227-153-4.plesk.page\/de\/wp-json\/wp\/v2\/types\/product"}],"replies":[{"embeddable":true,"href":"https:\/\/stoic-curie.212-227-153-4.plesk.page\/de\/wp-json\/wp\/v2\/comments?post=736684"}],"version-history":[{"count":0,"href":"https:\/\/stoic-curie.212-227-153-4.plesk.page\/de\/wp-json\/wp\/v2\/product\/736684\/revisions"}],"wp:featuredmedia":[{"embeddable":true,"href":"https:\/\/stoic-curie.212-227-153-4.plesk.page\/de\/wp-json\/wp\/v2\/media\/5945099"}],"wp:attachment":[{"href":"https:\/\/stoic-curie.212-227-153-4.plesk.page\/de\/wp-json\/wp\/v2\/media?parent=736684"}],"wp:term":[{"taxonomy":"product_brand","embeddable":true,"href":"https:\/\/stoic-curie.212-227-153-4.plesk.page\/de\/wp-json\/wp\/v2\/product_brand?post=736684"},{"taxonomy":"product_cat","embeddable":true,"href":"https:\/\/stoic-curie.212-227-153-4.plesk.page\/de\/wp-json\/wp\/v2\/product_cat?post=736684"},{"taxonomy":"product_tag","embeddable":true,"href":"https:\/\/stoic-curie.212-227-153-4.plesk.page\/de\/wp-json\/wp\/v2\/product_tag?post=736684"}],"curies":[{"name":"wp","href":"https:\/\/api.w.org\/{rel}","templated":true}]}}