{"id":736688,"date":"2025-03-03T16:33:08","date_gmt":"2025-03-03T15:33:08","guid":{"rendered":"https:\/\/stoic-curie.212-227-153-4.plesk.page\/producto\/castro-muring-boje-polyurethanschaum-gefuellt-460x900-mm\/"},"modified":"2026-02-24T23:35:08","modified_gmt":"2026-02-24T23:35:08","slug":"castro-muring-boje-polyurethanschaum-gefuellt-460x900-mm","status":"publish","type":"product","link":"https:\/\/stoic-curie.212-227-153-4.plesk.page\/de\/product\/castro-muring-boje-polyurethanschaum-gefuellt-460x900-mm\/","title":{"rendered":"Castro Muring Boje Polyurethanschaum gef\u00fcllt 460&#215;900 mm"},"content":{"rendered":"<p>Castro Muring Boje Polyurethanschaum gef\u00fcllt 460&#215;900 mm &#8211; <\/p>\n<p>Verst\u00e4rkter Polyethylen-Bojen, gef\u00fcllt mit geschlossenem Zellpolyurethanschaum. Rilsan-beschichteter hochfester Stahlstab. Hervorragende Abrieb- und UVA-Strahlenbest\u00e4ndigkeit. Au\u00dfergew\u00f6hnliche Auftriebskraft.<\/p>\n","protected":false},"excerpt":{"rendered":"<p>Castro Muring Boje Polyurethanschaum gef\u00fcllt 460&#215;900 mm &#8211; Verst\u00e4rkter Polyethylen-Bojen, gef\u00fcllt mit geschlossenem Zellpolyurethanschaum. Rilsan-beschichteter hochfester Stahlstab. Hervorragende Abrieb- und<\/p>\n","protected":false},"featured_media":5945104,"comment_status":"open","ping_status":"closed","template":"","meta":[],"product_brand":[3025],"product_cat":[1563],"product_tag":[],"class_list":{"0":"post-736688","1":"product","2":"type-product","3":"status-publish","4":"has-post-thumbnail","6":"product_brand-ip-castro-de","7":"product_cat-anlege-und-signalbojen","9":"first","10":"instock","11":"shipping-taxable","12":"purchasable","13":"product-type-simple"},"_links":{"self":[{"href":"https:\/\/stoic-curie.212-227-153-4.plesk.page\/de\/wp-json\/wp\/v2\/product\/736688","targetHints":{"allow":["GET"]}}],"collection":[{"href":"https:\/\/stoic-curie.212-227-153-4.plesk.page\/de\/wp-json\/wp\/v2\/product"}],"about":[{"href":"https:\/\/stoic-curie.212-227-153-4.plesk.page\/de\/wp-json\/wp\/v2\/types\/product"}],"replies":[{"embeddable":true,"href":"https:\/\/stoic-curie.212-227-153-4.plesk.page\/de\/wp-json\/wp\/v2\/comments?post=736688"}],"version-history":[{"count":0,"href":"https:\/\/stoic-curie.212-227-153-4.plesk.page\/de\/wp-json\/wp\/v2\/product\/736688\/revisions"}],"wp:featuredmedia":[{"embeddable":true,"href":"https:\/\/stoic-curie.212-227-153-4.plesk.page\/de\/wp-json\/wp\/v2\/media\/5945104"}],"wp:attachment":[{"href":"https:\/\/stoic-curie.212-227-153-4.plesk.page\/de\/wp-json\/wp\/v2\/media?parent=736688"}],"wp:term":[{"taxonomy":"product_brand","embeddable":true,"href":"https:\/\/stoic-curie.212-227-153-4.plesk.page\/de\/wp-json\/wp\/v2\/product_brand?post=736688"},{"taxonomy":"product_cat","embeddable":true,"href":"https:\/\/stoic-curie.212-227-153-4.plesk.page\/de\/wp-json\/wp\/v2\/product_cat?post=736688"},{"taxonomy":"product_tag","embeddable":true,"href":"https:\/\/stoic-curie.212-227-153-4.plesk.page\/de\/wp-json\/wp\/v2\/product_tag?post=736688"}],"curies":[{"name":"wp","href":"https:\/\/api.w.org\/{rel}","templated":true}]}}