{"id":736737,"date":"2025-03-03T16:33:18","date_gmt":"2025-03-03T15:33:18","guid":{"rendered":"https:\/\/stoic-curie.212-227-153-4.plesk.page\/producto\/mega-fender-huellen-1070x460mm-grau\/"},"modified":"2026-02-24T23:35:08","modified_gmt":"2026-02-24T23:35:08","slug":"mega-fender-huellen-1070x460mm-grau","status":"publish","type":"product","link":"https:\/\/stoic-curie.212-227-153-4.plesk.page\/de\/product\/mega-fender-huellen-1070x460mm-grau\/","title":{"rendered":"Mega Fender H\u00fcllen 1070x460mm Grau"},"content":{"rendered":"<p>Mega Fender H\u00fcllen 1070x460mm Grau &#8211; <\/p>\n<p>Haltbare Fleece-Stoffabdeckungen aus doppelter Schicht f\u00fcr Mega Fender. Sch\u00fctzen Sie Mega Fender, indem Sie Abnutzung, Kratzer und Quietschen beseitigen. Weich und widerstandsf\u00e4hig, hinterlassen sie keine Flecken an den Seiten und halten l\u00e4nger.<\/p>\n","protected":false},"excerpt":{"rendered":"<p>Mega Fender H\u00fcllen 1070x460mm Grau &#8211; Haltbare Fleece-Stoffabdeckungen aus doppelter Schicht f\u00fcr Mega Fender. Sch\u00fctzen Sie Mega Fender, indem Sie<\/p>\n","protected":false},"featured_media":5945140,"comment_status":"open","ping_status":"closed","template":"","meta":[],"product_brand":[2935],"product_cat":[1564],"product_tag":[],"class_list":{"0":"post-736737","1":"product","2":"type-product","3":"status-publish","4":"has-post-thumbnail","6":"product_brand-fendress-de","7":"product_cat-fenderhuellen","9":"first","10":"instock","11":"shipping-taxable","12":"purchasable","13":"product-type-simple"},"_links":{"self":[{"href":"https:\/\/stoic-curie.212-227-153-4.plesk.page\/de\/wp-json\/wp\/v2\/product\/736737","targetHints":{"allow":["GET"]}}],"collection":[{"href":"https:\/\/stoic-curie.212-227-153-4.plesk.page\/de\/wp-json\/wp\/v2\/product"}],"about":[{"href":"https:\/\/stoic-curie.212-227-153-4.plesk.page\/de\/wp-json\/wp\/v2\/types\/product"}],"replies":[{"embeddable":true,"href":"https:\/\/stoic-curie.212-227-153-4.plesk.page\/de\/wp-json\/wp\/v2\/comments?post=736737"}],"version-history":[{"count":0,"href":"https:\/\/stoic-curie.212-227-153-4.plesk.page\/de\/wp-json\/wp\/v2\/product\/736737\/revisions"}],"wp:featuredmedia":[{"embeddable":true,"href":"https:\/\/stoic-curie.212-227-153-4.plesk.page\/de\/wp-json\/wp\/v2\/media\/5945140"}],"wp:attachment":[{"href":"https:\/\/stoic-curie.212-227-153-4.plesk.page\/de\/wp-json\/wp\/v2\/media?parent=736737"}],"wp:term":[{"taxonomy":"product_brand","embeddable":true,"href":"https:\/\/stoic-curie.212-227-153-4.plesk.page\/de\/wp-json\/wp\/v2\/product_brand?post=736737"},{"taxonomy":"product_cat","embeddable":true,"href":"https:\/\/stoic-curie.212-227-153-4.plesk.page\/de\/wp-json\/wp\/v2\/product_cat?post=736737"},{"taxonomy":"product_tag","embeddable":true,"href":"https:\/\/stoic-curie.212-227-153-4.plesk.page\/de\/wp-json\/wp\/v2\/product_tag?post=736737"}],"curies":[{"name":"wp","href":"https:\/\/api.w.org\/{rel}","templated":true}]}}