{"id":736761,"date":"2025-03-03T16:33:23","date_gmt":"2025-03-03T15:33:23","guid":{"rendered":"https:\/\/stoic-curie.212-227-153-4.plesk.page\/producto\/fendress-fenderbezugseinheit-f10-schwarz\/"},"modified":"2026-02-24T23:35:08","modified_gmt":"2026-02-24T23:35:08","slug":"fendress-fenderbezugseinheit-f10-schwarz","status":"publish","type":"product","link":"https:\/\/stoic-curie.212-227-153-4.plesk.page\/de\/product\/fendress-fenderbezugseinheit-f10-schwarz\/","title":{"rendered":"Fendress Fenderbezugseinheit F10 Schwarz"},"content":{"rendered":"<p>Fendress Fenderbezugseinheit F10 Schwarz &#8211; <\/p>\n<p>Pl\u00fcsch-Fleece handgemachte Fendress Fenderabdeckungen. Premium-Schutz f\u00fcr Ihre Fender und Eliminierung von Fenderquietschen und Kratzern. Weich und dennoch robust, sch\u00fctzen diese Fenderabdeckungen effizient Ihre Gelcoat-Lackierung und verl\u00e4ngern die Lebensdauer Ihrer Fender. <\/p>\n<p>\u2022 &#8220;Fendress Covers&#8221; sind 100% handgefertigte Acryloberfl\u00e4chen von h\u00f6chster Qualit\u00e4t, widerstandsf\u00e4hig und nicht abrasiv. Weiche, samtige Fleece-Fenderabdeckungen bieten den ultimativen Schutz f\u00fcr Ihre Bootsseiten. <br \/>\u2022 &#8220;Fendress Covers&#8221; sind UV- und salzwasserbest\u00e4ndig und sch\u00fctzen effizient Ihre Gelcoat-Lackierung vor Kratzern und Abnutzung. Der strapazierf\u00e4hige und robuste Fleece-Stoff weist alle besten Eigenschaften auf, einschlie\u00dflich Rei\u00dfen- und Abriebfestigkeit, schnelles Trocknen und einfache Entfernung zur Reinigung. <br \/>\u2022 &#8220;Fendress Covers&#8221; verl\u00e4ngern die Lebensdauer Ihrer Fender und beseitigen st\u00f6rendes Fenderquietschen. UV-best\u00e4ndige Farben hinterlassen keine Spuren auf Ihren Bootsseiten. Maschinenwaschbar. <br \/>\u2022 &#8220;Fendress Covers&#8221; haben ein hochbest\u00e4ndiges Oberteil und einen elastischen Saum, der eine ma\u00dfgeschneiderte Passform f\u00fcr alle Arten von Fendern erm\u00f6glicht. Abdeckungen sind in 9 Farben erh\u00e4ltlich.<\/p>\n","protected":false},"excerpt":{"rendered":"<p>Fendress Fenderbezugseinheit F10 Schwarz &#8211; Pl\u00fcsch-Fleece handgemachte Fendress Fenderabdeckungen. Premium-Schutz f\u00fcr Ihre Fender und Eliminierung von Fenderquietschen und Kratzern. Weich<\/p>\n","protected":false},"featured_media":5944361,"comment_status":"open","ping_status":"closed","template":"","meta":[],"product_brand":[2935],"product_cat":[1564],"product_tag":[],"class_list":{"0":"post-736761","1":"product","2":"type-product","3":"status-publish","4":"has-post-thumbnail","6":"product_brand-fendress-de","7":"product_cat-fenderhuellen","9":"first","10":"instock","11":"shipping-taxable","12":"purchasable","13":"product-type-simple"},"_links":{"self":[{"href":"https:\/\/stoic-curie.212-227-153-4.plesk.page\/de\/wp-json\/wp\/v2\/product\/736761","targetHints":{"allow":["GET"]}}],"collection":[{"href":"https:\/\/stoic-curie.212-227-153-4.plesk.page\/de\/wp-json\/wp\/v2\/product"}],"about":[{"href":"https:\/\/stoic-curie.212-227-153-4.plesk.page\/de\/wp-json\/wp\/v2\/types\/product"}],"replies":[{"embeddable":true,"href":"https:\/\/stoic-curie.212-227-153-4.plesk.page\/de\/wp-json\/wp\/v2\/comments?post=736761"}],"version-history":[{"count":0,"href":"https:\/\/stoic-curie.212-227-153-4.plesk.page\/de\/wp-json\/wp\/v2\/product\/736761\/revisions"}],"wp:featuredmedia":[{"embeddable":true,"href":"https:\/\/stoic-curie.212-227-153-4.plesk.page\/de\/wp-json\/wp\/v2\/media\/5944361"}],"wp:attachment":[{"href":"https:\/\/stoic-curie.212-227-153-4.plesk.page\/de\/wp-json\/wp\/v2\/media?parent=736761"}],"wp:term":[{"taxonomy":"product_brand","embeddable":true,"href":"https:\/\/stoic-curie.212-227-153-4.plesk.page\/de\/wp-json\/wp\/v2\/product_brand?post=736761"},{"taxonomy":"product_cat","embeddable":true,"href":"https:\/\/stoic-curie.212-227-153-4.plesk.page\/de\/wp-json\/wp\/v2\/product_cat?post=736761"},{"taxonomy":"product_tag","embeddable":true,"href":"https:\/\/stoic-curie.212-227-153-4.plesk.page\/de\/wp-json\/wp\/v2\/product_tag?post=736761"}],"curies":[{"name":"wp","href":"https:\/\/api.w.org\/{rel}","templated":true}]}}