{"id":736772,"date":"2025-03-03T16:33:25","date_gmt":"2025-03-03T15:33:25","guid":{"rendered":"https:\/\/stoic-curie.212-227-153-4.plesk.page\/producto\/tessilmare-bino-2-meter-stange-edelstahl\/"},"modified":"2026-02-24T23:35:08","modified_gmt":"2026-02-24T23:35:08","slug":"tessilmare-bino-2-meter-stange-edelstahl","status":"publish","type":"product","link":"https:\/\/stoic-curie.212-227-153-4.plesk.page\/de\/product\/tessilmare-bino-2-meter-stange-edelstahl\/","title":{"rendered":"Tessilmare Bino 2 Meter Stange Edelstahl"},"content":{"rendered":"<p>Tessilmare Bino 2 Meter Stange Edelstahl &#8211; <\/p>\n<p>Moderne Fenderprofil ideal f\u00fcr den intensiven Gebrauch auf jedem Arbeits- oder Profi-Boot. Entwickelt, um starke St\u00f6\u00dfe zu absorbieren, w\u00e4hrend eine leichte Struktur beibehalten wird. Die einfache Installation erfolgt \u00fcber eine feste Basis, eine vorgebohrte Edelstahlstange und ein Druckrippenprofil. Es ist f\u00fcr jeden Rumpf mit glatter, kastenf\u00f6rmiger oder flacher Verbindung geeignet.<\/p>\n","protected":false},"excerpt":{"rendered":"<p>Tessilmare Bino 2 Meter Stange Edelstahl &#8211; Moderne Fenderprofil ideal f\u00fcr den intensiven Gebrauch auf jedem Arbeits- oder Profi-Boot. Entwickelt,<\/p>\n","protected":false},"featured_media":5945151,"comment_status":"open","ping_status":"closed","template":"","meta":[],"product_brand":[3480],"product_cat":[1565],"product_tag":[],"class_list":{"0":"post-736772","1":"product","2":"type-product","3":"status-publish","4":"has-post-thumbnail","6":"product_brand-tessilmare-de","7":"product_cat-fender-profile","9":"first","10":"instock","11":"shipping-taxable","12":"purchasable","13":"product-type-simple"},"_links":{"self":[{"href":"https:\/\/stoic-curie.212-227-153-4.plesk.page\/de\/wp-json\/wp\/v2\/product\/736772","targetHints":{"allow":["GET"]}}],"collection":[{"href":"https:\/\/stoic-curie.212-227-153-4.plesk.page\/de\/wp-json\/wp\/v2\/product"}],"about":[{"href":"https:\/\/stoic-curie.212-227-153-4.plesk.page\/de\/wp-json\/wp\/v2\/types\/product"}],"replies":[{"embeddable":true,"href":"https:\/\/stoic-curie.212-227-153-4.plesk.page\/de\/wp-json\/wp\/v2\/comments?post=736772"}],"version-history":[{"count":0,"href":"https:\/\/stoic-curie.212-227-153-4.plesk.page\/de\/wp-json\/wp\/v2\/product\/736772\/revisions"}],"wp:featuredmedia":[{"embeddable":true,"href":"https:\/\/stoic-curie.212-227-153-4.plesk.page\/de\/wp-json\/wp\/v2\/media\/5945151"}],"wp:attachment":[{"href":"https:\/\/stoic-curie.212-227-153-4.plesk.page\/de\/wp-json\/wp\/v2\/media?parent=736772"}],"wp:term":[{"taxonomy":"product_brand","embeddable":true,"href":"https:\/\/stoic-curie.212-227-153-4.plesk.page\/de\/wp-json\/wp\/v2\/product_brand?post=736772"},{"taxonomy":"product_cat","embeddable":true,"href":"https:\/\/stoic-curie.212-227-153-4.plesk.page\/de\/wp-json\/wp\/v2\/product_cat?post=736772"},{"taxonomy":"product_tag","embeddable":true,"href":"https:\/\/stoic-curie.212-227-153-4.plesk.page\/de\/wp-json\/wp\/v2\/product_tag?post=736772"}],"curies":[{"name":"wp","href":"https:\/\/api.w.org\/{rel}","templated":true}]}}