{"id":736773,"date":"2025-03-03T16:33:26","date_gmt":"2025-03-03T15:33:26","guid":{"rendered":"https:\/\/stoic-curie.212-227-153-4.plesk.page\/producto\/reibleisten-t1-h36-weiss-16-m\/"},"modified":"2026-02-24T23:35:08","modified_gmt":"2026-02-24T23:35:08","slug":"reibleisten-t1-h36-weiss-16-m","status":"publish","type":"product","link":"https:\/\/stoic-curie.212-227-153-4.plesk.page\/de\/product\/reibleisten-t1-h36-weiss-16-m\/","title":{"rendered":"Reibleisten T1 H36 Wei\u00df, 16 m"},"content":{"rendered":"<p>Reibleisten T1 H36 Wei\u00df, 16 m &#8211; <\/p>\n<p>T-f\u00f6rmiges PVC-Fenderprofil. Ein T1- oder T2-Streifenhalter wird zur Montage ben\u00f6tigt. Das Profil ist in Packungen von 12, 16 und 24 Metern erh\u00e4ltlich. Der Endkappen, das Abschlussverbindungselement und der Streifenhalter sind entsprechend der H\u00f6he des Profils und der Farbe verf\u00fcgbar.<\/p>\n","protected":false},"excerpt":{"rendered":"<p>Reibleisten T1 H36 Wei\u00df, 16 m &#8211; T-f\u00f6rmiges PVC-Fenderprofil. Ein T1- oder T2-Streifenhalter wird zur Montage ben\u00f6tigt. Das Profil ist<\/p>\n","protected":false},"featured_media":5944393,"comment_status":"open","ping_status":"closed","template":"","meta":[],"product_brand":[3480],"product_cat":[1565],"product_tag":[],"class_list":{"0":"post-736773","1":"product","2":"type-product","3":"status-publish","4":"has-post-thumbnail","6":"product_brand-tessilmare-de","7":"product_cat-fender-profile","9":"first","10":"instock","11":"shipping-taxable","12":"purchasable","13":"product-type-simple"},"_links":{"self":[{"href":"https:\/\/stoic-curie.212-227-153-4.plesk.page\/de\/wp-json\/wp\/v2\/product\/736773","targetHints":{"allow":["GET"]}}],"collection":[{"href":"https:\/\/stoic-curie.212-227-153-4.plesk.page\/de\/wp-json\/wp\/v2\/product"}],"about":[{"href":"https:\/\/stoic-curie.212-227-153-4.plesk.page\/de\/wp-json\/wp\/v2\/types\/product"}],"replies":[{"embeddable":true,"href":"https:\/\/stoic-curie.212-227-153-4.plesk.page\/de\/wp-json\/wp\/v2\/comments?post=736773"}],"version-history":[{"count":0,"href":"https:\/\/stoic-curie.212-227-153-4.plesk.page\/de\/wp-json\/wp\/v2\/product\/736773\/revisions"}],"wp:featuredmedia":[{"embeddable":true,"href":"https:\/\/stoic-curie.212-227-153-4.plesk.page\/de\/wp-json\/wp\/v2\/media\/5944393"}],"wp:attachment":[{"href":"https:\/\/stoic-curie.212-227-153-4.plesk.page\/de\/wp-json\/wp\/v2\/media?parent=736773"}],"wp:term":[{"taxonomy":"product_brand","embeddable":true,"href":"https:\/\/stoic-curie.212-227-153-4.plesk.page\/de\/wp-json\/wp\/v2\/product_brand?post=736773"},{"taxonomy":"product_cat","embeddable":true,"href":"https:\/\/stoic-curie.212-227-153-4.plesk.page\/de\/wp-json\/wp\/v2\/product_cat?post=736773"},{"taxonomy":"product_tag","embeddable":true,"href":"https:\/\/stoic-curie.212-227-153-4.plesk.page\/de\/wp-json\/wp\/v2\/product_tag?post=736773"}],"curies":[{"name":"wp","href":"https:\/\/api.w.org\/{rel}","templated":true}]}}