{"id":736775,"date":"2025-03-03T16:33:26","date_gmt":"2025-03-03T15:33:26","guid":{"rendered":"https:\/\/stoic-curie.212-227-153-4.plesk.page\/producto\/reibleisten-t2-h45-weiss-12-m\/"},"modified":"2026-02-24T23:35:09","modified_gmt":"2026-02-24T23:35:09","slug":"reibleisten-t2-h45-weiss-12-m","status":"publish","type":"product","link":"https:\/\/stoic-curie.212-227-153-4.plesk.page\/de\/product\/reibleisten-t2-h45-weiss-12-m\/","title":{"rendered":"Reibleisten T2 H45 Wei\u00df, 12 m"},"content":{"rendered":"<p>Reibleisten T2 H45 Wei\u00df, 12 m &#8211; <\/p>\n<p>T-f\u00f6rmiges PVC-Fenderprofil. <br \/>F\u00fcr die Montage wird eine T1- oder T2-Streifenst\u00fctze ben\u00f6tigt. Das Profil wird in Packungen von 12, 16 und 24 Metern verkauft. Das Endkappen, das Abschlussjoint und die Streifenst\u00fctze sind je nach H\u00f6he des Profils und Farbe erh\u00e4ltlich.<\/p>\n","protected":false},"excerpt":{"rendered":"<p>Reibleisten T2 H45 Wei\u00df, 12 m &#8211; T-f\u00f6rmiges PVC-Fenderprofil. F\u00fcr die Montage wird eine T1- oder T2-Streifenst\u00fctze ben\u00f6tigt. Das Profil<\/p>\n","protected":false},"featured_media":5945153,"comment_status":"open","ping_status":"closed","template":"","meta":[],"product_brand":[3480],"product_cat":[1565],"product_tag":[],"class_list":{"0":"post-736775","1":"product","2":"type-product","3":"status-publish","4":"has-post-thumbnail","6":"product_brand-tessilmare-de","7":"product_cat-fender-profile","9":"first","10":"instock","11":"shipping-taxable","12":"purchasable","13":"product-type-simple"},"_links":{"self":[{"href":"https:\/\/stoic-curie.212-227-153-4.plesk.page\/de\/wp-json\/wp\/v2\/product\/736775","targetHints":{"allow":["GET"]}}],"collection":[{"href":"https:\/\/stoic-curie.212-227-153-4.plesk.page\/de\/wp-json\/wp\/v2\/product"}],"about":[{"href":"https:\/\/stoic-curie.212-227-153-4.plesk.page\/de\/wp-json\/wp\/v2\/types\/product"}],"replies":[{"embeddable":true,"href":"https:\/\/stoic-curie.212-227-153-4.plesk.page\/de\/wp-json\/wp\/v2\/comments?post=736775"}],"version-history":[{"count":0,"href":"https:\/\/stoic-curie.212-227-153-4.plesk.page\/de\/wp-json\/wp\/v2\/product\/736775\/revisions"}],"wp:featuredmedia":[{"embeddable":true,"href":"https:\/\/stoic-curie.212-227-153-4.plesk.page\/de\/wp-json\/wp\/v2\/media\/5945153"}],"wp:attachment":[{"href":"https:\/\/stoic-curie.212-227-153-4.plesk.page\/de\/wp-json\/wp\/v2\/media?parent=736775"}],"wp:term":[{"taxonomy":"product_brand","embeddable":true,"href":"https:\/\/stoic-curie.212-227-153-4.plesk.page\/de\/wp-json\/wp\/v2\/product_brand?post=736775"},{"taxonomy":"product_cat","embeddable":true,"href":"https:\/\/stoic-curie.212-227-153-4.plesk.page\/de\/wp-json\/wp\/v2\/product_cat?post=736775"},{"taxonomy":"product_tag","embeddable":true,"href":"https:\/\/stoic-curie.212-227-153-4.plesk.page\/de\/wp-json\/wp\/v2\/product_tag?post=736775"}],"curies":[{"name":"wp","href":"https:\/\/api.w.org\/{rel}","templated":true}]}}