{"id":736777,"date":"2025-03-03T16:33:26","date_gmt":"2025-03-03T15:33:26","guid":{"rendered":"https:\/\/stoic-curie.212-227-153-4.plesk.page\/producto\/tessilmare-radial-30-schwarz-12m\/"},"modified":"2026-02-24T23:35:09","modified_gmt":"2026-02-24T23:35:09","slug":"tessilmare-radial-30-schwarz-12m","status":"publish","type":"product","link":"https:\/\/stoic-curie.212-227-153-4.plesk.page\/de\/product\/tessilmare-radial-30-schwarz-12m\/","title":{"rendered":"Tessilmare Radial 30 Schwarz 12m"},"content":{"rendered":"<p>Tessilmare Radial 30 Schwarz 12m &#8211; <\/p>\n<p style=\"color: rgb(34, 34, 34); font-family: Arial, Helvetica, sans-serif; font-size: small;\">Dieses patentierte Fender-System besteht aus zwei Hauptkomponenten:<\/p>\n<ol style=\"color: rgb(34, 34, 34); font-family: Arial, Helvetica, sans-serif; font-size: small;\">\n<li>Ein strapazierf\u00e4higer Balken, der sicher mit Schrauben oder Nieten am Schiff befestigt werden kann, wodurch der Einsatz spezieller Werkzeuge entf\u00e4llt.<\/li>\n<li>Ein flexibles Gummi-Profil, das mit der Basis verbunden ist. Dieses nahtlose Element ist in ma\u00dfgerechten Rollen erh\u00e4ltlich, um Abfall zu reduzieren. Die Radial PVC Rub Rails k\u00f6nnen in jede Richtung gebogen werden, ohne dass W\u00e4rme erforderlich ist, was zu einer 70%igen Reduzierung der Montagezeit, Kosteneinsparungen, einfacher Reparatur und schnellerem Nachr\u00fcsten f\u00fchrt.<\/li>\n<\/ol>\n<p style=\"color: rgb(34, 34, 34); font-family: Arial, Helvetica, sans-serif; font-size: small;\">Das Radial Fendering Profil f\u00fcr Boote ist bekannt f\u00fcr seinen einfachen Installationsprozess, der keine speziellen Werkzeuge erfordert. Der anpassungsf\u00e4hige PVC-\u00dcberzug erm\u00f6glicht eine einfache Anpassung, selbst bei k\u00fchleren Temperaturen, wodurch die Notwendigkeit zum Heizen entf\u00e4llt. Nach der Installation sind die Schienenabschnitte diskret unter dem \u00dcberzug versteckt, was ein poliertes und elegantes Erscheinungsbild bietet.<\/p>\n<p style=\"color: rgb(34, 34, 34); font-family: Arial, Helvetica, sans-serif; font-size: small;\">Das Kit enth\u00e4lt alle notwendigen Komponenten: eine durchgehende Rolle des weichen Rub Rail-\u00dcberzugs, die ben\u00f6tigte Anzahl an semi-starren Vinyl-Befestigungsschienenabschnitten, zwei Vinyl-Endkappen und eine Vinyl-Gelenk-Abdeckkappe. Die Installation dieses Fender-Profils ist unkompliziert. Man muss lediglich den Duralene-Balken mit Schrauben oder Sika-Kleber sichern und dann das Fender-Profil auf den Balken schieben.<\/p>\n<p style=\"color: rgb(34, 34, 34); font-family: Arial, Helvetica, sans-serif; font-size: small;\">Dieses Fender-Profil verbessert nicht nur die \u00e4sthetische Anziehungskraft Ihres Schiffs, sondern auch seine Funktionalit\u00e4t. Die patentierten Designs von Tessilmare kombinieren effektiv hohe Schlagfestigkeit mit Stil und Erschwinglichkeit und modernisieren das traditionelle Aussehen von Rub Rails. Die Radial Fendering Profile bieten eine koh\u00e4rente und \u00e4sthetisch ansprechende L\u00f6sung, frei von sichtbaren Gelenken oder scharfen Kanten, was zu einem saubereren und attraktiveren Finish im Vergleich zu herk\u00f6mmlichen Mehrteil-Rub Rails f\u00fchrt.<\/p>\n<p style=\"color: rgb(34, 34, 34); font-family: Arial, Helvetica, sans-serif; font-size: small;\">Speziell f\u00fcr den Bootssektor entwickelt, kann das Tessilmare Radial in nur wenigen Minuten montiert werden. Der Installationsprozess ist unkompliziert: Befestigen Sie die Schienenabschnitte am Rumpf des Bootes und sichern Sie den \u00e4u\u00dferen \u00dcberzug \u00fcber der Schiene. Der \u00dcberzug rollt bequem von einer Gro\u00dfspule ab, und die mitgelieferten Endkappen vervollst\u00e4ndigen die Installation.<\/p>\n","protected":false},"excerpt":{"rendered":"<p>Tessilmare Radial 30 Schwarz 12m &#8211; Dieses patentierte Fender-System besteht aus zwei Hauptkomponenten: Ein strapazierf\u00e4higer Balken, der sicher mit Schrauben<\/p>\n","protected":false},"featured_media":5945154,"comment_status":"open","ping_status":"closed","template":"","meta":[],"product_brand":[3480],"product_cat":[1565],"product_tag":[],"class_list":{"0":"post-736777","1":"product","2":"type-product","3":"status-publish","4":"has-post-thumbnail","6":"product_brand-tessilmare-de","7":"product_cat-fender-profile","9":"first","10":"instock","11":"shipping-taxable","12":"purchasable","13":"product-type-simple"},"_links":{"self":[{"href":"https:\/\/stoic-curie.212-227-153-4.plesk.page\/de\/wp-json\/wp\/v2\/product\/736777","targetHints":{"allow":["GET"]}}],"collection":[{"href":"https:\/\/stoic-curie.212-227-153-4.plesk.page\/de\/wp-json\/wp\/v2\/product"}],"about":[{"href":"https:\/\/stoic-curie.212-227-153-4.plesk.page\/de\/wp-json\/wp\/v2\/types\/product"}],"replies":[{"embeddable":true,"href":"https:\/\/stoic-curie.212-227-153-4.plesk.page\/de\/wp-json\/wp\/v2\/comments?post=736777"}],"version-history":[{"count":0,"href":"https:\/\/stoic-curie.212-227-153-4.plesk.page\/de\/wp-json\/wp\/v2\/product\/736777\/revisions"}],"wp:featuredmedia":[{"embeddable":true,"href":"https:\/\/stoic-curie.212-227-153-4.plesk.page\/de\/wp-json\/wp\/v2\/media\/5945154"}],"wp:attachment":[{"href":"https:\/\/stoic-curie.212-227-153-4.plesk.page\/de\/wp-json\/wp\/v2\/media?parent=736777"}],"wp:term":[{"taxonomy":"product_brand","embeddable":true,"href":"https:\/\/stoic-curie.212-227-153-4.plesk.page\/de\/wp-json\/wp\/v2\/product_brand?post=736777"},{"taxonomy":"product_cat","embeddable":true,"href":"https:\/\/stoic-curie.212-227-153-4.plesk.page\/de\/wp-json\/wp\/v2\/product_cat?post=736777"},{"taxonomy":"product_tag","embeddable":true,"href":"https:\/\/stoic-curie.212-227-153-4.plesk.page\/de\/wp-json\/wp\/v2\/product_tag?post=736777"}],"curies":[{"name":"wp","href":"https:\/\/api.w.org\/{rel}","templated":true}]}}