{"id":736778,"date":"2025-03-03T16:33:27","date_gmt":"2025-03-03T15:33:27","guid":{"rendered":"https:\/\/stoic-curie.212-227-153-4.plesk.page\/producto\/tessilmare-radial-30-schwarz-24m\/"},"modified":"2026-02-24T23:35:09","modified_gmt":"2026-02-24T23:35:09","slug":"tessilmare-radial-30-schwarz-24m","status":"publish","type":"product","link":"https:\/\/stoic-curie.212-227-153-4.plesk.page\/de\/product\/tessilmare-radial-30-schwarz-24m\/","title":{"rendered":"Tessilmare Radial 30 Schwarz 24m"},"content":{"rendered":"<p>Tessilmare Radial 30 Schwarz 24m &#8211; <\/p>\n<p style=\"color: rgb(34, 34, 34); font-family: Arial, Helvetica, sans-serif; font-size: small;\">Das Radial-Rub-Rail bietet einen bemerkenswerten Vorteil durch seinen einfachen Installationsprozess, der keine spezialisierten Werkzeuge erfordert. Der anpassungsf\u00e4hige PVC-Bereich erm\u00f6glicht eine m\u00fchelose Montage, selbst bei k\u00fchleren Temperaturen, sodass die Notwendigkeit f\u00fcr W\u00e4rme entf\u00e4llt. Nach Abschluss der Installation sind die Gleisabschnitte diskret unter dem Geh\u00e4use verborgen, was zu einem polierten und eleganten Erscheinungsbild f\u00fchrt.<\/p>\n<p style=\"color: rgb(34, 34, 34); font-family: Arial, Helvetica, sans-serif; font-size: small;\">Das Kit enth\u00e4lt alle notwendigen Komponenten: eine durchgehende Rolle weicher Rub-Rail-Abdeckung, die entsprechende Menge an semi-starren Vinyl-Montageschienen, zwei Vinyl-Endkappen und eine Vinyl-Verbindungsabdeckkappe. Die Installation dieses Fenderprofils ist unkompliziert. Man muss lediglich die Duralen-Stange mit Schrauben oder Sika-Kleber befestigen und anschlie\u00dfend das Fenderprofil auf die Stange schieben.<\/p>\n<p style=\"color: rgb(34, 34, 34); font-family: Arial, Helvetica, sans-serif; font-size: small;\">Dieses Fenderprofil verbessert nicht nur die optische Anziehungskraft, sondern auch die Funktionalit\u00e4t Ihres Bootes. Die patentierten Designs von Tessilmare vereinen hohe Schlagfestigkeit mit Eleganz und Wirtschaftlichkeit und verwandeln so die traditionelle \u00c4sthetik von Rub Rails. Die Radial-Fenderprofile bieten eine nahtlose und optisch ansprechende L\u00f6sung, frei von sichtbaren Fugen oder scharfen Kanten, was zu einem saubereren und attraktiveren Finish im Vergleich zu herk\u00f6mmlichen Mehrteil-Rub-Rails f\u00fchrt.<\/p>\n<p style=\"color: rgb(34, 34, 34); font-family: Arial, Helvetica, sans-serif; font-size: small;\">Speziell f\u00fcr die Marineindustrie entwickelt, kann das Tessilmare Radial in wenigen Minuten montiert werden. Der Installationsprozess ist einfach: Befestigen Sie die Gleisabschnitte am Rumpf des Bootes und sichern Sie die \u00e4u\u00dfere Abdeckung \u00fcber dem Gleis. Die Abdeckung rollt bequem aus einer gr\u00f6\u00dferen Spule ab, und die enthaltenen Endkappen vervollst\u00e4ndigen die Installation.<\/p>\n<p style=\"color: rgb(34, 34, 34); font-family: Arial, Helvetica, sans-serif; font-size: small;\">Dieses patentierte Fender-System umfasst zwei wesentliche Komponenten:<\/p>\n<ol style=\"color: rgb(34, 34, 34); font-family: Arial, Helvetica, sans-serif; font-size: small;\">\n<li>Eine robuste Stange, die sicher mit Schrauben oder Nieten am Boot befestigt werden kann, ohne dass spezielle Werkzeuge erforderlich sind.<\/li>\n<li>Ein flexibles Gummiprofil, das an der Basis befestigt wird. Dieser nahtlose Einsatz ist in ma\u00dfgeschneiderten Rollen erh\u00e4ltlich, um Abfall zu minimieren. Die Radial-PVC-Rub-Rails k\u00f6nnen ohne W\u00e4rmeeinsatz in jede Richtung gebogen werden, was zu einer 70%igen Reduzierung der Montagezeit, Kosteneffizienz, einfacher Reparatur und schneller Nachr\u00fcstung f\u00fchrt.<\/li>\n<\/ol>\n","protected":false},"excerpt":{"rendered":"<p>Tessilmare Radial 30 Schwarz 24m &#8211; Das Radial-Rub-Rail bietet einen bemerkenswerten Vorteil durch seinen einfachen Installationsprozess, der keine spezialisierten Werkzeuge<\/p>\n","protected":false},"featured_media":5945154,"comment_status":"open","ping_status":"closed","template":"","meta":[],"product_brand":[3480],"product_cat":[1565],"product_tag":[],"class_list":{"0":"post-736778","1":"product","2":"type-product","3":"status-publish","4":"has-post-thumbnail","6":"product_brand-tessilmare-de","7":"product_cat-fender-profile","9":"first","10":"instock","11":"shipping-taxable","12":"purchasable","13":"product-type-simple"},"_links":{"self":[{"href":"https:\/\/stoic-curie.212-227-153-4.plesk.page\/de\/wp-json\/wp\/v2\/product\/736778","targetHints":{"allow":["GET"]}}],"collection":[{"href":"https:\/\/stoic-curie.212-227-153-4.plesk.page\/de\/wp-json\/wp\/v2\/product"}],"about":[{"href":"https:\/\/stoic-curie.212-227-153-4.plesk.page\/de\/wp-json\/wp\/v2\/types\/product"}],"replies":[{"embeddable":true,"href":"https:\/\/stoic-curie.212-227-153-4.plesk.page\/de\/wp-json\/wp\/v2\/comments?post=736778"}],"version-history":[{"count":0,"href":"https:\/\/stoic-curie.212-227-153-4.plesk.page\/de\/wp-json\/wp\/v2\/product\/736778\/revisions"}],"wp:featuredmedia":[{"embeddable":true,"href":"https:\/\/stoic-curie.212-227-153-4.plesk.page\/de\/wp-json\/wp\/v2\/media\/5945154"}],"wp:attachment":[{"href":"https:\/\/stoic-curie.212-227-153-4.plesk.page\/de\/wp-json\/wp\/v2\/media?parent=736778"}],"wp:term":[{"taxonomy":"product_brand","embeddable":true,"href":"https:\/\/stoic-curie.212-227-153-4.plesk.page\/de\/wp-json\/wp\/v2\/product_brand?post=736778"},{"taxonomy":"product_cat","embeddable":true,"href":"https:\/\/stoic-curie.212-227-153-4.plesk.page\/de\/wp-json\/wp\/v2\/product_cat?post=736778"},{"taxonomy":"product_tag","embeddable":true,"href":"https:\/\/stoic-curie.212-227-153-4.plesk.page\/de\/wp-json\/wp\/v2\/product_tag?post=736778"}],"curies":[{"name":"wp","href":"https:\/\/api.w.org\/{rel}","templated":true}]}}