{"id":736781,"date":"2025-03-03T16:33:27","date_gmt":"2025-03-03T15:33:27","guid":{"rendered":"https:\/\/stoic-curie.212-227-153-4.plesk.page\/producto\/tessilmare-radial-30-grau-12m\/"},"modified":"2026-02-24T23:35:09","modified_gmt":"2026-02-24T23:35:09","slug":"tessilmare-radial-30-grau-12m","status":"publish","type":"product","link":"https:\/\/stoic-curie.212-227-153-4.plesk.page\/de\/product\/tessilmare-radial-30-grau-12m\/","title":{"rendered":"Tessilmare Radial 30 Grau 12m"},"content":{"rendered":"<p>Tessilmare Radial 30 Grau 12m &#8211; <\/p>\n<p style=\"color: rgb(34, 34, 34); font-family: Arial, Helvetica, sans-serif; font-size: small;\">Dieses patentierte Fender-System besteht aus zwei Hauptkomponenten:<\/p>\n<ol style=\"color: rgb(34, 34, 34); font-family: Arial, Helvetica, sans-serif; font-size: small;\">\n<li>Eine robuste Leiste, die mit Schrauben oder Nieten sicher am Schiff befestigt werden kann, wodurch der Einsatz spezieller Werkzeuge \u00fcberfl\u00fcssig wird.<\/li>\n<li>Ein flexibles Gummiprofil, das an der Basis angebracht wird. Dieser nahtlose Einsatz ist in ma\u00dfgeschneiderten Rollen erh\u00e4ltlich, um Abfall zu reduzieren. Die radialen PVC-Fenderleisten k\u00f6nnen in jede Richtung gebogen werden, ohne dass W\u00e4rme erforderlich ist, was zu einer 70%igen Reduzierung der Montagezeit f\u00fchrt, Kosten spart, die Reparatur erleichtert und eine schnellere Nachr\u00fcstung erm\u00f6glicht.<\/li>\n<\/ol>\n<p style=\"color: rgb(34, 34, 34); font-family: Arial, Helvetica, sans-serif; font-size: small;\">Das Radial-Fenderprofil f\u00fcr Boote ist bekannt f\u00fcr seinen einfachen Installationsprozess, der keine speziellen Werkzeuge erfordert. Die anpassungsf\u00e4hige PVC-Abdeckung erm\u00f6glicht eine unkomplizierte Montage, selbst bei k\u00fchleren Temperaturen, wodurch die Notwendigkeit f\u00fcr Heizung entf\u00e4llt. Nach der Installation sind die Schienensegmente diskret unter der Abdeckung verborgen, was ein elegantes und raffiniertes Erscheinungsbild gew\u00e4hrleistet.<\/p>\n<p style=\"color: rgb(34, 34, 34); font-family: Arial, Helvetica, sans-serif; font-size: small;\">Das Kit enth\u00e4lt alle notwendigen Komponenten: eine durchgehende Rolle mit weicher Fenderabdeckung, die erforderliche Anzahl an halbstarren Vinylmontageschienen, zwei Vinyl-Endkappen und eine Vinyl-Verbindungsabdeckung. Die Installation dieses Fenderprofils ist ein Kinderspiel. Sichern Sie einfach die Duralene-Leiste mit Schrauben oder Sika-Kleber und schieben Sie dann das Fenderprofil auf die Leiste.<\/p>\n<p style=\"color: rgb(34, 34, 34); font-family: Arial, Helvetica, sans-serif; font-size: small;\">Dieses Fenderprofil verbessert nicht nur die visuelle Anziehungskraft Ihres Bootes, sondern auch dessen Funktionalit\u00e4t. Die patentierten Designs von Tessilmare verbinden effektiv hohe Schlagfestigkeit mit Stil und Erschwinglichkeit und modernisieren das traditionelle Erscheinungsbild von Fenderleisten. Die radialen Fenderprofile bieten eine koh\u00e4rente und \u00e4sthetisch ansprechende L\u00f6sung, frei von sichtbaren Verbindungen oder scharfen Kanten, was zu einem saubereren und attraktiveren Finish im Vergleich zu herk\u00f6mmlichen Mehrteil-Fenderleisten f\u00fchrt.<\/p>\n<p style=\"color: rgb(34, 34, 34); font-family: Arial, Helvetica, sans-serif; font-size: small;\">Speziell f\u00fcr die Bootsindustrie entwickelt, kann das Tessilmare Radial in nur wenigen Minuten montiert werden. Der Installationsprozess ist unkompliziert: Befestigen Sie die Schienensegmente am Rumpf des Bootes und sichern Sie die \u00e4u\u00dfere Abdeckung \u00fcber der Schiene. Die Abdeckung wird bequem von einer Gro\u00dfspule abgerollt, und die enthaltenen Endkappen runden die Installation ab.<\/p>\n","protected":false},"excerpt":{"rendered":"<p>Tessilmare Radial 30 Grau 12m &#8211; Dieses patentierte Fender-System besteht aus zwei Hauptkomponenten: Eine robuste Leiste, die mit Schrauben oder<\/p>\n","protected":false},"featured_media":5945170,"comment_status":"open","ping_status":"closed","template":"","meta":[],"product_brand":[3480],"product_cat":[1565],"product_tag":[],"class_list":{"0":"post-736781","1":"product","2":"type-product","3":"status-publish","4":"has-post-thumbnail","6":"product_brand-tessilmare-de","7":"product_cat-fender-profile","9":"first","10":"instock","11":"shipping-taxable","12":"purchasable","13":"product-type-simple"},"_links":{"self":[{"href":"https:\/\/stoic-curie.212-227-153-4.plesk.page\/de\/wp-json\/wp\/v2\/product\/736781","targetHints":{"allow":["GET"]}}],"collection":[{"href":"https:\/\/stoic-curie.212-227-153-4.plesk.page\/de\/wp-json\/wp\/v2\/product"}],"about":[{"href":"https:\/\/stoic-curie.212-227-153-4.plesk.page\/de\/wp-json\/wp\/v2\/types\/product"}],"replies":[{"embeddable":true,"href":"https:\/\/stoic-curie.212-227-153-4.plesk.page\/de\/wp-json\/wp\/v2\/comments?post=736781"}],"version-history":[{"count":0,"href":"https:\/\/stoic-curie.212-227-153-4.plesk.page\/de\/wp-json\/wp\/v2\/product\/736781\/revisions"}],"wp:featuredmedia":[{"embeddable":true,"href":"https:\/\/stoic-curie.212-227-153-4.plesk.page\/de\/wp-json\/wp\/v2\/media\/5945170"}],"wp:attachment":[{"href":"https:\/\/stoic-curie.212-227-153-4.plesk.page\/de\/wp-json\/wp\/v2\/media?parent=736781"}],"wp:term":[{"taxonomy":"product_brand","embeddable":true,"href":"https:\/\/stoic-curie.212-227-153-4.plesk.page\/de\/wp-json\/wp\/v2\/product_brand?post=736781"},{"taxonomy":"product_cat","embeddable":true,"href":"https:\/\/stoic-curie.212-227-153-4.plesk.page\/de\/wp-json\/wp\/v2\/product_cat?post=736781"},{"taxonomy":"product_tag","embeddable":true,"href":"https:\/\/stoic-curie.212-227-153-4.plesk.page\/de\/wp-json\/wp\/v2\/product_tag?post=736781"}],"curies":[{"name":"wp","href":"https:\/\/api.w.org\/{rel}","templated":true}]}}