{"id":736782,"date":"2025-03-03T16:33:27","date_gmt":"2025-03-03T15:33:27","guid":{"rendered":"https:\/\/stoic-curie.212-227-153-4.plesk.page\/producto\/tessilmare-radial-30-grau-24m\/"},"modified":"2026-02-24T23:35:09","modified_gmt":"2026-02-24T23:35:09","slug":"tessilmare-radial-30-grau-24m","status":"publish","type":"product","link":"https:\/\/stoic-curie.212-227-153-4.plesk.page\/de\/product\/tessilmare-radial-30-grau-24m\/","title":{"rendered":"Tessilmare Radial 30 Grau 24m"},"content":{"rendered":"<p>Tessilmare Radial 30 Grau 24m &#8211; <\/p>\n<p style=\"color: rgb(34, 34, 34); font-family: Arial, Helvetica, sans-serif; font-size: small;\">Der RadialRub-Rail bietet einen bemerkenswerten Vorteil durch den einfachen Installationsprozess, der keine speziellen Werkzeuge erfordert. Der anpassungsf\u00e4hige PVC-\u00dcberzug erm\u00f6glicht eine einfache Anpassung, selbst bei k\u00fchleren Temperaturen, wodurch eine Erw\u00e4rmung entf\u00e4llt. Nach der Installation sind die Schienenst\u00fccke diskret unter dem \u00dcberzug verborgen, was ein poliertes und anspruchsvolles Aussehen bietet.<\/p>\n<p style=\"color: rgb(34, 34, 34); font-family: Arial, Helvetica, sans-serif; font-size: small;\">Das Kit enth\u00e4lt alle notwendigen Komponenten: eine kontinuierliche Rolle des weichen Rub-Rail-\u00dcberzugs, die passende Menge an semi-starren Vinylmontageschienen, zwei Vinylendkappen und eine Vinylgelenkabdeckung. Die Installation dieses Fenderprofils ist einfach. Sie m\u00fcssen nur den Duralene-Balken mit Schrauben oder Sika-Kleber sichern und dann das Fenderprofil auf den Balken schieben.<\/p>\n<p style=\"color: rgb(34, 34, 34); font-family: Arial, Helvetica, sans-serif; font-size: small;\">Dieses Fenderprofil verbessert nicht nur die visuelle Anziehungskraft, sondern auch die Funktionalit\u00e4t Ihres Bootes. Die patentierten Designs von Tessilmare vereinen hohe Schlagfestigkeit mit Stil und Erschwinglichkeit und aktualisieren effektiv das traditionelle Aussehen von Rub Rails. Die Radial-Fenderprofile bieten eine nahtlose und \u00e4sthetisch ansprechende L\u00f6sung, die frei von sichtbaren Fugen oder scharfen Kanten ist und zu einem saubereren und attraktiveren Finish im Vergleich zu herk\u00f6mmlichen Mehrteilerubrails f\u00fchrt.<\/p>\n<p style=\"color: rgb(34, 34, 34); font-family: Arial, Helvetica, sans-serif; font-size: small;\">Speziell f\u00fcr die Marineindustrie entwickelt, kann das Tessilmare Radial in nur wenigen Minuten zusammengebaut werden. Der Installationsprozess ist unkompliziert: Befestigen Sie die Schienenst\u00fccke am Rumpf des Bootes und sichern Sie den \u00e4u\u00dferen \u00dcberzug \u00fcber der Schiene. Der \u00dcberzug wird bequem von einer Gro\u00dfrolle abgerollt, und die enthaltenen Endkappen vervollst\u00e4ndigen die Installation.<\/p>\n<p style=\"color: rgb(34, 34, 34); font-family: Arial, Helvetica, sans-serif; font-size: small;\">Dieses patentierte Fender-System besteht aus zwei Hauptkomponenten:<\/p>\n<ol style=\"color: rgb(34, 34, 34); font-family: Arial, Helvetica, sans-serif; font-size: small;\">\n<li>Ein stabiler Balken, der mit Schrauben oder Nieten sicher am Boot befestigt werden kann, ohne das Erfordernis spezieller Werkzeuge.<\/li>\n<li>Ein flexibles Gummiprofil, das mit der Basis verbunden wird. Diese nahtlose Eins\u00e4tze sind in ma\u00dfgefertigten Rollen erh\u00e4ltlich, um die Abfallmenge zu minimieren. Die Radial-PVC-Rubrails k\u00f6nnen in jede Richtung gebogen werden, ohne dass W\u00e4rme angewendet werden muss, was zu einer 70%igen Reduzierung der Montagedauer, Kosteneinsparungen, einer erleichterten Reparatur und einer schnellen Nachjustierung f\u00fchrt.<\/li>\n<\/ol>\n","protected":false},"excerpt":{"rendered":"<p>Tessilmare Radial 30 Grau 24m &#8211; Der RadialRub-Rail bietet einen bemerkenswerten Vorteil durch den einfachen Installationsprozess, der keine speziellen Werkzeuge<\/p>\n","protected":false},"featured_media":5945170,"comment_status":"open","ping_status":"closed","template":"","meta":[],"product_brand":[3480],"product_cat":[1565],"product_tag":[],"class_list":{"0":"post-736782","1":"product","2":"type-product","3":"status-publish","4":"has-post-thumbnail","6":"product_brand-tessilmare-de","7":"product_cat-fender-profile","9":"first","10":"instock","11":"shipping-taxable","12":"purchasable","13":"product-type-simple"},"_links":{"self":[{"href":"https:\/\/stoic-curie.212-227-153-4.plesk.page\/de\/wp-json\/wp\/v2\/product\/736782","targetHints":{"allow":["GET"]}}],"collection":[{"href":"https:\/\/stoic-curie.212-227-153-4.plesk.page\/de\/wp-json\/wp\/v2\/product"}],"about":[{"href":"https:\/\/stoic-curie.212-227-153-4.plesk.page\/de\/wp-json\/wp\/v2\/types\/product"}],"replies":[{"embeddable":true,"href":"https:\/\/stoic-curie.212-227-153-4.plesk.page\/de\/wp-json\/wp\/v2\/comments?post=736782"}],"version-history":[{"count":0,"href":"https:\/\/stoic-curie.212-227-153-4.plesk.page\/de\/wp-json\/wp\/v2\/product\/736782\/revisions"}],"wp:featuredmedia":[{"embeddable":true,"href":"https:\/\/stoic-curie.212-227-153-4.plesk.page\/de\/wp-json\/wp\/v2\/media\/5945170"}],"wp:attachment":[{"href":"https:\/\/stoic-curie.212-227-153-4.plesk.page\/de\/wp-json\/wp\/v2\/media?parent=736782"}],"wp:term":[{"taxonomy":"product_brand","embeddable":true,"href":"https:\/\/stoic-curie.212-227-153-4.plesk.page\/de\/wp-json\/wp\/v2\/product_brand?post=736782"},{"taxonomy":"product_cat","embeddable":true,"href":"https:\/\/stoic-curie.212-227-153-4.plesk.page\/de\/wp-json\/wp\/v2\/product_cat?post=736782"},{"taxonomy":"product_tag","embeddable":true,"href":"https:\/\/stoic-curie.212-227-153-4.plesk.page\/de\/wp-json\/wp\/v2\/product_tag?post=736782"}],"curies":[{"name":"wp","href":"https:\/\/api.w.org\/{rel}","templated":true}]}}