{"id":736784,"date":"2025-03-03T16:33:28","date_gmt":"2025-03-03T15:33:28","guid":{"rendered":"https:\/\/stoic-curie.212-227-153-4.plesk.page\/producto\/tessilmare-radial-40-schwarz-24m\/"},"modified":"2026-02-24T23:35:09","modified_gmt":"2026-02-24T23:35:09","slug":"tessilmare-radial-40-schwarz-24m","status":"publish","type":"product","link":"https:\/\/stoic-curie.212-227-153-4.plesk.page\/de\/product\/tessilmare-radial-40-schwarz-24m\/","title":{"rendered":"Tessilmare Radial 40 Schwarz 24m"},"content":{"rendered":"<p>Tessilmare Radial 40 Schwarz 24m &#8211; <\/p>\n<p style=\"color: rgb(34, 34, 34); font-family: Arial, Helvetica, sans-serif; font-size: small;\">F\u00fcr die Installation dieses Fenderprofils muss einfach der Duralene-Streifen mit Schrauben oder Sika-Kleber befestigt werden, gefolgt davon, dass das Fenderprofil auf den Streifen geschoben wird. Das Fenderprofil eines Bootes kann effektiv Stil und Praktikabilit\u00e4t vereinen. Die patentierten Fenderprofile von Tessilmare kombinieren hohe Schlagfestigkeit mit Eleganz und Kostenbewusstsein. Ihre modernen Designs haben das Aussehen herk\u00f6mmlicher Gummileisten revolutioniert. Die Radial Fenderprofile bieten eine nahtlose und \u00e4sthetisch ansprechende L\u00f6sung, ohne sichtbare Fugen oder scharfe Kanten, was zu einem saubereren und ansprechenderen Finish im Vergleich zu traditionellen Mehrst\u00fcck-Gummileisten f\u00fchrt. Das Tessilmare Radial wurde sorgf\u00e4ltig f\u00fcr den maritimen Sektor entworfen und erm\u00f6glicht eine Montage in nur wenigen Minuten. Der Installationsprozess ist ziemlich einfach; es beinhaltet das Anbringen von Schienenabschnitten am Rumpf des Bootes und das Sichern der \u00e4u\u00dferen Abdeckung \u00fcber der Schiene. Die Abdeckung kann m\u00fchelos von einer gro\u00dfen Rolle abgerollt werden, und die enthaltenen Endkappen vervollst\u00e4ndigen die Installation.<\/p>\n<p style=\"color: rgb(34, 34, 34); font-family: Arial, Helvetica, sans-serif; font-size: small;\">Ein Hauptvorteil der Radial Gummileiste ist die einfache Installation, die keine spezialisierten Werkzeuge erfordert. Ihre flexible PVC-Abdeckung erm\u00f6glicht eine einfache Anpassung, selbst bei k\u00fchlerem Wetter, wodurch die Notwendigkeit einer Erw\u00e4rmung entf\u00e4llt. Nach der Installation sind die Schienenabschnitte vollst\u00e4ndig unter der Abdeckung verborgen, was zu einem schlanken und eleganten Aussehen f\u00fchrt. Das Set enth\u00e4lt alle wesentlichen Komponenten: eine durchgehende Rolle mit weicher Gummileistenabdeckung, die erforderliche Anzahl an semi-starren Vinilschienenabschnitten, zwei Vinyl-Endkappen und eine Vinyl-Joint-Abdeckkappe.<\/p>\n<p style=\"color: rgb(34, 34, 34); font-family: Arial, Helvetica, sans-serif; font-size: small;\">Dieses patentierte Fender-System besteht aus zwei Schl\u00fcsselelementen:<\/p>\n<ol style=\"color: rgb(34, 34, 34); font-family: Arial, Helvetica, sans-serif; font-size: small;\">\n<li>Ein robuster Streifen, der sicher mit Schrauben oder Nieten am Boot befestigt werden kann, ohne dass spezielle Werkzeuge erforderlich sind.<\/li>\n<li>Ein flexibles Gummiprofil, das mit der Basis verbunden ist. Dieses nahtlose Eins\u00e4tzen ist in ma\u00dfgefertigten Rollen erh\u00e4ltlich, um den Abfall zu minimieren. Die Radial PVC Gummileisten k\u00f6nnen in jede Richtung manuell gebogen werden, ohne dass W\u00e4rme erforderlich ist. Sie sind 70 % schneller zu montieren, budgetfreundlich, einfach zu reparieren und schnell nachzur\u00fcsten.<\/li>\n<\/ol>\n","protected":false},"excerpt":{"rendered":"<p>Tessilmare Radial 40 Schwarz 24m &#8211; F\u00fcr die Installation dieses Fenderprofils muss einfach der Duralene-Streifen mit Schrauben oder Sika-Kleber befestigt<\/p>\n","protected":false},"featured_media":5945154,"comment_status":"open","ping_status":"closed","template":"","meta":[],"product_brand":[3480],"product_cat":[1565],"product_tag":[],"class_list":{"0":"post-736784","1":"product","2":"type-product","3":"status-publish","4":"has-post-thumbnail","6":"product_brand-tessilmare-de","7":"product_cat-fender-profile","9":"first","10":"instock","11":"shipping-taxable","12":"purchasable","13":"product-type-simple"},"_links":{"self":[{"href":"https:\/\/stoic-curie.212-227-153-4.plesk.page\/de\/wp-json\/wp\/v2\/product\/736784","targetHints":{"allow":["GET"]}}],"collection":[{"href":"https:\/\/stoic-curie.212-227-153-4.plesk.page\/de\/wp-json\/wp\/v2\/product"}],"about":[{"href":"https:\/\/stoic-curie.212-227-153-4.plesk.page\/de\/wp-json\/wp\/v2\/types\/product"}],"replies":[{"embeddable":true,"href":"https:\/\/stoic-curie.212-227-153-4.plesk.page\/de\/wp-json\/wp\/v2\/comments?post=736784"}],"version-history":[{"count":0,"href":"https:\/\/stoic-curie.212-227-153-4.plesk.page\/de\/wp-json\/wp\/v2\/product\/736784\/revisions"}],"wp:featuredmedia":[{"embeddable":true,"href":"https:\/\/stoic-curie.212-227-153-4.plesk.page\/de\/wp-json\/wp\/v2\/media\/5945154"}],"wp:attachment":[{"href":"https:\/\/stoic-curie.212-227-153-4.plesk.page\/de\/wp-json\/wp\/v2\/media?parent=736784"}],"wp:term":[{"taxonomy":"product_brand","embeddable":true,"href":"https:\/\/stoic-curie.212-227-153-4.plesk.page\/de\/wp-json\/wp\/v2\/product_brand?post=736784"},{"taxonomy":"product_cat","embeddable":true,"href":"https:\/\/stoic-curie.212-227-153-4.plesk.page\/de\/wp-json\/wp\/v2\/product_cat?post=736784"},{"taxonomy":"product_tag","embeddable":true,"href":"https:\/\/stoic-curie.212-227-153-4.plesk.page\/de\/wp-json\/wp\/v2\/product_tag?post=736784"}],"curies":[{"name":"wp","href":"https:\/\/api.w.org\/{rel}","templated":true}]}}