{"id":736788,"date":"2025-03-03T16:33:29","date_gmt":"2025-03-03T15:33:29","guid":{"rendered":"https:\/\/stoic-curie.212-227-153-4.plesk.page\/producto\/tessilmare-radial-40-grau-24m\/"},"modified":"2026-02-24T23:35:09","modified_gmt":"2026-02-24T23:35:09","slug":"tessilmare-radial-40-grau-24m","status":"publish","type":"product","link":"https:\/\/stoic-curie.212-227-153-4.plesk.page\/de\/product\/tessilmare-radial-40-grau-24m\/","title":{"rendered":"Tessilmare Radial 40 Grau 24m"},"content":{"rendered":"<p>Tessilmare Radial 40 Grau 24m &#8211; <\/p>\n<p style=\"color: rgb(34, 34, 34); font-family: Arial, Helvetica, sans-serif; font-size: small;\">F\u00fcr die Installation ben\u00f6tigt dieses Fenderprofil einen einfachen Ansatz, der die sichere Befestigung der Duralene-Stange mit Schrauben oder Sika-Kleber umfasst, gefolgt von dem vorsichtigen Aufschieben des Fenderprofils auf die Stange. Das Fenderprofil eines Bootes kombiniert effektiv \u00e4sthetische Anziehungskraft mit Funktionalit\u00e4t. Die patentierten Fenderprofile von Tessilmare vereinen langlebige Hochimpact-Eigenschaften mit Eleganz und Kostenersparnis. Ihre innovativen Designs haben das Erscheinungsbild traditioneller Rub Rails neu definiert. Die Radial-Fenderprofile bieten eine nahtlose und optisch ansprechende L\u00f6sung, die frei von sichtbaren Verbindungen oder scharfen Kanten ist, was zu einem saubereren und attraktiveren Finish im Vergleich zu herk\u00f6mmlichen Mehrteil-Rub Rails f\u00fchrt. Das Tessilmare Radial wurde sorgf\u00e4ltig f\u00fcr die Marineindustrie entwickelt und erm\u00f6glicht eine Montage in nur wenigen Minuten. Der Installationsprozess ist bemerkenswert einfach; er umfasst das Befestigen von Schienenabschnitten am Rumpf des Bootes und das Sichern des \u00e4u\u00dferen Covers \u00fcber der Schiene. Der Bezug kann einfach von einer Gro\u00dfspule abgerollt werden, und die enthaltenen Endkappen runden die Installation ab.<\/p>\n<p style=\"color: rgb(34, 34, 34); font-family: Arial, Helvetica, sans-serif; font-size: small;\">Einer der Hauptvorteile des Radial-Rub Rails ist die einfache Installation, die keine speziellen Werkzeuge erfordert. Der flexible PVC-Bezug erm\u00f6glicht eine unkomplizierte Anpassung, selbst bei k\u00fchlem Wetter, wodurch die Notwendigkeit einer Erw\u00e4rmung entf\u00e4llt. Bei Abschluss der Installation sind die Schienenabschnitte vollst\u00e4ndig unter dem Bezug verborgen, was zu einem schlanken und raffinierten Erscheinungsbild f\u00fchrt. Das Kit enth\u00e4lt alle wesentlichen Komponenten: eine durchgehende Rolle des weichen Rub Rail-Bezugs, die erforderliche Anzahl an semi-rigiden Montageschienen der Vinylsegmente, zwei Vinyl-Endkappen und eine Vinyl-Verbindungskappe.<\/p>\n<p style=\"color: rgb(34, 34, 34); font-family: Arial, Helvetica, sans-serif; font-size: small;\">Dieses patentierte Fenderungssystem besteht aus zwei grundlegenden Elementen:<\/p>\n<ol style=\"color: rgb(34, 34, 34); font-family: Arial, Helvetica, sans-serif; font-size: small;\">\n<li>Eine robuste Stange, die mit Schrauben oder Nieten sicher am Boot befestigt werden kann, ohne dass spezielle Werkzeuge erforderlich sind.<\/li>\n<li>Ein flexibles Gummiprofil, das mit der Basis verbunden ist. Diese nahtlose Einlage ist in ma\u00dfgeschneiderten Rollen erh\u00e4ltlich, um Abfall zu minimieren. Die Radial-PVC-Rub Rails k\u00f6nnen manuell in jede Richtung gebogen werden, ohne dass W\u00e4rme erforderlich ist. Sie sind 70 % schneller zu montieren, kosteneffektiv, leicht zu reparieren und schnell nachzur\u00fcsten.<\/li>\n<\/ol>\n","protected":false},"excerpt":{"rendered":"<p>Tessilmare Radial 40 Grau 24m &#8211; F\u00fcr die Installation ben\u00f6tigt dieses Fenderprofil einen einfachen Ansatz, der die sichere Befestigung der<\/p>\n","protected":false},"featured_media":5945170,"comment_status":"open","ping_status":"closed","template":"","meta":[],"product_brand":[3480],"product_cat":[1565],"product_tag":[],"class_list":{"0":"post-736788","1":"product","2":"type-product","3":"status-publish","4":"has-post-thumbnail","6":"product_brand-tessilmare-de","7":"product_cat-fender-profile","9":"first","10":"instock","11":"shipping-taxable","12":"purchasable","13":"product-type-simple"},"_links":{"self":[{"href":"https:\/\/stoic-curie.212-227-153-4.plesk.page\/de\/wp-json\/wp\/v2\/product\/736788","targetHints":{"allow":["GET"]}}],"collection":[{"href":"https:\/\/stoic-curie.212-227-153-4.plesk.page\/de\/wp-json\/wp\/v2\/product"}],"about":[{"href":"https:\/\/stoic-curie.212-227-153-4.plesk.page\/de\/wp-json\/wp\/v2\/types\/product"}],"replies":[{"embeddable":true,"href":"https:\/\/stoic-curie.212-227-153-4.plesk.page\/de\/wp-json\/wp\/v2\/comments?post=736788"}],"version-history":[{"count":0,"href":"https:\/\/stoic-curie.212-227-153-4.plesk.page\/de\/wp-json\/wp\/v2\/product\/736788\/revisions"}],"wp:featuredmedia":[{"embeddable":true,"href":"https:\/\/stoic-curie.212-227-153-4.plesk.page\/de\/wp-json\/wp\/v2\/media\/5945170"}],"wp:attachment":[{"href":"https:\/\/stoic-curie.212-227-153-4.plesk.page\/de\/wp-json\/wp\/v2\/media?parent=736788"}],"wp:term":[{"taxonomy":"product_brand","embeddable":true,"href":"https:\/\/stoic-curie.212-227-153-4.plesk.page\/de\/wp-json\/wp\/v2\/product_brand?post=736788"},{"taxonomy":"product_cat","embeddable":true,"href":"https:\/\/stoic-curie.212-227-153-4.plesk.page\/de\/wp-json\/wp\/v2\/product_cat?post=736788"},{"taxonomy":"product_tag","embeddable":true,"href":"https:\/\/stoic-curie.212-227-153-4.plesk.page\/de\/wp-json\/wp\/v2\/product_tag?post=736788"}],"curies":[{"name":"wp","href":"https:\/\/api.w.org\/{rel}","templated":true}]}}