{"id":736790,"date":"2025-03-03T16:33:29","date_gmt":"2025-03-03T15:33:29","guid":{"rendered":"https:\/\/stoic-curie.212-227-153-4.plesk.page\/producto\/tessilmare-radial-52-weiss-12m\/"},"modified":"2026-02-24T23:35:09","modified_gmt":"2026-02-24T23:35:09","slug":"tessilmare-radial-52-weiss-12m","status":"publish","type":"product","link":"https:\/\/stoic-curie.212-227-153-4.plesk.page\/de\/product\/tessilmare-radial-52-weiss-12m\/","title":{"rendered":"Tessilmare Radial 52 Wei\u00df 12m"},"content":{"rendered":"<p>Tessilmare Radial 52 Wei\u00df 12m &#8211; <\/p>\n<p style=\"color: rgb(34, 34, 34); font-family: Arial, Helvetica, sans-serif; font-size: small;\">Die Radial Rub Rail bietet einen bemerkenswerten Vorteil mit ihrem unkomplizierten Installationsprozess, der keine speziellen Werkzeuge erfordert. Ihr anpassungsf\u00e4higer PVC-Bereich erm\u00f6glicht ein einfaches Anbringen, selbst bei niedrigeren Temperaturen, und eliminiert somit die Notwendigkeit zum Erhitzen. Nach der Installation sind die Track-Abschnitte unter der Abdeckung verborgen, was zu einem eleganten und raffinierten Erscheinungsbild f\u00fchrt.<\/p>\n<p style=\"color: rgb(34, 34, 34); font-family: Arial, Helvetica, sans-serif; font-size: small;\">Das Set ist vollst\u00e4ndig mit allen notwendigen Komponenten ausgestattet: einer durchgehenden Rolle aus weichem Rub Rail Cover, der richtigen Menge an halbsteifen Vinyl-Montageschienen, zwei Vinyl-Endkappen und einer Vinyl-Verbindungsabdeckung. Die Installation dieses Fenderprofils ist unkompliziert. Befestigen Sie einfach den Duralene-Balken mit Schrauben oder Sika-Kleber und schieben dann das Fenderprofil auf den Balken.<\/p>\n<p style=\"color: rgb(34, 34, 34); font-family: Arial, Helvetica, sans-serif; font-size: small;\">Dieses Fenderprofil verbessert nicht nur die \u00e4sthetische Anziehungskraft, sondern verbessert auch die Funktionalit\u00e4t Ihres Bootes. Die patentierten Designs von Tessilmare vereinen hohe Schlagfestigkeit mit Raffinesse und Erschwinglichkeit und revolutionieren das herk\u00f6mmliche Erscheinungsbild von Rub Rails. Die Radial-Fenderprofile bieten eine nahtlose und optisch ansprechende L\u00f6sung, frei von sichtbaren Verbindungen oder scharfen Kanten, was zu einem saubereren und attraktiveren Finish im Vergleich zu herk\u00f6mmlichen Mehrteil-Rub Rails f\u00fchrt.<\/p>\n<p style=\"color: rgb(34, 34, 34); font-family: Arial, Helvetica, sans-serif; font-size: small;\">Speziell f\u00fcr den maritimen Sektor entwickelt, kann das Tessilmare Radial in nur wenigen Minuten montiert werden. Das Installationsverfahren ist einfach: Befestigen Sie die Track-Abschnitte am Rumpf des Bootes und sichern Sie die \u00e4u\u00dfere Abdeckung \u00fcber dem Track. Die Abdeckung rollt bequem von einer Gro\u00dfcoil ab, und die bereitgestellten Endkappen vervollst\u00e4ndigen die Installation.<\/p>\n<p style=\"color: rgb(34, 34, 34); font-family: Arial, Helvetica, sans-serif; font-size: small;\">Dieses patentierte Fender-System besteht aus zwei wesentlichen Komponenten:<\/p>\n<ol style=\"color: rgb(34, 34, 34); font-family: Arial, Helvetica, sans-serif; font-size: small;\">\n<li>Ein robuster Balken, der fest am Boot mit Schrauben oder Nieten befestigt werden kann, ohne dass spezielle Werkzeuge erforderlich sind.<\/li>\n<li>Ein flexibles Gummiprofil, das mit der Basis verbunden wird. Dieser nahtlose Einsatz ist in ma\u00dfgeschneiderten Rollen erh\u00e4ltlich, um Abfall zu minimieren. Die Radial PVC Rub Rails k\u00f6nnen in jede Richtung gebogen werden, ohne dass W\u00e4rme erforderlich ist, was sie 70 % schneller zusammenbaubar, kosteneffektiv, leicht zu reparieren und schnell nachr\u00fcstbar macht.<\/li>\n<\/ol>\n","protected":false},"excerpt":{"rendered":"<p>Tessilmare Radial 52 Wei\u00df 12m &#8211; Die Radial Rub Rail bietet einen bemerkenswerten Vorteil mit ihrem unkomplizierten Installationsprozess, der keine<\/p>\n","protected":false},"featured_media":5945169,"comment_status":"open","ping_status":"closed","template":"","meta":[],"product_brand":[3480],"product_cat":[1565],"product_tag":[],"class_list":{"0":"post-736790","1":"product","2":"type-product","3":"status-publish","4":"has-post-thumbnail","6":"product_brand-tessilmare-de","7":"product_cat-fender-profile","9":"first","10":"instock","11":"shipping-taxable","12":"purchasable","13":"product-type-simple"},"_links":{"self":[{"href":"https:\/\/stoic-curie.212-227-153-4.plesk.page\/de\/wp-json\/wp\/v2\/product\/736790","targetHints":{"allow":["GET"]}}],"collection":[{"href":"https:\/\/stoic-curie.212-227-153-4.plesk.page\/de\/wp-json\/wp\/v2\/product"}],"about":[{"href":"https:\/\/stoic-curie.212-227-153-4.plesk.page\/de\/wp-json\/wp\/v2\/types\/product"}],"replies":[{"embeddable":true,"href":"https:\/\/stoic-curie.212-227-153-4.plesk.page\/de\/wp-json\/wp\/v2\/comments?post=736790"}],"version-history":[{"count":0,"href":"https:\/\/stoic-curie.212-227-153-4.plesk.page\/de\/wp-json\/wp\/v2\/product\/736790\/revisions"}],"wp:featuredmedia":[{"embeddable":true,"href":"https:\/\/stoic-curie.212-227-153-4.plesk.page\/de\/wp-json\/wp\/v2\/media\/5945169"}],"wp:attachment":[{"href":"https:\/\/stoic-curie.212-227-153-4.plesk.page\/de\/wp-json\/wp\/v2\/media?parent=736790"}],"wp:term":[{"taxonomy":"product_brand","embeddable":true,"href":"https:\/\/stoic-curie.212-227-153-4.plesk.page\/de\/wp-json\/wp\/v2\/product_brand?post=736790"},{"taxonomy":"product_cat","embeddable":true,"href":"https:\/\/stoic-curie.212-227-153-4.plesk.page\/de\/wp-json\/wp\/v2\/product_cat?post=736790"},{"taxonomy":"product_tag","embeddable":true,"href":"https:\/\/stoic-curie.212-227-153-4.plesk.page\/de\/wp-json\/wp\/v2\/product_tag?post=736790"}],"curies":[{"name":"wp","href":"https:\/\/api.w.org\/{rel}","templated":true}]}}