{"id":736791,"date":"2025-03-03T16:33:29","date_gmt":"2025-03-03T15:33:29","guid":{"rendered":"https:\/\/stoic-curie.212-227-153-4.plesk.page\/producto\/tessilmare-radial-52-grau-12m\/"},"modified":"2026-02-24T23:35:09","modified_gmt":"2026-02-24T23:35:09","slug":"tessilmare-radial-52-grau-12m","status":"publish","type":"product","link":"https:\/\/stoic-curie.212-227-153-4.plesk.page\/de\/product\/tessilmare-radial-52-grau-12m\/","title":{"rendered":"Tessilmare Radial 52 Grau 12m"},"content":{"rendered":"<p>Tessilmare Radial 52 Grau 12m &#8211; <\/p>\n<p style=\"color: rgb(34, 34, 34); font-family: Arial, Helvetica, sans-serif; font-size: small;\">Der Radial Rub Rail bietet erhebliche Vorteile durch seinen unkomplizierten Installationsprozess, der keine speziellen Werkzeuge erfordert. Sein vielseitiger PVC-\u00dcberzug erm\u00f6glicht eine m\u00fchelose Anpassung, selbst bei k\u00fchleren Temperaturen, wodurch die Notwendigkeit des Erw\u00e4rmens entf\u00e4llt. Nach Abschluss der Installation sind die Schienenabschnitte diskret unter dem \u00dcberzug verborgen, was zu einem eleganten und anspruchsvollen Erscheinungsbild f\u00fchrt.<\/p>\n<p style=\"color: rgb(34, 34, 34); font-family: Arial, Helvetica, sans-serif; font-size: small;\">Das Set wird umfassend mit allen erforderlichen Komponenten geliefert: einer kontinuierlichen Rolle des weichen Rub Rail \u00dcberzugs, der entsprechenden Menge an halbsteifen Vinyl-Montageschienenabschnitten, zwei Vinyl-Endkappen und einer Vinyl-Gelenk-Abdeckkappe. Die Installation dieses Fenderprofils ist einfach. Man muss lediglich den Duralene-Balken mit Schrauben oder Sika-Kleber sichern und anschlie\u00dfend das Fenderprofil \u00fcber den Balken schieben.<\/p>\n<p style=\"color: rgb(34, 34, 34); font-family: Arial, Helvetica, sans-serif; font-size: small;\">Dieses Fenderprofil verbessert nicht nur die visuelle Attraktivit\u00e4t, sondern steigert auch die Funktionalit\u00e4t Ihres Bootes. Die patentierten Designs von Tessilmare verbinden hohe Schlagfestigkeit mit Eleganz und Erschwinglichkeit und verwandeln die traditionelle \u00c4sthetik von Rub Rails. Die Radial-Fenderprofile bieten eine nahtlose und optisch ansprechende L\u00f6sung, frei von sichtbaren Verbindungsstellen oder scharfen Kanten, was zu einem saubereren und ansprechenderen Finish im Vergleich zu herk\u00f6mmlichen Mehrteil-Rub Rails f\u00fchrt.<\/p>\n<p style=\"color: rgb(34, 34, 34); font-family: Arial, Helvetica, sans-serif; font-size: small;\">Speziell f\u00fcr die Marineindustrie entwickelt, kann der Tessilmare Radial in wenigen Minuten montiert werden. Der Installationsprozess ist unkompliziert: Befestigen Sie die Schienenabschnitte am Rumpf des Bootes und sichern Sie den \u00e4u\u00dferen \u00dcberzug \u00fcber der Schiene. Der \u00dcberzug wird bequem von einer Gro\u00dfspule abgerollt, und die enthaltenen Endkappen vervollst\u00e4ndigen die Installation.<\/p>\n<p style=\"color: rgb(34, 34, 34); font-family: Arial, Helvetica, sans-serif; font-size: small;\">Dieses patentierte Fender-System besteht aus zwei wesentlichen Komponenten:<\/p>\n<ol style=\"color: rgb(34, 34, 34); font-family: Arial, Helvetica, sans-serif; font-size: small;\">\n<li>Ein robuster Balken, der sicher am Boot mit Schrauben oder Nieten befestigt werden kann, ohne dass spezielle Werkzeuge erforderlich sind.<\/li>\n<li>Ein flexibles Gummiprofil, das mit der Basis verbunden ist. Dieses nahtlose Insert ist in ma\u00dfgefertigten Rollen erh\u00e4ltlich, um Abfall zu minimieren. Die Radial-PVC-Rub Rails k\u00f6nnen in jede Richtung ohne W\u00e4rmeanwendung gebogen werden, was zu einer 70%igen Reduzierung der Montagezeit, Kosteneffizienz, einfacher Reparatur und schneller Nachr\u00fcstung f\u00fchrt.<\/li>\n<\/ol>\n","protected":false},"excerpt":{"rendered":"<p>Tessilmare Radial 52 Grau 12m &#8211; Der Radial Rub Rail bietet erhebliche Vorteile durch seinen unkomplizierten Installationsprozess, der keine speziellen<\/p>\n","protected":false},"featured_media":5945170,"comment_status":"open","ping_status":"closed","template":"","meta":[],"product_brand":[3480],"product_cat":[1565],"product_tag":[],"class_list":{"0":"post-736791","1":"product","2":"type-product","3":"status-publish","4":"has-post-thumbnail","6":"product_brand-tessilmare-de","7":"product_cat-fender-profile","9":"first","10":"instock","11":"shipping-taxable","12":"purchasable","13":"product-type-simple"},"_links":{"self":[{"href":"https:\/\/stoic-curie.212-227-153-4.plesk.page\/de\/wp-json\/wp\/v2\/product\/736791","targetHints":{"allow":["GET"]}}],"collection":[{"href":"https:\/\/stoic-curie.212-227-153-4.plesk.page\/de\/wp-json\/wp\/v2\/product"}],"about":[{"href":"https:\/\/stoic-curie.212-227-153-4.plesk.page\/de\/wp-json\/wp\/v2\/types\/product"}],"replies":[{"embeddable":true,"href":"https:\/\/stoic-curie.212-227-153-4.plesk.page\/de\/wp-json\/wp\/v2\/comments?post=736791"}],"version-history":[{"count":0,"href":"https:\/\/stoic-curie.212-227-153-4.plesk.page\/de\/wp-json\/wp\/v2\/product\/736791\/revisions"}],"wp:featuredmedia":[{"embeddable":true,"href":"https:\/\/stoic-curie.212-227-153-4.plesk.page\/de\/wp-json\/wp\/v2\/media\/5945170"}],"wp:attachment":[{"href":"https:\/\/stoic-curie.212-227-153-4.plesk.page\/de\/wp-json\/wp\/v2\/media?parent=736791"}],"wp:term":[{"taxonomy":"product_brand","embeddable":true,"href":"https:\/\/stoic-curie.212-227-153-4.plesk.page\/de\/wp-json\/wp\/v2\/product_brand?post=736791"},{"taxonomy":"product_cat","embeddable":true,"href":"https:\/\/stoic-curie.212-227-153-4.plesk.page\/de\/wp-json\/wp\/v2\/product_cat?post=736791"},{"taxonomy":"product_tag","embeddable":true,"href":"https:\/\/stoic-curie.212-227-153-4.plesk.page\/de\/wp-json\/wp\/v2\/product_tag?post=736791"}],"curies":[{"name":"wp","href":"https:\/\/api.w.org\/{rel}","templated":true}]}}