{"id":736797,"date":"2025-03-03T16:33:30","date_gmt":"2025-03-03T15:33:30","guid":{"rendered":"https:\/\/stoic-curie.212-227-153-4.plesk.page\/producto\/einziehbare-teleskopleitern-3-stufen-25-x-h875-cm\/"},"modified":"2026-02-24T23:35:10","modified_gmt":"2026-02-24T23:35:10","slug":"einziehbare-teleskopleitern-3-stufen-25-x-h875-cm","status":"publish","type":"product","link":"https:\/\/stoic-curie.212-227-153-4.plesk.page\/de\/product\/einziehbare-teleskopleitern-3-stufen-25-x-h875-cm\/","title":{"rendered":"Einziehbare Teleskopleitern, 3 Stufen (25 x H87,5 cm)"},"content":{"rendered":"<p>Einziehbare Teleskopleitern, 3 Stufen (25 x H87,5 cm) &#8211; <\/p>\n<p>Edelstahl-Teleskopunterplattform-Leitern mit breiten Stufen f\u00fcr einen komfortablen Aufstieg. Komplett mit K\u00e4fig und F\u00fchrungsleisten.<\/p>\n","protected":false},"excerpt":{"rendered":"<p>Einziehbare Teleskopleitern, 3 Stufen (25 x H87,5 cm) &#8211; Edelstahl-Teleskopunterplattform-Leitern mit breiten Stufen f\u00fcr einen komfortablen Aufstieg. Komplett mit K\u00e4fig<\/p>\n","protected":false},"featured_media":5945225,"comment_status":"open","ping_status":"closed","template":"","meta":[],"product_brand":[3490],"product_cat":[1331],"product_tag":[],"class_list":{"0":"post-736797","1":"product","2":"type-product","3":"status-publish","4":"has-post-thumbnail","6":"product_brand-trem-de","7":"product_cat-bootsleitern","9":"first","10":"instock","11":"shipping-taxable","12":"purchasable","13":"product-type-simple"},"_links":{"self":[{"href":"https:\/\/stoic-curie.212-227-153-4.plesk.page\/de\/wp-json\/wp\/v2\/product\/736797","targetHints":{"allow":["GET"]}}],"collection":[{"href":"https:\/\/stoic-curie.212-227-153-4.plesk.page\/de\/wp-json\/wp\/v2\/product"}],"about":[{"href":"https:\/\/stoic-curie.212-227-153-4.plesk.page\/de\/wp-json\/wp\/v2\/types\/product"}],"replies":[{"embeddable":true,"href":"https:\/\/stoic-curie.212-227-153-4.plesk.page\/de\/wp-json\/wp\/v2\/comments?post=736797"}],"version-history":[{"count":0,"href":"https:\/\/stoic-curie.212-227-153-4.plesk.page\/de\/wp-json\/wp\/v2\/product\/736797\/revisions"}],"wp:featuredmedia":[{"embeddable":true,"href":"https:\/\/stoic-curie.212-227-153-4.plesk.page\/de\/wp-json\/wp\/v2\/media\/5945225"}],"wp:attachment":[{"href":"https:\/\/stoic-curie.212-227-153-4.plesk.page\/de\/wp-json\/wp\/v2\/media?parent=736797"}],"wp:term":[{"taxonomy":"product_brand","embeddable":true,"href":"https:\/\/stoic-curie.212-227-153-4.plesk.page\/de\/wp-json\/wp\/v2\/product_brand?post=736797"},{"taxonomy":"product_cat","embeddable":true,"href":"https:\/\/stoic-curie.212-227-153-4.plesk.page\/de\/wp-json\/wp\/v2\/product_cat?post=736797"},{"taxonomy":"product_tag","embeddable":true,"href":"https:\/\/stoic-curie.212-227-153-4.plesk.page\/de\/wp-json\/wp\/v2\/product_tag?post=736797"}],"curies":[{"name":"wp","href":"https:\/\/api.w.org\/{rel}","templated":true}]}}