{"id":736803,"date":"2025-03-03T16:33:32","date_gmt":"2025-03-03T15:33:32","guid":{"rendered":"https:\/\/stoic-curie.212-227-153-4.plesk.page\/producto\/aussenborderhalterung-verstellbar-max-20-kg-kunststoffplatte\/"},"modified":"2026-02-24T23:35:10","modified_gmt":"2026-02-24T23:35:10","slug":"aussenborderhalterung-verstellbar-max-20-kg-kunststoffplatte","status":"publish","type":"product","link":"https:\/\/stoic-curie.212-227-153-4.plesk.page\/de\/product\/aussenborderhalterung-verstellbar-max-20-kg-kunststoffplatte\/","title":{"rendered":"Au\u00dfenborderhalterung verstellbar max. 20 kg Kunststoffplatte"},"content":{"rendered":"<p>Au\u00dfenborderhalterung verstellbar max. 20 kg Kunststoffplatte &#8211; <\/p>\n<p>Federunterst\u00fctzter Au\u00dfermotorhalter. F\u00fcr Au\u00dfenbordmotoren bis 6 PS. Geh\u00e4use aus rostfreiem Stahl.<\/p>\n","protected":false},"excerpt":{"rendered":"<p>Au\u00dfenborderhalterung verstellbar max. 20 kg Kunststoffplatte &#8211; Federunterst\u00fctzter Au\u00dfermotorhalter. F\u00fcr Au\u00dfenbordmotoren bis 6 PS. Geh\u00e4use aus rostfreiem Stahl.<\/p>\n","protected":false},"featured_media":5945240,"comment_status":"open","ping_status":"closed","template":"","meta":[],"product_brand":[3490],"product_cat":[1540],"product_tag":[],"class_list":{"0":"post-736803","1":"product","2":"type-product","3":"status-publish","4":"has-post-thumbnail","6":"product_brand-trem-de","7":"product_cat-zubehoer-fuer-aussenborder","9":"first","10":"instock","11":"shipping-taxable","12":"purchasable","13":"product-type-simple"},"_links":{"self":[{"href":"https:\/\/stoic-curie.212-227-153-4.plesk.page\/de\/wp-json\/wp\/v2\/product\/736803","targetHints":{"allow":["GET"]}}],"collection":[{"href":"https:\/\/stoic-curie.212-227-153-4.plesk.page\/de\/wp-json\/wp\/v2\/product"}],"about":[{"href":"https:\/\/stoic-curie.212-227-153-4.plesk.page\/de\/wp-json\/wp\/v2\/types\/product"}],"replies":[{"embeddable":true,"href":"https:\/\/stoic-curie.212-227-153-4.plesk.page\/de\/wp-json\/wp\/v2\/comments?post=736803"}],"version-history":[{"count":0,"href":"https:\/\/stoic-curie.212-227-153-4.plesk.page\/de\/wp-json\/wp\/v2\/product\/736803\/revisions"}],"wp:featuredmedia":[{"embeddable":true,"href":"https:\/\/stoic-curie.212-227-153-4.plesk.page\/de\/wp-json\/wp\/v2\/media\/5945240"}],"wp:attachment":[{"href":"https:\/\/stoic-curie.212-227-153-4.plesk.page\/de\/wp-json\/wp\/v2\/media?parent=736803"}],"wp:term":[{"taxonomy":"product_brand","embeddable":true,"href":"https:\/\/stoic-curie.212-227-153-4.plesk.page\/de\/wp-json\/wp\/v2\/product_brand?post=736803"},{"taxonomy":"product_cat","embeddable":true,"href":"https:\/\/stoic-curie.212-227-153-4.plesk.page\/de\/wp-json\/wp\/v2\/product_cat?post=736803"},{"taxonomy":"product_tag","embeddable":true,"href":"https:\/\/stoic-curie.212-227-153-4.plesk.page\/de\/wp-json\/wp\/v2\/product_tag?post=736803"}],"curies":[{"name":"wp","href":"https:\/\/api.w.org\/{rel}","templated":true}]}}