{"id":736806,"date":"2025-03-03T16:33:32","date_gmt":"2025-03-03T15:33:32","guid":{"rendered":"https:\/\/stoic-curie.212-227-153-4.plesk.page\/producto\/gangway-aluminium-fest-200x37cm-max-last-120kg\/"},"modified":"2026-02-24T23:35:10","modified_gmt":"2026-02-24T23:35:10","slug":"gangway-aluminium-fest-200x37cm-max-last-120kg","status":"publish","type":"product","link":"https:\/\/stoic-curie.212-227-153-4.plesk.page\/de\/product\/gangway-aluminium-fest-200x37cm-max-last-120kg\/","title":{"rendered":"Gangway Aluminium Fest 200x37cm Max. Last 120kg"},"content":{"rendered":"<p>Gangway Aluminium Fest 200x37cm Max. Last 120kg &#8211; <\/p>\n<p>Eloxierte Aluminium-Leichtbau-Festgangway mit rutschfester Gehfl\u00e4che. Komplett mit Pr\u00fcfstift und R\u00e4dern.<\/p>\n","protected":false},"excerpt":{"rendered":"<p>Gangway Aluminium Fest 200x37cm Max. Last 120kg &#8211; Eloxierte Aluminium-Leichtbau-Festgangway mit rutschfester Gehfl\u00e4che. Komplett mit Pr\u00fcfstift und R\u00e4dern.<\/p>\n","protected":false},"featured_media":5945256,"comment_status":"open","ping_status":"closed","template":"","meta":[],"product_brand":[3490],"product_cat":[1325],"product_tag":[],"class_list":{"0":"post-736806","1":"product","2":"type-product","3":"status-publish","4":"has-post-thumbnail","6":"product_brand-trem-de","7":"product_cat-gangways-festmachen-und-ankern","9":"first","10":"instock","11":"shipping-taxable","12":"purchasable","13":"product-type-simple"},"_links":{"self":[{"href":"https:\/\/stoic-curie.212-227-153-4.plesk.page\/de\/wp-json\/wp\/v2\/product\/736806","targetHints":{"allow":["GET"]}}],"collection":[{"href":"https:\/\/stoic-curie.212-227-153-4.plesk.page\/de\/wp-json\/wp\/v2\/product"}],"about":[{"href":"https:\/\/stoic-curie.212-227-153-4.plesk.page\/de\/wp-json\/wp\/v2\/types\/product"}],"replies":[{"embeddable":true,"href":"https:\/\/stoic-curie.212-227-153-4.plesk.page\/de\/wp-json\/wp\/v2\/comments?post=736806"}],"version-history":[{"count":0,"href":"https:\/\/stoic-curie.212-227-153-4.plesk.page\/de\/wp-json\/wp\/v2\/product\/736806\/revisions"}],"wp:featuredmedia":[{"embeddable":true,"href":"https:\/\/stoic-curie.212-227-153-4.plesk.page\/de\/wp-json\/wp\/v2\/media\/5945256"}],"wp:attachment":[{"href":"https:\/\/stoic-curie.212-227-153-4.plesk.page\/de\/wp-json\/wp\/v2\/media?parent=736806"}],"wp:term":[{"taxonomy":"product_brand","embeddable":true,"href":"https:\/\/stoic-curie.212-227-153-4.plesk.page\/de\/wp-json\/wp\/v2\/product_brand?post=736806"},{"taxonomy":"product_cat","embeddable":true,"href":"https:\/\/stoic-curie.212-227-153-4.plesk.page\/de\/wp-json\/wp\/v2\/product_cat?post=736806"},{"taxonomy":"product_tag","embeddable":true,"href":"https:\/\/stoic-curie.212-227-153-4.plesk.page\/de\/wp-json\/wp\/v2\/product_tag?post=736806"}],"curies":[{"name":"wp","href":"https:\/\/api.w.org\/{rel}","templated":true}]}}