{"id":736817,"date":"2025-03-03T16:33:34","date_gmt":"2025-03-03T15:33:34","guid":{"rendered":"https:\/\/stoic-curie.212-227-153-4.plesk.page\/producto\/blaue-sitz-fisherman-419-x-457-x-h495mm\/"},"modified":"2026-02-24T23:35:10","modified_gmt":"2026-02-24T23:35:10","slug":"blaue-sitz-fisherman-419-x-457-x-h495mm","status":"publish","type":"product","link":"https:\/\/stoic-curie.212-227-153-4.plesk.page\/de\/product\/blaue-sitz-fisherman-419-x-457-x-h495mm\/","title":{"rendered":"Blaue Sitz &#8220;Fisherman&#8221; 419 x 457 x H495mm"},"content":{"rendered":"<p>Blaue Sitz &#8220;Fisherman&#8221; 419 x 457 x H495mm &#8211; <\/p>\n<p>Klappstuhl mit abnehmbaren Marine-Grade Skay-Kissen. Spritzgegossene Kunststoffschale aus Marinequalit\u00e4t. Ergonomisches und komfortables Design, ideal f\u00fcr lange Angelausfl\u00fcge.<\/p>\n","protected":false},"excerpt":{"rendered":"<p>Blaue Sitz &#8220;Fisherman&#8221; 419 x 457 x H495mm &#8211; Klappstuhl mit abnehmbaren Marine-Grade Skay-Kissen. Spritzgegossene Kunststoffschale aus Marinequalit\u00e4t. Ergonomisches und<\/p>\n","protected":false},"featured_media":5945291,"comment_status":"open","ping_status":"closed","template":"","meta":[],"product_brand":[2965],"product_cat":[1391],"product_tag":[],"class_list":{"0":"post-736817","1":"product","2":"type-product","3":"status-publish","4":"has-post-thumbnail","6":"product_brand-garelick-de","7":"product_cat-bootsitze","9":"first","10":"instock","11":"shipping-taxable","12":"purchasable","13":"product-type-simple"},"_links":{"self":[{"href":"https:\/\/stoic-curie.212-227-153-4.plesk.page\/de\/wp-json\/wp\/v2\/product\/736817","targetHints":{"allow":["GET"]}}],"collection":[{"href":"https:\/\/stoic-curie.212-227-153-4.plesk.page\/de\/wp-json\/wp\/v2\/product"}],"about":[{"href":"https:\/\/stoic-curie.212-227-153-4.plesk.page\/de\/wp-json\/wp\/v2\/types\/product"}],"replies":[{"embeddable":true,"href":"https:\/\/stoic-curie.212-227-153-4.plesk.page\/de\/wp-json\/wp\/v2\/comments?post=736817"}],"version-history":[{"count":0,"href":"https:\/\/stoic-curie.212-227-153-4.plesk.page\/de\/wp-json\/wp\/v2\/product\/736817\/revisions"}],"wp:featuredmedia":[{"embeddable":true,"href":"https:\/\/stoic-curie.212-227-153-4.plesk.page\/de\/wp-json\/wp\/v2\/media\/5945291"}],"wp:attachment":[{"href":"https:\/\/stoic-curie.212-227-153-4.plesk.page\/de\/wp-json\/wp\/v2\/media?parent=736817"}],"wp:term":[{"taxonomy":"product_brand","embeddable":true,"href":"https:\/\/stoic-curie.212-227-153-4.plesk.page\/de\/wp-json\/wp\/v2\/product_brand?post=736817"},{"taxonomy":"product_cat","embeddable":true,"href":"https:\/\/stoic-curie.212-227-153-4.plesk.page\/de\/wp-json\/wp\/v2\/product_cat?post=736817"},{"taxonomy":"product_tag","embeddable":true,"href":"https:\/\/stoic-curie.212-227-153-4.plesk.page\/de\/wp-json\/wp\/v2\/product_tag?post=736817"}],"curies":[{"name":"wp","href":"https:\/\/api.w.org\/{rel}","templated":true}]}}