{"id":736818,"date":"2025-03-03T16:33:35","date_gmt":"2025-03-03T15:33:35","guid":{"rendered":"https:\/\/stoic-curie.212-227-153-4.plesk.page\/producto\/grauer-sitz-fischer-419-x-457-x-h495-mm\/"},"modified":"2026-02-24T23:35:10","modified_gmt":"2026-02-24T23:35:10","slug":"grauer-sitz-fischer-419-x-457-x-h495-mm","status":"publish","type":"product","link":"https:\/\/stoic-curie.212-227-153-4.plesk.page\/de\/product\/grauer-sitz-fischer-419-x-457-x-h495-mm\/","title":{"rendered":"Grauer Sitz &#8220;Fischer&#8221; 419 x 457 x H495 mm"},"content":{"rendered":"<p>Grauer Sitz &#8220;Fischer&#8221; 419 x 457 x H495 mm &#8211; <\/p>\n<p>Umklappbare Sitzfl\u00e4che mit abnehmbaren Kissen aus marinequalit\u00e4t Skay. Spritzgegossene Schale aus marinequalitativem Kunststoff. Ergonomisches und bequeme Design, ideal f\u00fcr lange Angelausfl\u00fcge.<\/p>\n","protected":false},"excerpt":{"rendered":"<p>Grauer Sitz &#8220;Fischer&#8221; 419 x 457 x H495 mm &#8211; Umklappbare Sitzfl\u00e4che mit abnehmbaren Kissen aus marinequalit\u00e4t Skay. Spritzgegossene Schale<\/p>\n","protected":false},"featured_media":5945290,"comment_status":"open","ping_status":"closed","template":"","meta":[],"product_brand":[2965],"product_cat":[1391],"product_tag":[],"class_list":{"0":"post-736818","1":"product","2":"type-product","3":"status-publish","4":"has-post-thumbnail","6":"product_brand-garelick-de","7":"product_cat-bootsitze","9":"first","10":"instock","11":"shipping-taxable","12":"purchasable","13":"product-type-simple"},"_links":{"self":[{"href":"https:\/\/stoic-curie.212-227-153-4.plesk.page\/de\/wp-json\/wp\/v2\/product\/736818","targetHints":{"allow":["GET"]}}],"collection":[{"href":"https:\/\/stoic-curie.212-227-153-4.plesk.page\/de\/wp-json\/wp\/v2\/product"}],"about":[{"href":"https:\/\/stoic-curie.212-227-153-4.plesk.page\/de\/wp-json\/wp\/v2\/types\/product"}],"replies":[{"embeddable":true,"href":"https:\/\/stoic-curie.212-227-153-4.plesk.page\/de\/wp-json\/wp\/v2\/comments?post=736818"}],"version-history":[{"count":0,"href":"https:\/\/stoic-curie.212-227-153-4.plesk.page\/de\/wp-json\/wp\/v2\/product\/736818\/revisions"}],"wp:featuredmedia":[{"embeddable":true,"href":"https:\/\/stoic-curie.212-227-153-4.plesk.page\/de\/wp-json\/wp\/v2\/media\/5945290"}],"wp:attachment":[{"href":"https:\/\/stoic-curie.212-227-153-4.plesk.page\/de\/wp-json\/wp\/v2\/media?parent=736818"}],"wp:term":[{"taxonomy":"product_brand","embeddable":true,"href":"https:\/\/stoic-curie.212-227-153-4.plesk.page\/de\/wp-json\/wp\/v2\/product_brand?post=736818"},{"taxonomy":"product_cat","embeddable":true,"href":"https:\/\/stoic-curie.212-227-153-4.plesk.page\/de\/wp-json\/wp\/v2\/product_cat?post=736818"},{"taxonomy":"product_tag","embeddable":true,"href":"https:\/\/stoic-curie.212-227-153-4.plesk.page\/de\/wp-json\/wp\/v2\/product_tag?post=736818"}],"curies":[{"name":"wp","href":"https:\/\/api.w.org\/{rel}","templated":true}]}}