{"id":736822,"date":"2025-03-03T16:33:35","date_gmt":"2025-03-03T15:33:35","guid":{"rendered":"https:\/\/stoic-curie.212-227-153-4.plesk.page\/producto\/marine-sitz-premium-angeln-weiss-432-x-508-x-597-mm\/"},"modified":"2026-02-24T23:35:10","modified_gmt":"2026-02-24T23:35:10","slug":"marine-sitz-premium-angeln-weiss-432-x-508-x-597-mm","status":"publish","type":"product","link":"https:\/\/stoic-curie.212-227-153-4.plesk.page\/de\/product\/marine-sitz-premium-angeln-weiss-432-x-508-x-597-mm\/","title":{"rendered":"Marine Sitz Premium Angeln Wei\u00df, 432 x 508 x 597 mm"},"content":{"rendered":"<p>Marine Sitz Premium Angeln Wei\u00df, 432 x 508 x 597 mm &#8211; <\/p>\n<p>Klappbarer, gepolsterter Sitz. Widerstandsf\u00e4hige marinegrad Skay-Beschichtung. Verst\u00e4rkter Kunststoffk\u00f6rper und korrosionsbest\u00e4ndige Aluminium-Scharniere. Bequeme Sitzgestaltung.<\/p>\n","protected":false},"excerpt":{"rendered":"<p>Marine Sitz Premium Angeln Wei\u00df, 432 x 508 x 597 mm &#8211; Klappbarer, gepolsterter Sitz. Widerstandsf\u00e4hige marinegrad Skay-Beschichtung. Verst\u00e4rkter Kunststoffk\u00f6rper<\/p>\n","protected":false},"featured_media":5945299,"comment_status":"open","ping_status":"closed","template":"","meta":[],"product_brand":[2965],"product_cat":[1391],"product_tag":[],"class_list":{"0":"post-736822","1":"product","2":"type-product","3":"status-publish","4":"has-post-thumbnail","6":"product_brand-garelick-de","7":"product_cat-bootsitze","9":"first","10":"instock","11":"shipping-taxable","12":"purchasable","13":"product-type-simple"},"_links":{"self":[{"href":"https:\/\/stoic-curie.212-227-153-4.plesk.page\/de\/wp-json\/wp\/v2\/product\/736822","targetHints":{"allow":["GET"]}}],"collection":[{"href":"https:\/\/stoic-curie.212-227-153-4.plesk.page\/de\/wp-json\/wp\/v2\/product"}],"about":[{"href":"https:\/\/stoic-curie.212-227-153-4.plesk.page\/de\/wp-json\/wp\/v2\/types\/product"}],"replies":[{"embeddable":true,"href":"https:\/\/stoic-curie.212-227-153-4.plesk.page\/de\/wp-json\/wp\/v2\/comments?post=736822"}],"version-history":[{"count":0,"href":"https:\/\/stoic-curie.212-227-153-4.plesk.page\/de\/wp-json\/wp\/v2\/product\/736822\/revisions"}],"wp:featuredmedia":[{"embeddable":true,"href":"https:\/\/stoic-curie.212-227-153-4.plesk.page\/de\/wp-json\/wp\/v2\/media\/5945299"}],"wp:attachment":[{"href":"https:\/\/stoic-curie.212-227-153-4.plesk.page\/de\/wp-json\/wp\/v2\/media?parent=736822"}],"wp:term":[{"taxonomy":"product_brand","embeddable":true,"href":"https:\/\/stoic-curie.212-227-153-4.plesk.page\/de\/wp-json\/wp\/v2\/product_brand?post=736822"},{"taxonomy":"product_cat","embeddable":true,"href":"https:\/\/stoic-curie.212-227-153-4.plesk.page\/de\/wp-json\/wp\/v2\/product_cat?post=736822"},{"taxonomy":"product_tag","embeddable":true,"href":"https:\/\/stoic-curie.212-227-153-4.plesk.page\/de\/wp-json\/wp\/v2\/product_tag?post=736822"}],"curies":[{"name":"wp","href":"https:\/\/api.w.org\/{rel}","templated":true}]}}