{"id":736825,"date":"2025-03-03T16:33:36","date_gmt":"2025-03-03T15:33:36","guid":{"rendered":"https:\/\/stoic-curie.212-227-153-4.plesk.page\/producto\/bankkissen-600x300x50mm-weiss\/"},"modified":"2026-02-24T23:35:10","modified_gmt":"2026-02-24T23:35:10","slug":"bankkissen-600x300x50mm-weiss","status":"publish","type":"product","link":"https:\/\/stoic-curie.212-227-153-4.plesk.page\/de\/product\/bankkissen-600x300x50mm-weiss\/","title":{"rendered":"Bankkissen 600x300x50mm Wei\u00df"},"content":{"rendered":"<p>Bankkissen 600x300x50mm Wei\u00df &#8211; <\/p>\n<p>Wetterfeste Marinequalit\u00e4t Skay-Kissen mit hochdichter Schaumstoffpolsterung. Ausgestattet mit einem Rei\u00dfverschluss und Druckkn\u00f6pfen zur Fixierung der Klappen.<\/p>\n","protected":false},"excerpt":{"rendered":"<p>Bankkissen 600x300x50mm Wei\u00df &#8211; Wetterfeste Marinequalit\u00e4t Skay-Kissen mit hochdichter Schaumstoffpolsterung. Ausgestattet mit einem Rei\u00dfverschluss und Druckkn\u00f6pfen zur Fixierung der Klappen.<\/p>\n","protected":false},"featured_media":5945303,"comment_status":"open","ping_status":"closed","template":"","meta":[],"product_brand":[2965],"product_cat":[1391,1355],"product_tag":[],"class_list":{"0":"post-736825","1":"product","2":"type-product","3":"status-publish","4":"has-post-thumbnail","6":"product_brand-garelick-de","7":"product_cat-bootsitze","8":"product_cat-stuehle-und-tische","10":"first","11":"instock","12":"shipping-taxable","13":"purchasable","14":"product-type-simple"},"_links":{"self":[{"href":"https:\/\/stoic-curie.212-227-153-4.plesk.page\/de\/wp-json\/wp\/v2\/product\/736825","targetHints":{"allow":["GET"]}}],"collection":[{"href":"https:\/\/stoic-curie.212-227-153-4.plesk.page\/de\/wp-json\/wp\/v2\/product"}],"about":[{"href":"https:\/\/stoic-curie.212-227-153-4.plesk.page\/de\/wp-json\/wp\/v2\/types\/product"}],"replies":[{"embeddable":true,"href":"https:\/\/stoic-curie.212-227-153-4.plesk.page\/de\/wp-json\/wp\/v2\/comments?post=736825"}],"version-history":[{"count":0,"href":"https:\/\/stoic-curie.212-227-153-4.plesk.page\/de\/wp-json\/wp\/v2\/product\/736825\/revisions"}],"wp:featuredmedia":[{"embeddable":true,"href":"https:\/\/stoic-curie.212-227-153-4.plesk.page\/de\/wp-json\/wp\/v2\/media\/5945303"}],"wp:attachment":[{"href":"https:\/\/stoic-curie.212-227-153-4.plesk.page\/de\/wp-json\/wp\/v2\/media?parent=736825"}],"wp:term":[{"taxonomy":"product_brand","embeddable":true,"href":"https:\/\/stoic-curie.212-227-153-4.plesk.page\/de\/wp-json\/wp\/v2\/product_brand?post=736825"},{"taxonomy":"product_cat","embeddable":true,"href":"https:\/\/stoic-curie.212-227-153-4.plesk.page\/de\/wp-json\/wp\/v2\/product_cat?post=736825"},{"taxonomy":"product_tag","embeddable":true,"href":"https:\/\/stoic-curie.212-227-153-4.plesk.page\/de\/wp-json\/wp\/v2\/product_tag?post=736825"}],"curies":[{"name":"wp","href":"https:\/\/api.w.org\/{rel}","templated":true}]}}