{"id":736829,"date":"2025-03-03T16:33:37","date_gmt":"2025-03-03T15:33:37","guid":{"rendered":"https:\/\/stoic-curie.212-227-153-4.plesk.page\/producto\/klappbare-tische-forma-marathon-m250h-88x51cm-h70cm\/"},"modified":"2026-02-24T23:35:10","modified_gmt":"2026-02-24T23:35:10","slug":"klappbare-tische-forma-marathon-m250h-88x51cm-h70cm","status":"publish","type":"product","link":"https:\/\/stoic-curie.212-227-153-4.plesk.page\/de\/product\/klappbare-tische-forma-marathon-m250h-88x51cm-h70cm\/","title":{"rendered":"Klappbare Tische Forma Marathon M250H 88x51cm H70cm"},"content":{"rendered":"<p>Klappbare Tische Forma Marathon M250H 88x51cm H70cm &#8211; <\/p>\n<p>Marathon M250H &#8211; M450H elegante Klapptische. Perfekt bearbeiteter anodisierter Aluminiumrahmen. Hochwertige melaminierte Tischplatte, die feuchtigkeits- und UV-best\u00e4ndig ist. Verst\u00e4rkte Ecken aus anodisiertem Aluminium. Edelstahlbeschl\u00e4ge.<\/p>\n","protected":false},"excerpt":{"rendered":"<p>Klappbare Tische Forma Marathon M250H 88x51cm H70cm &#8211; Marathon M250H &#8211; M450H elegante Klapptische. Perfekt bearbeiteter anodisierter Aluminiumrahmen. Hochwertige melaminierte<\/p>\n","protected":false},"featured_media":5945317,"comment_status":"open","ping_status":"closed","template":"","meta":[],"product_brand":[2950],"product_cat":[1355],"product_tag":[],"class_list":{"0":"post-736829","1":"product","2":"type-product","3":"status-publish","4":"has-post-thumbnail","6":"product_brand-forma-de","7":"product_cat-stuehle-und-tische","9":"first","10":"instock","11":"shipping-taxable","12":"purchasable","13":"product-type-simple"},"_links":{"self":[{"href":"https:\/\/stoic-curie.212-227-153-4.plesk.page\/de\/wp-json\/wp\/v2\/product\/736829","targetHints":{"allow":["GET"]}}],"collection":[{"href":"https:\/\/stoic-curie.212-227-153-4.plesk.page\/de\/wp-json\/wp\/v2\/product"}],"about":[{"href":"https:\/\/stoic-curie.212-227-153-4.plesk.page\/de\/wp-json\/wp\/v2\/types\/product"}],"replies":[{"embeddable":true,"href":"https:\/\/stoic-curie.212-227-153-4.plesk.page\/de\/wp-json\/wp\/v2\/comments?post=736829"}],"version-history":[{"count":0,"href":"https:\/\/stoic-curie.212-227-153-4.plesk.page\/de\/wp-json\/wp\/v2\/product\/736829\/revisions"}],"wp:featuredmedia":[{"embeddable":true,"href":"https:\/\/stoic-curie.212-227-153-4.plesk.page\/de\/wp-json\/wp\/v2\/media\/5945317"}],"wp:attachment":[{"href":"https:\/\/stoic-curie.212-227-153-4.plesk.page\/de\/wp-json\/wp\/v2\/media?parent=736829"}],"wp:term":[{"taxonomy":"product_brand","embeddable":true,"href":"https:\/\/stoic-curie.212-227-153-4.plesk.page\/de\/wp-json\/wp\/v2\/product_brand?post=736829"},{"taxonomy":"product_cat","embeddable":true,"href":"https:\/\/stoic-curie.212-227-153-4.plesk.page\/de\/wp-json\/wp\/v2\/product_cat?post=736829"},{"taxonomy":"product_tag","embeddable":true,"href":"https:\/\/stoic-curie.212-227-153-4.plesk.page\/de\/wp-json\/wp\/v2\/product_tag?post=736829"}],"curies":[{"name":"wp","href":"https:\/\/api.w.org\/{rel}","templated":true}]}}