{"id":736844,"date":"2025-03-03T16:33:40","date_gmt":"2025-03-03T15:33:40","guid":{"rendered":"https:\/\/stoic-curie.212-227-153-4.plesk.page\/producto\/luken-vom-typ-g-groesse-03-aluminium\/"},"modified":"2026-02-24T23:35:10","modified_gmt":"2026-02-24T23:35:10","slug":"luken-vom-typ-g-groesse-03-aluminium","status":"publish","type":"product","link":"https:\/\/stoic-curie.212-227-153-4.plesk.page\/de\/product\/luken-vom-typ-g-groesse-03-aluminium\/","title":{"rendered":"Luken vom Typ G Gr\u00f6\u00dfe 03 Aluminium"},"content":{"rendered":"<p>Luken vom Typ G Gr\u00f6\u00dfe 03 Aluminium &#8211; <\/p>\n<p>Anodisiertes Aluminium-Quadratrohr Goiot-Typ-Fenster mit lichtgrauem 10 mm Methacrylatglas. Ausgeglichene Dichtung und Griffe f\u00fcr einen wasserdichten Verschluss.<\/p>\n","protected":false},"excerpt":{"rendered":"<p>Luken vom Typ G Gr\u00f6\u00dfe 03 Aluminium &#8211; Anodisiertes Aluminium-Quadratrohr Goiot-Typ-Fenster mit lichtgrauem 10 mm Methacrylatglas. Ausgeglichene Dichtung und Griffe<\/p>\n","protected":false},"featured_media":5944692,"comment_status":"open","ping_status":"closed","template":"","meta":[],"product_brand":[2855],"product_cat":[1415],"product_tag":[],"class_list":{"0":"post-736844","1":"product","2":"type-product","3":"status-publish","4":"has-post-thumbnail","6":"product_brand-can-marine-de","7":"product_cat-bootsluken","9":"first","10":"instock","11":"shipping-taxable","12":"purchasable","13":"product-type-simple"},"_links":{"self":[{"href":"https:\/\/stoic-curie.212-227-153-4.plesk.page\/de\/wp-json\/wp\/v2\/product\/736844","targetHints":{"allow":["GET"]}}],"collection":[{"href":"https:\/\/stoic-curie.212-227-153-4.plesk.page\/de\/wp-json\/wp\/v2\/product"}],"about":[{"href":"https:\/\/stoic-curie.212-227-153-4.plesk.page\/de\/wp-json\/wp\/v2\/types\/product"}],"replies":[{"embeddable":true,"href":"https:\/\/stoic-curie.212-227-153-4.plesk.page\/de\/wp-json\/wp\/v2\/comments?post=736844"}],"version-history":[{"count":0,"href":"https:\/\/stoic-curie.212-227-153-4.plesk.page\/de\/wp-json\/wp\/v2\/product\/736844\/revisions"}],"wp:featuredmedia":[{"embeddable":true,"href":"https:\/\/stoic-curie.212-227-153-4.plesk.page\/de\/wp-json\/wp\/v2\/media\/5944692"}],"wp:attachment":[{"href":"https:\/\/stoic-curie.212-227-153-4.plesk.page\/de\/wp-json\/wp\/v2\/media?parent=736844"}],"wp:term":[{"taxonomy":"product_brand","embeddable":true,"href":"https:\/\/stoic-curie.212-227-153-4.plesk.page\/de\/wp-json\/wp\/v2\/product_brand?post=736844"},{"taxonomy":"product_cat","embeddable":true,"href":"https:\/\/stoic-curie.212-227-153-4.plesk.page\/de\/wp-json\/wp\/v2\/product_cat?post=736844"},{"taxonomy":"product_tag","embeddable":true,"href":"https:\/\/stoic-curie.212-227-153-4.plesk.page\/de\/wp-json\/wp\/v2\/product_tag?post=736844"}],"curies":[{"name":"wp","href":"https:\/\/api.w.org\/{rel}","templated":true}]}}