{"id":736854,"date":"2025-03-03T16:33:42","date_gmt":"2025-03-03T15:33:42","guid":{"rendered":"https:\/\/stoic-curie.212-227-153-4.plesk.page\/producto\/saralon-luken-jba-520-x-385mm\/"},"modified":"2026-02-24T23:35:10","modified_gmt":"2026-02-24T23:35:10","slug":"saralon-luken-jba-520-x-385mm","status":"publish","type":"product","link":"https:\/\/stoic-curie.212-227-153-4.plesk.page\/de\/product\/saralon-luken-jba-520-x-385mm\/","title":{"rendered":"Saralon Luken JBA 520 x 385mm"},"content":{"rendered":"<p>Saralon Luken JBA 520 x 385mm &#8211; <\/p>\n<p>Wetter-, schock-, l\u00f6sungsmittel- und UV-best\u00e4ndiger, nahezu unverw\u00fcstlicher Saralon-Polypropylenharzrahmen mit Bel\u00fcftungsluke. Schock- und kratzfestes geh\u00e4rtetes Glasobjektiv f\u00fcr perfekte Klarheit. Verkleidungsring im Lieferumfang enthalten. 28 mm Decksh\u00f6he. CE genehmigte Bereiche: II.<\/p>\n","protected":false},"excerpt":{"rendered":"<p>Saralon Luken JBA 520 x 385mm &#8211; Wetter-, schock-, l\u00f6sungsmittel- und UV-best\u00e4ndiger, nahezu unverw\u00fcstlicher Saralon-Polypropylenharzrahmen mit Bel\u00fcftungsluke. Schock- und kratzfestes<\/p>\n","protected":false},"featured_media":5937016,"comment_status":"open","ping_status":"closed","template":"","meta":[],"product_brand":[3035],"product_cat":[1415],"product_tag":[],"class_list":{"0":"post-736854","1":"product","2":"type-product","3":"status-publish","4":"has-post-thumbnail","6":"product_brand-jba-marine-de","7":"product_cat-bootsluken","9":"first","10":"instock","11":"shipping-taxable","12":"purchasable","13":"product-type-simple"},"_links":{"self":[{"href":"https:\/\/stoic-curie.212-227-153-4.plesk.page\/de\/wp-json\/wp\/v2\/product\/736854","targetHints":{"allow":["GET"]}}],"collection":[{"href":"https:\/\/stoic-curie.212-227-153-4.plesk.page\/de\/wp-json\/wp\/v2\/product"}],"about":[{"href":"https:\/\/stoic-curie.212-227-153-4.plesk.page\/de\/wp-json\/wp\/v2\/types\/product"}],"replies":[{"embeddable":true,"href":"https:\/\/stoic-curie.212-227-153-4.plesk.page\/de\/wp-json\/wp\/v2\/comments?post=736854"}],"version-history":[{"count":0,"href":"https:\/\/stoic-curie.212-227-153-4.plesk.page\/de\/wp-json\/wp\/v2\/product\/736854\/revisions"}],"wp:featuredmedia":[{"embeddable":true,"href":"https:\/\/stoic-curie.212-227-153-4.plesk.page\/de\/wp-json\/wp\/v2\/media\/5937016"}],"wp:attachment":[{"href":"https:\/\/stoic-curie.212-227-153-4.plesk.page\/de\/wp-json\/wp\/v2\/media?parent=736854"}],"wp:term":[{"taxonomy":"product_brand","embeddable":true,"href":"https:\/\/stoic-curie.212-227-153-4.plesk.page\/de\/wp-json\/wp\/v2\/product_brand?post=736854"},{"taxonomy":"product_cat","embeddable":true,"href":"https:\/\/stoic-curie.212-227-153-4.plesk.page\/de\/wp-json\/wp\/v2\/product_cat?post=736854"},{"taxonomy":"product_tag","embeddable":true,"href":"https:\/\/stoic-curie.212-227-153-4.plesk.page\/de\/wp-json\/wp\/v2\/product_tag?post=736854"}],"curies":[{"name":"wp","href":"https:\/\/api.w.org\/{rel}","templated":true}]}}