{"id":736855,"date":"2025-03-03T16:33:42","date_gmt":"2025-03-03T15:33:42","guid":{"rendered":"https:\/\/stoic-curie.212-227-153-4.plesk.page\/producto\/neopren-dichtprofil-armflex-12mm-oben-15m\/"},"modified":"2026-02-24T23:35:10","modified_gmt":"2026-02-24T23:35:10","slug":"neopren-dichtprofil-armflex-12mm-oben-15m","status":"publish","type":"product","link":"https:\/\/stoic-curie.212-227-153-4.plesk.page\/de\/product\/neopren-dichtprofil-armflex-12mm-oben-15m\/","title":{"rendered":"Neopren-Dichtprofil Armflex (12mm OBEN) 15m"},"content":{"rendered":"<p>Neopren-Dichtprofil Armflex (12mm OBEN) 15m &#8211; <\/p>\n<p>Wasserdichte Trim-Lok-Dichtung f\u00fcr T\u00fcren, Luken und Riegel. Besteht aus einem expandierten EPDM-Gummiring, der auf ein PVC-Profil extrudiert ist. Dank der Struktur mit einem segmentierten Aluminiumkern, der sich an die Form der abzudeckenden Kante anpasst, l\u00e4sst sich die Montage ganz einfach durchf\u00fchren. Der Verriegelungsstift sorgt f\u00fcr eine perfekte Abdichtung, selbst ohne Klebstoff. Packung mit 15 Metern.<\/p>\n","protected":false},"excerpt":{"rendered":"<p>Neopren-Dichtprofil Armflex (12mm OBEN) 15m &#8211; Wasserdichte Trim-Lok-Dichtung f\u00fcr T\u00fcren, Luken und Riegel. Besteht aus einem expandierten EPDM-Gummiring, der auf<\/p>\n","protected":false},"featured_media":5940176,"comment_status":"open","ping_status":"closed","template":"","meta":[],"product_brand":[3480],"product_cat":[1415],"product_tag":[],"class_list":{"0":"post-736855","1":"product","2":"type-product","3":"status-publish","4":"has-post-thumbnail","6":"product_brand-tessilmare-de","7":"product_cat-bootsluken","9":"first","10":"instock","11":"shipping-taxable","12":"purchasable","13":"product-type-simple"},"_links":{"self":[{"href":"https:\/\/stoic-curie.212-227-153-4.plesk.page\/de\/wp-json\/wp\/v2\/product\/736855","targetHints":{"allow":["GET"]}}],"collection":[{"href":"https:\/\/stoic-curie.212-227-153-4.plesk.page\/de\/wp-json\/wp\/v2\/product"}],"about":[{"href":"https:\/\/stoic-curie.212-227-153-4.plesk.page\/de\/wp-json\/wp\/v2\/types\/product"}],"replies":[{"embeddable":true,"href":"https:\/\/stoic-curie.212-227-153-4.plesk.page\/de\/wp-json\/wp\/v2\/comments?post=736855"}],"version-history":[{"count":0,"href":"https:\/\/stoic-curie.212-227-153-4.plesk.page\/de\/wp-json\/wp\/v2\/product\/736855\/revisions"}],"wp:featuredmedia":[{"embeddable":true,"href":"https:\/\/stoic-curie.212-227-153-4.plesk.page\/de\/wp-json\/wp\/v2\/media\/5940176"}],"wp:attachment":[{"href":"https:\/\/stoic-curie.212-227-153-4.plesk.page\/de\/wp-json\/wp\/v2\/media?parent=736855"}],"wp:term":[{"taxonomy":"product_brand","embeddable":true,"href":"https:\/\/stoic-curie.212-227-153-4.plesk.page\/de\/wp-json\/wp\/v2\/product_brand?post=736855"},{"taxonomy":"product_cat","embeddable":true,"href":"https:\/\/stoic-curie.212-227-153-4.plesk.page\/de\/wp-json\/wp\/v2\/product_cat?post=736855"},{"taxonomy":"product_tag","embeddable":true,"href":"https:\/\/stoic-curie.212-227-153-4.plesk.page\/de\/wp-json\/wp\/v2\/product_tag?post=736855"}],"curies":[{"name":"wp","href":"https:\/\/api.w.org\/{rel}","templated":true}]}}