{"id":736856,"date":"2025-03-03T16:33:42","date_gmt":"2025-03-03T15:33:42","guid":{"rendered":"https:\/\/stoic-curie.212-227-153-4.plesk.page\/producto\/neopren-dichtprofil-armflex-9mm-oben-15m\/"},"modified":"2026-02-24T23:35:10","modified_gmt":"2026-02-24T23:35:10","slug":"neopren-dichtprofil-armflex-9mm-oben-15m","status":"publish","type":"product","link":"https:\/\/stoic-curie.212-227-153-4.plesk.page\/de\/product\/neopren-dichtprofil-armflex-9mm-oben-15m\/","title":{"rendered":"Neopren-Dichtprofil Armflex (9mm OBEN) 15m"},"content":{"rendered":"<p>Neopren-Dichtprofil Armflex (9mm OBEN) 15m &#8211; <\/p>\n<p>Wasserdichte Trim-Lok-Dichtungen f\u00fcr T\u00fcren, Luken und Schl\u00f6sser. Besteht aus einem expandierten EPDM-Gummi-Ring, der auf ein PVC-Profil extrudiert ist. Dank der Struktur mit einem segmentierten Aluminiumkern, der sich an die Form der abzudeckenden Kante anpasst, l\u00e4sst es sich problemlos montieren. Die Verriegelungszunge sorgt auch ohne Kleber f\u00fcr eine perfekte Abdichtung. Packung mit 15 Metern.<\/p>\n","protected":false},"excerpt":{"rendered":"<p>Neopren-Dichtprofil Armflex (9mm OBEN) 15m &#8211; Wasserdichte Trim-Lok-Dichtungen f\u00fcr T\u00fcren, Luken und Schl\u00f6sser. Besteht aus einem expandierten EPDM-Gummi-Ring, der auf<\/p>\n","protected":false},"featured_media":5940176,"comment_status":"open","ping_status":"closed","template":"","meta":[],"product_brand":[3480],"product_cat":[1415],"product_tag":[],"class_list":{"0":"post-736856","1":"product","2":"type-product","3":"status-publish","4":"has-post-thumbnail","6":"product_brand-tessilmare-de","7":"product_cat-bootsluken","9":"first","10":"instock","11":"shipping-taxable","12":"purchasable","13":"product-type-simple"},"_links":{"self":[{"href":"https:\/\/stoic-curie.212-227-153-4.plesk.page\/de\/wp-json\/wp\/v2\/product\/736856","targetHints":{"allow":["GET"]}}],"collection":[{"href":"https:\/\/stoic-curie.212-227-153-4.plesk.page\/de\/wp-json\/wp\/v2\/product"}],"about":[{"href":"https:\/\/stoic-curie.212-227-153-4.plesk.page\/de\/wp-json\/wp\/v2\/types\/product"}],"replies":[{"embeddable":true,"href":"https:\/\/stoic-curie.212-227-153-4.plesk.page\/de\/wp-json\/wp\/v2\/comments?post=736856"}],"version-history":[{"count":0,"href":"https:\/\/stoic-curie.212-227-153-4.plesk.page\/de\/wp-json\/wp\/v2\/product\/736856\/revisions"}],"wp:featuredmedia":[{"embeddable":true,"href":"https:\/\/stoic-curie.212-227-153-4.plesk.page\/de\/wp-json\/wp\/v2\/media\/5940176"}],"wp:attachment":[{"href":"https:\/\/stoic-curie.212-227-153-4.plesk.page\/de\/wp-json\/wp\/v2\/media?parent=736856"}],"wp:term":[{"taxonomy":"product_brand","embeddable":true,"href":"https:\/\/stoic-curie.212-227-153-4.plesk.page\/de\/wp-json\/wp\/v2\/product_brand?post=736856"},{"taxonomy":"product_cat","embeddable":true,"href":"https:\/\/stoic-curie.212-227-153-4.plesk.page\/de\/wp-json\/wp\/v2\/product_cat?post=736856"},{"taxonomy":"product_tag","embeddable":true,"href":"https:\/\/stoic-curie.212-227-153-4.plesk.page\/de\/wp-json\/wp\/v2\/product_tag?post=736856"}],"curies":[{"name":"wp","href":"https:\/\/api.w.org\/{rel}","templated":true}]}}