{"id":736861,"date":"2025-03-03T16:33:43","date_gmt":"2025-03-03T15:33:43","guid":{"rendered":"https:\/\/stoic-curie.212-227-153-4.plesk.page\/producto\/saralon-luken-331-x-762-mm\/"},"modified":"2026-02-24T23:35:10","modified_gmt":"2026-02-24T23:35:10","slug":"saralon-luken-331-x-762-mm","status":"publish","type":"product","link":"https:\/\/stoic-curie.212-227-153-4.plesk.page\/de\/product\/saralon-luken-331-x-762-mm\/","title":{"rendered":"Saralon Luken 331 x 762 mm"},"content":{"rendered":"<p>Saralon Luken 331 x 762 mm &#8211; <\/p>\n<p>Fast unzerst\u00f6rbare Saralon Polypropylen-Haube. Begehbar, sto\u00dffest, unempfindlich gegen\u00fcber UV-Strahlen, L\u00f6sungsmitteln und Kraftstoffen. 180\u00b0 \u00d6ffnung mit Edelstahl-Scharnieren. Eingelassene Dichtung sorgt f\u00fcr perfekten wasserdichten Abschluss. F\u00fcr Deck oder Schottmontage. CE-zertifiziert.<\/p>\n","protected":false},"excerpt":{"rendered":"<p>Saralon Luken 331 x 762 mm &#8211; Fast unzerst\u00f6rbare Saralon Polypropylen-Haube. Begehbar, sto\u00dffest, unempfindlich gegen\u00fcber UV-Strahlen, L\u00f6sungsmitteln und Kraftstoffen. 180\u00b0<\/p>\n","protected":false},"featured_media":5945338,"comment_status":"open","ping_status":"closed","template":"","meta":[],"product_brand":[3035],"product_cat":[1408],"product_tag":[],"class_list":{"0":"post-736861","1":"product","2":"type-product","3":"status-publish","4":"has-post-thumbnail","6":"product_brand-jba-marine-de","7":"product_cat-kunststoffluken","9":"first","10":"instock","11":"shipping-taxable","12":"purchasable","13":"product-type-simple"},"_links":{"self":[{"href":"https:\/\/stoic-curie.212-227-153-4.plesk.page\/de\/wp-json\/wp\/v2\/product\/736861","targetHints":{"allow":["GET"]}}],"collection":[{"href":"https:\/\/stoic-curie.212-227-153-4.plesk.page\/de\/wp-json\/wp\/v2\/product"}],"about":[{"href":"https:\/\/stoic-curie.212-227-153-4.plesk.page\/de\/wp-json\/wp\/v2\/types\/product"}],"replies":[{"embeddable":true,"href":"https:\/\/stoic-curie.212-227-153-4.plesk.page\/de\/wp-json\/wp\/v2\/comments?post=736861"}],"version-history":[{"count":0,"href":"https:\/\/stoic-curie.212-227-153-4.plesk.page\/de\/wp-json\/wp\/v2\/product\/736861\/revisions"}],"wp:featuredmedia":[{"embeddable":true,"href":"https:\/\/stoic-curie.212-227-153-4.plesk.page\/de\/wp-json\/wp\/v2\/media\/5945338"}],"wp:attachment":[{"href":"https:\/\/stoic-curie.212-227-153-4.plesk.page\/de\/wp-json\/wp\/v2\/media?parent=736861"}],"wp:term":[{"taxonomy":"product_brand","embeddable":true,"href":"https:\/\/stoic-curie.212-227-153-4.plesk.page\/de\/wp-json\/wp\/v2\/product_brand?post=736861"},{"taxonomy":"product_cat","embeddable":true,"href":"https:\/\/stoic-curie.212-227-153-4.plesk.page\/de\/wp-json\/wp\/v2\/product_cat?post=736861"},{"taxonomy":"product_tag","embeddable":true,"href":"https:\/\/stoic-curie.212-227-153-4.plesk.page\/de\/wp-json\/wp\/v2\/product_tag?post=736861"}],"curies":[{"name":"wp","href":"https:\/\/api.w.org\/{rel}","templated":true}]}}