{"id":736863,"date":"2025-03-03T16:33:44","date_gmt":"2025-03-03T15:33:44","guid":{"rendered":"https:\/\/stoic-curie.212-227-153-4.plesk.page\/producto\/inline-elektrogeblaese-ocean-24v-750m3\/"},"modified":"2026-02-24T23:35:10","modified_gmt":"2026-02-24T23:35:10","slug":"inline-elektrogeblaese-ocean-24v-750m3","status":"publish","type":"product","link":"https:\/\/stoic-curie.212-227-153-4.plesk.page\/de\/product\/inline-elektrogeblaese-ocean-24v-750m3\/","title":{"rendered":"Inline-Elektrogebl\u00e4se Ocean 24V 750m3"},"content":{"rendered":"<p>Inline-Elektrogebl\u00e4se Ocean 24V 750m3 &#8211; <\/p>\n<p>Gro\u00dfvolumige In-line-Elektrogebl\u00e4se mit einem hocheffizienten, leisen Ventilator, der mit Luftfahrttechnologie gem\u00e4\u00df ISO8846 EN55014 entwickelt wurde.<\/p>\n","protected":false},"excerpt":{"rendered":"<p>Inline-Elektrogebl\u00e4se Ocean 24V 750m3 &#8211; Gro\u00dfvolumige In-line-Elektrogebl\u00e4se mit einem hocheffizienten, leisen Ventilator, der mit Luftfahrttechnologie gem\u00e4\u00df ISO8846 EN55014 entwickelt wurde.<\/p>\n","protected":false},"featured_media":5945341,"comment_status":"open","ping_status":"closed","template":"","meta":[],"product_brand":[3140],"product_cat":[1445,1539],"product_tag":[],"class_list":{"0":"post-736863","1":"product","2":"type-product","3":"status-publish","4":"has-post-thumbnail","6":"product_brand-matromarine-de","7":"product_cat-bilgengeblaese","8":"product_cat-motorlueftungssysteme","10":"first","11":"instock","12":"shipping-taxable","13":"purchasable","14":"product-type-simple"},"_links":{"self":[{"href":"https:\/\/stoic-curie.212-227-153-4.plesk.page\/de\/wp-json\/wp\/v2\/product\/736863","targetHints":{"allow":["GET"]}}],"collection":[{"href":"https:\/\/stoic-curie.212-227-153-4.plesk.page\/de\/wp-json\/wp\/v2\/product"}],"about":[{"href":"https:\/\/stoic-curie.212-227-153-4.plesk.page\/de\/wp-json\/wp\/v2\/types\/product"}],"replies":[{"embeddable":true,"href":"https:\/\/stoic-curie.212-227-153-4.plesk.page\/de\/wp-json\/wp\/v2\/comments?post=736863"}],"version-history":[{"count":0,"href":"https:\/\/stoic-curie.212-227-153-4.plesk.page\/de\/wp-json\/wp\/v2\/product\/736863\/revisions"}],"wp:featuredmedia":[{"embeddable":true,"href":"https:\/\/stoic-curie.212-227-153-4.plesk.page\/de\/wp-json\/wp\/v2\/media\/5945341"}],"wp:attachment":[{"href":"https:\/\/stoic-curie.212-227-153-4.plesk.page\/de\/wp-json\/wp\/v2\/media?parent=736863"}],"wp:term":[{"taxonomy":"product_brand","embeddable":true,"href":"https:\/\/stoic-curie.212-227-153-4.plesk.page\/de\/wp-json\/wp\/v2\/product_brand?post=736863"},{"taxonomy":"product_cat","embeddable":true,"href":"https:\/\/stoic-curie.212-227-153-4.plesk.page\/de\/wp-json\/wp\/v2\/product_cat?post=736863"},{"taxonomy":"product_tag","embeddable":true,"href":"https:\/\/stoic-curie.212-227-153-4.plesk.page\/de\/wp-json\/wp\/v2\/product_tag?post=736863"}],"curies":[{"name":"wp","href":"https:\/\/api.w.org\/{rel}","templated":true}]}}