{"id":736864,"date":"2025-03-03T16:33:44","date_gmt":"2025-03-03T15:33:44","guid":{"rendered":"https:\/\/stoic-curie.212-227-153-4.plesk.page\/producto\/helikoidale-geblaese-24-v-1800-m3\/"},"modified":"2026-02-24T23:35:10","modified_gmt":"2026-02-24T23:35:10","slug":"helikoidale-geblaese-24-v-1800-m3","status":"publish","type":"product","link":"https:\/\/stoic-curie.212-227-153-4.plesk.page\/de\/product\/helikoidale-geblaese-24-v-1800-m3\/","title":{"rendered":"Helixventilator CEM VE 24V 1800m\u00b3"},"content":{"rendered":"<p>Helixventilator CEM VE 24V 1800m\u00b3 &#8211; <\/p>\n<p>Der CEM VE L\u00fcfter ist ein 24V spiralf\u00f6rmiger Inline-Ventilator mit einer Kapazit\u00e4t von 1800m3, der speziell f\u00fcr den professionellen, kontinuierlichen Betrieb entwickelt wurde. Er bietet bidirektionalen Luftstrom und wird von einem Permanentmagnet-Elektromotor betrieben.<\/p>\n<p>Das Geh\u00e4use des Ventilators besteht aus lackiertem Stahl und enth\u00e4lt einen Propylenschaufelventilator, der sowohl dynamisch als auch statisch ausgewuchtet ist. Diese elektrischen helicoiden (axialen) Gebl\u00e4se sind perfekt f\u00fcr die Absaugung und Bel\u00fcftung in engen Bereichen wie Maschinenr\u00e4umen, K\u00fcchen, Toiletten und Werkst\u00e4tten geeignet. Gebaut nach hohen Standards sind die CEM VE L\u00fcfter ideal f\u00fcr anspruchsvolle Anwendungen, bei denen Qualit\u00e4t und Zuverl\u00e4ssigkeit f\u00fcr eine kontinuierliche Nutzung von entscheidender Bedeutung sind. Sie bestehen aus lackiertem Stahl und sind sowohl in AC- als auch in DC-Versionen erh\u00e4ltlich, die effizient bei Temperaturen von -5 \u00b0C bis 80 \u00b0C funktionieren.<\/p>\n<p><strong>Hauptmerkmale:<\/strong><\/p>\n<ul>\n<li><strong>Geh\u00e4use:<\/strong> Aus lackiertem Stahlblech (VE-Serie) gefertigt.<\/li>\n<li><strong>Ventilator:<\/strong> Aus Polypropylen besteht, mit einem Temperaturbereich von -5 \u00b0C bis 80 \u00b0C und ist sowohl dynamisch als auch statisch ausgewuchtet.<\/li>\n<li><strong>Gleichstrom:<\/strong> Verf\u00fcgt \u00fcber einen Permanentmagnetmotor, der mit 24V arbeitet, mit einer Schutzart IP44 (IP55 auf Anfrage erh\u00e4ltlich), Isolierungsklasse F und ist f\u00fcr den Dauerbetrieb (S1) ausgelegt.<\/li>\n<\/ul>\n","protected":false},"excerpt":{"rendered":"<p>Helixventilator CEM VE 24V 1800m\u00b3 &#8211; Der CEM VE L\u00fcfter ist ein 24V spiralf\u00f6rmiger Inline-Ventilator mit einer Kapazit\u00e4t von 1800m3,<\/p>\n","protected":false},"featured_media":5945343,"comment_status":"open","ping_status":"closed","template":"","meta":[],"product_brand":[3140],"product_cat":[1445,1539],"product_tag":[],"class_list":{"0":"post-736864","1":"product","2":"type-product","3":"status-publish","4":"has-post-thumbnail","6":"product_brand-matromarine-de","7":"product_cat-bilgengeblaese","8":"product_cat-motorlueftungssysteme","10":"first","11":"outofstock","12":"shipping-taxable","13":"purchasable","14":"product-type-simple"},"_links":{"self":[{"href":"https:\/\/stoic-curie.212-227-153-4.plesk.page\/de\/wp-json\/wp\/v2\/product\/736864","targetHints":{"allow":["GET"]}}],"collection":[{"href":"https:\/\/stoic-curie.212-227-153-4.plesk.page\/de\/wp-json\/wp\/v2\/product"}],"about":[{"href":"https:\/\/stoic-curie.212-227-153-4.plesk.page\/de\/wp-json\/wp\/v2\/types\/product"}],"replies":[{"embeddable":true,"href":"https:\/\/stoic-curie.212-227-153-4.plesk.page\/de\/wp-json\/wp\/v2\/comments?post=736864"}],"version-history":[{"count":0,"href":"https:\/\/stoic-curie.212-227-153-4.plesk.page\/de\/wp-json\/wp\/v2\/product\/736864\/revisions"}],"wp:featuredmedia":[{"embeddable":true,"href":"https:\/\/stoic-curie.212-227-153-4.plesk.page\/de\/wp-json\/wp\/v2\/media\/5945343"}],"wp:attachment":[{"href":"https:\/\/stoic-curie.212-227-153-4.plesk.page\/de\/wp-json\/wp\/v2\/media?parent=736864"}],"wp:term":[{"taxonomy":"product_brand","embeddable":true,"href":"https:\/\/stoic-curie.212-227-153-4.plesk.page\/de\/wp-json\/wp\/v2\/product_brand?post=736864"},{"taxonomy":"product_cat","embeddable":true,"href":"https:\/\/stoic-curie.212-227-153-4.plesk.page\/de\/wp-json\/wp\/v2\/product_cat?post=736864"},{"taxonomy":"product_tag","embeddable":true,"href":"https:\/\/stoic-curie.212-227-153-4.plesk.page\/de\/wp-json\/wp\/v2\/product_tag?post=736864"}],"curies":[{"name":"wp","href":"https:\/\/api.w.org\/{rel}","templated":true}]}}