{"id":736865,"date":"2025-03-03T16:33:44","date_gmt":"2025-03-03T15:33:44","guid":{"rendered":"https:\/\/stoic-curie.212-227-153-4.plesk.page\/producto\/inline-helikoidal-geblaese-24v-3000m3-pro-stunde\/"},"modified":"2026-02-24T23:35:10","modified_gmt":"2026-02-24T23:35:10","slug":"inline-helikoidal-geblaese-24v-3000m3-pro-stunde","status":"publish","type":"product","link":"https:\/\/stoic-curie.212-227-153-4.plesk.page\/de\/product\/inline-helikoidal-geblaese-24v-3000m3-pro-stunde\/","title":{"rendered":"Helicoidaler Ventilator CEM VE 24V 3000M3 pro Stunde"},"content":{"rendered":"<p>Helicoidaler Ventilator CEM VE 24V 3000M3 pro Stunde &#8211; <\/p>\n<p>Der CEM VE Ventilator ist ein 24V spiralf\u00f6rmiger Inline-Ventilator mit einer Kapazit\u00e4t von 3000 m\u00b3, der speziell f\u00fcr den professionellen und kontinuierlichen Einsatz entwickelt wurde. Er bietet bidirektionalen Luftstrom und wird von einem Permanentmagnet-Elektromotor betrieben.<\/p>\n<p>Das Geh\u00e4use des Ventilators besteht aus lackiertem Stahl und beherbergt einen Ventilator aus Polypropylen, der sowohl dynamisch als auch statisch ausgewuchtet ist. Diese elektrischen helicoidalen (axialen) Gebl\u00e4se sind ideal f\u00fcr die Absaugung und Bel\u00fcftung in engen R\u00e4umen wie Maschinenr\u00e4umen, K\u00fcchen, Toiletten und Werkst\u00e4tten. Die CEM VE Ventilatoren wurden nach hohen Standards konstruiert und sind perfekt f\u00fcr anspruchsvolle Umgebungen, in denen Qualit\u00e4t und Zuverl\u00e4ssigkeit f\u00fcr den kontinuierlichen Betrieb unerl\u00e4sslich sind. Sie sind in lackiertem Stahl erh\u00e4ltlich und kommen sowohl in AC- als auch in DC-Modellen vor, die effizient in Temperaturbereichen von -5 \u00b0C bis 80 \u00b0C arbeiten.<\/p>\n<p><strong>Hauptmerkmale:<\/strong><\/p>\n<ul>\n<li><strong>Geh\u00e4use:<\/strong> Konstruktion aus lackiertem Stahlblech (VE-Serie).<\/li>\n<li><strong>Ventilator:<\/strong> Aus Polypropylen, mit einem Temperaturbereich von -5 \u00b0C bis 80 \u00b0C, und sowohl dynamisch als auch statisch ausgewuchtet.<\/li>\n<li><strong>Gleichstrom:<\/strong> Ausgestattet mit einem Permanentmagnetmotor, der mit 24V betrieben wird, mit einer IP44-Schutzklasse (IP55 auf Anfrage erh\u00e4ltlich), Isolierklasse F und f\u00fcr den Dauerbetrieb (S1) konzipiert.<\/li>\n<\/ul>\n","protected":false},"excerpt":{"rendered":"<p>Helicoidaler Ventilator CEM VE 24V 3000M3 pro Stunde &#8211; Der CEM VE Ventilator ist ein 24V spiralf\u00f6rmiger Inline-Ventilator mit einer<\/p>\n","protected":false},"featured_media":5945343,"comment_status":"open","ping_status":"closed","template":"","meta":[],"product_brand":[3140],"product_cat":[1445,1539],"product_tag":[],"class_list":{"0":"post-736865","1":"product","2":"type-product","3":"status-publish","4":"has-post-thumbnail","6":"product_brand-matromarine-de","7":"product_cat-bilgengeblaese","8":"product_cat-motorlueftungssysteme","10":"first","11":"outofstock","12":"shipping-taxable","13":"purchasable","14":"product-type-simple"},"_links":{"self":[{"href":"https:\/\/stoic-curie.212-227-153-4.plesk.page\/de\/wp-json\/wp\/v2\/product\/736865","targetHints":{"allow":["GET"]}}],"collection":[{"href":"https:\/\/stoic-curie.212-227-153-4.plesk.page\/de\/wp-json\/wp\/v2\/product"}],"about":[{"href":"https:\/\/stoic-curie.212-227-153-4.plesk.page\/de\/wp-json\/wp\/v2\/types\/product"}],"replies":[{"embeddable":true,"href":"https:\/\/stoic-curie.212-227-153-4.plesk.page\/de\/wp-json\/wp\/v2\/comments?post=736865"}],"version-history":[{"count":0,"href":"https:\/\/stoic-curie.212-227-153-4.plesk.page\/de\/wp-json\/wp\/v2\/product\/736865\/revisions"}],"wp:featuredmedia":[{"embeddable":true,"href":"https:\/\/stoic-curie.212-227-153-4.plesk.page\/de\/wp-json\/wp\/v2\/media\/5945343"}],"wp:attachment":[{"href":"https:\/\/stoic-curie.212-227-153-4.plesk.page\/de\/wp-json\/wp\/v2\/media?parent=736865"}],"wp:term":[{"taxonomy":"product_brand","embeddable":true,"href":"https:\/\/stoic-curie.212-227-153-4.plesk.page\/de\/wp-json\/wp\/v2\/product_brand?post=736865"},{"taxonomy":"product_cat","embeddable":true,"href":"https:\/\/stoic-curie.212-227-153-4.plesk.page\/de\/wp-json\/wp\/v2\/product_cat?post=736865"},{"taxonomy":"product_tag","embeddable":true,"href":"https:\/\/stoic-curie.212-227-153-4.plesk.page\/de\/wp-json\/wp\/v2\/product_tag?post=736865"}],"curies":[{"name":"wp","href":"https:\/\/api.w.org\/{rel}","templated":true}]}}