{"id":736868,"date":"2025-03-03T16:33:45","date_gmt":"2025-03-03T15:33:45","guid":{"rendered":"https:\/\/stoic-curie.212-227-153-4.plesk.page\/producto\/kombinierter-kocher-mit-spuele-rechts-530-x-340-x-150mm-1-brenner\/"},"modified":"2026-02-24T23:35:10","modified_gmt":"2026-02-24T23:35:10","slug":"kombinierter-kocher-mit-spuele-rechts-530-x-340-x-150mm-1-brenner","status":"publish","type":"product","link":"https:\/\/stoic-curie.212-227-153-4.plesk.page\/de\/product\/kombinierter-kocher-mit-spuele-rechts-530-x-340-x-150mm-1-brenner\/","title":{"rendered":"Kombinierter Kocher mit Sp\u00fcle (rechts) 530 x 340 x 150mm (1 Brenner)"},"content":{"rendered":"<p>Kombinierter Kocher mit Sp\u00fcle (rechts) 530 x 340 x 150mm (1 Brenner) &#8211; <\/p>\n<p>1 Kochplatte aus geh\u00e4rtetem schwarzem Glas und Edelstahlbecken. Ausgestattet mit Thermoelementen und piezoelektrischer Z\u00fcndung. Muss mit einem gro\u00dfen Sp\u00fclbeckenablauf und einem Auslaufhahn vervollst\u00e4ndigt werden.<\/p>\n","protected":false},"excerpt":{"rendered":"<p>Kombinierter Kocher mit Sp\u00fcle (rechts) 530 x 340 x 150mm (1 Brenner) &#8211; 1 Kochplatte aus geh\u00e4rtetem schwarzem Glas und<\/p>\n","protected":false},"featured_media":5945345,"comment_status":"open","ping_status":"closed","template":"","meta":[],"product_brand":[2855],"product_cat":[1354,1376],"product_tag":[],"class_list":{"0":"post-736868","1":"product","2":"type-product","3":"status-publish","4":"has-post-thumbnail","6":"product_brand-can-marine-de","7":"product_cat-bootskocher","8":"product_cat-spuelbecken","10":"first","11":"instock","12":"shipping-taxable","13":"purchasable","14":"product-type-simple"},"_links":{"self":[{"href":"https:\/\/stoic-curie.212-227-153-4.plesk.page\/de\/wp-json\/wp\/v2\/product\/736868","targetHints":{"allow":["GET"]}}],"collection":[{"href":"https:\/\/stoic-curie.212-227-153-4.plesk.page\/de\/wp-json\/wp\/v2\/product"}],"about":[{"href":"https:\/\/stoic-curie.212-227-153-4.plesk.page\/de\/wp-json\/wp\/v2\/types\/product"}],"replies":[{"embeddable":true,"href":"https:\/\/stoic-curie.212-227-153-4.plesk.page\/de\/wp-json\/wp\/v2\/comments?post=736868"}],"version-history":[{"count":0,"href":"https:\/\/stoic-curie.212-227-153-4.plesk.page\/de\/wp-json\/wp\/v2\/product\/736868\/revisions"}],"wp:featuredmedia":[{"embeddable":true,"href":"https:\/\/stoic-curie.212-227-153-4.plesk.page\/de\/wp-json\/wp\/v2\/media\/5945345"}],"wp:attachment":[{"href":"https:\/\/stoic-curie.212-227-153-4.plesk.page\/de\/wp-json\/wp\/v2\/media?parent=736868"}],"wp:term":[{"taxonomy":"product_brand","embeddable":true,"href":"https:\/\/stoic-curie.212-227-153-4.plesk.page\/de\/wp-json\/wp\/v2\/product_brand?post=736868"},{"taxonomy":"product_cat","embeddable":true,"href":"https:\/\/stoic-curie.212-227-153-4.plesk.page\/de\/wp-json\/wp\/v2\/product_cat?post=736868"},{"taxonomy":"product_tag","embeddable":true,"href":"https:\/\/stoic-curie.212-227-153-4.plesk.page\/de\/wp-json\/wp\/v2\/product_tag?post=736868"}],"curies":[{"name":"wp","href":"https:\/\/api.w.org\/{rel}","templated":true}]}}