{"id":736870,"date":"2025-03-03T16:33:45","date_gmt":"2025-03-03T15:33:45","guid":{"rendered":"https:\/\/stoic-curie.212-227-153-4.plesk.page\/producto\/edelstahl-gasherd-mit-backofen-can-3-brenner\/"},"modified":"2026-02-24T23:35:10","modified_gmt":"2026-02-24T23:35:10","slug":"edelstahl-gasherd-mit-backofen-can-3-brenner","status":"publish","type":"product","link":"https:\/\/stoic-curie.212-227-153-4.plesk.page\/de\/product\/edelstahl-gasherd-mit-backofen-can-3-brenner\/","title":{"rendered":"Edelstahl-Gasherd mit Backofen CAN 3-Brenner"},"content":{"rendered":"<p>Edelstahl-Gasherd mit Backofen CAN 3-Brenner &#8211; <\/p>\n<p style=\"color: rgb(34, 34, 34); font-family: Arial, Helvetica, sans-serif; font-size: small;\">Wir pr\u00e4sentieren unseren hochwertigen Gaskochherd aus Edelstahl, ausgestattet mit einer geh\u00e4rteten Glasplatte und einem ger\u00e4umigen 30-Liter-Ofen. Dieses Modell verf\u00fcgt \u00fcber Piezoz\u00fcndung und Sicherheitsventile an allen Brennern f\u00fcr zus\u00e4tzliche Sicherheit. Das nivellierte Gitterdesign erm\u00f6glicht ein einfaches Rutschen von T\u00f6pfen, w\u00e4hrend der Ofen mit einem ergonomischen Griff, einer bel\u00fcfteten T\u00fcr und doppelt verglastem Glas mit integriertem Thermometer ausgestattet ist. Au\u00dferdem wird er mit einem Ofengitter, einem W\u00e4rmespeicher und Aluminium-Brennerabdeckungen geliefert. Der Einzelbrenner liefert eine Leistung von 1900 W, der Ofen arbeitet mit 2000 W, was hervorragendes Design, Qualit\u00e4t und Leistung gew\u00e4hrleistet.<\/p>\n<p style=\"color: rgb(34, 34, 34); font-family: Arial, Helvetica, sans-serif; font-size: small;\">Dieser langlebige Gasofen verf\u00fcgt \u00fcber drei Brenner und ist aus robustem Edelstahl gefertigt. Die elegante, schwarze Thermoglasoberfl\u00e4che verleiht jeder K\u00fcche eine ansprechende Note. Er ist f\u00fcr sowohl feste als auch halbbewegliche Installationen geeignet und wird mit einem kompletten Montageset geliefert.<\/p>\n<p style=\"color: rgb(34, 34, 34); font-family: Arial, Helvetica, sans-serif; font-size: small;\"><strong>Technische Daten<\/strong><\/p>\n<ul style=\"color: rgb(34, 34, 34); font-family: Arial, Helvetica, sans-serif; font-size: small;\">\n<li><strong>Anzahl der Brenner:<\/strong>\u00a03<\/li>\n<li><strong>Ofenvolumen:<\/strong>\u00a030 Liter<\/li>\n<li><strong>Sicherung:<\/strong>\u00a0Thermisch<\/li>\n<li><strong>Gasdruck:<\/strong>\u00a030 mBar<\/li>\n<li><strong>Ofenleistung:<\/strong>\u00a01900 W<\/li>\n<li><strong>Brennerausgang:<\/strong>\u00a01x kleiner Brenner: 1000 W; 2x gro\u00dfe Brenner: jeweils 1750 W<\/li>\n<li><strong>Material:<\/strong>\u00a0Edelstahl<\/li>\n<li><strong>Nettogewicht:<\/strong>\u00a023 kg<\/li>\n<li><strong>Abmessungen (BxTxH):<\/strong>\u00a0500 x 410 x 458 mm<\/li>\n<\/ul>\n","protected":false},"excerpt":{"rendered":"<p>Edelstahl-Gasherd mit Backofen CAN 3-Brenner &#8211; Wir pr\u00e4sentieren unseren hochwertigen Gaskochherd aus Edelstahl, ausgestattet mit einer geh\u00e4rteten Glasplatte und einem<\/p>\n","protected":false},"featured_media":5945347,"comment_status":"open","ping_status":"closed","template":"","meta":[],"product_brand":[2855],"product_cat":[1354],"product_tag":[],"class_list":{"0":"post-736870","1":"product","2":"type-product","3":"status-publish","4":"has-post-thumbnail","6":"product_brand-can-marine-de","7":"product_cat-bootskocher","9":"first","10":"instock","11":"shipping-taxable","12":"purchasable","13":"product-type-simple"},"_links":{"self":[{"href":"https:\/\/stoic-curie.212-227-153-4.plesk.page\/de\/wp-json\/wp\/v2\/product\/736870","targetHints":{"allow":["GET"]}}],"collection":[{"href":"https:\/\/stoic-curie.212-227-153-4.plesk.page\/de\/wp-json\/wp\/v2\/product"}],"about":[{"href":"https:\/\/stoic-curie.212-227-153-4.plesk.page\/de\/wp-json\/wp\/v2\/types\/product"}],"replies":[{"embeddable":true,"href":"https:\/\/stoic-curie.212-227-153-4.plesk.page\/de\/wp-json\/wp\/v2\/comments?post=736870"}],"version-history":[{"count":0,"href":"https:\/\/stoic-curie.212-227-153-4.plesk.page\/de\/wp-json\/wp\/v2\/product\/736870\/revisions"}],"wp:featuredmedia":[{"embeddable":true,"href":"https:\/\/stoic-curie.212-227-153-4.plesk.page\/de\/wp-json\/wp\/v2\/media\/5945347"}],"wp:attachment":[{"href":"https:\/\/stoic-curie.212-227-153-4.plesk.page\/de\/wp-json\/wp\/v2\/media?parent=736870"}],"wp:term":[{"taxonomy":"product_brand","embeddable":true,"href":"https:\/\/stoic-curie.212-227-153-4.plesk.page\/de\/wp-json\/wp\/v2\/product_brand?post=736870"},{"taxonomy":"product_cat","embeddable":true,"href":"https:\/\/stoic-curie.212-227-153-4.plesk.page\/de\/wp-json\/wp\/v2\/product_cat?post=736870"},{"taxonomy":"product_tag","embeddable":true,"href":"https:\/\/stoic-curie.212-227-153-4.plesk.page\/de\/wp-json\/wp\/v2\/product_tag?post=736870"}],"curies":[{"name":"wp","href":"https:\/\/api.w.org\/{rel}","templated":true}]}}