{"id":736873,"date":"2025-03-03T16:33:46","date_gmt":"2025-03-03T15:33:46","guid":{"rendered":"https:\/\/stoic-curie.212-227-153-4.plesk.page\/producto\/edelstahl-eiswuerfelmaschine-vitrifrigo-hydro-24v\/"},"modified":"2026-02-24T23:35:10","modified_gmt":"2026-02-24T23:35:10","slug":"edelstahl-eiswuerfelmaschine-vitrifrigo-hydro-24v","status":"publish","type":"product","link":"https:\/\/stoic-curie.212-227-153-4.plesk.page\/de\/product\/edelstahl-eiswuerfelmaschine-vitrifrigo-hydro-24v\/","title":{"rendered":"Edelstahl-Eisw\u00fcrfelmaschine Vitrifrigo Hydro 24V"},"content":{"rendered":"<p>Edelstahl-Eisw\u00fcrfelmaschine Vitrifrigo Hydro 24V &#8211; <\/p>\n<p style=\"color: rgb(34, 34, 34); font-family: Arial, Helvetica, sans-serif; font-size: small;\">Wir pr\u00e4sentieren den IM CL OCX2 Hydro Eisbereiter von Vitrifrigo, ein mechanischer Eisbereiter mit einer robusten Edelstahloberfl\u00e4che und einer integrierten K\u00fchleinheit. Dieses Modell verf\u00fcgt \u00fcber ein wasserdichtes LED-Bedienfeld, mit dem die Benutzer die Gefrier- Einstellungen einfach anpassen und den Wasserstand bei nachf\u00fcllbaren Versionen \u00fcberwachen k\u00f6nnen. Das enthaltene Befestigungsprofil erm\u00f6glicht die T\u00fcr sowohl vollst\u00e4ndig als auch teilweise eingelassen montiert, was Flexibilit\u00e4t bei der Installation bietet.<\/p>\n<p style=\"color: rgb(34, 34, 34); font-family: Arial, Helvetica, sans-serif; font-size: small;\">Der innovative Steelock-Luftmanagementgriff erleichtert die Bel\u00fcftung in Zeitr\u00e4umen der Inaktivit\u00e4t und verhindert die Bildung von Schimmel und unangenehmen Ger\u00fcchen. Mit einer Stromversorgung von 220V und einem Verbrauch von 180W kann dieser Eisbereiter beeindruckende 8 kg Eis alle 24 Stunden produzieren.<\/p>\n<p style=\"color: rgb(34, 34, 34); font-family: Arial, Helvetica, sans-serif; font-size: small;\">Der IM CL OCX2 Hydro ist speziell f\u00fcr maritime Umgebungen konzipiert und kann direkt an das Bord-Trinkwassersystem angeschlossen werden, wodurch die Notwendigkeit einer separaten Eisw\u00fcrfelschale entf\u00e4llt. F\u00fcr verbesserte Hygiene ist ein optionales UV-Wasserreinigungssystem erh\u00e4ltlich.<\/p>\n<p style=\"color: rgb(34, 34, 34); font-family: Arial, Helvetica, sans-serif; font-size: small;\">Wichtige Spezifikationen:<\/p>\n<ul style=\"color: rgb(34, 34, 34); font-family: Arial, Helvetica, sans-serif; font-size: small;\">\n<li>T\u00fcrfinish: Edelstahl<\/li>\n<li>Kapazit\u00e4t: 24 Liter<\/li>\n<li>H\u00f6he: 702 mm<\/li>\n<li>L\u00e4nge: 416 mm<\/li>\n<li>Tiefe: 433 mm<\/li>\n<li>Gewicht: 23 kg<\/li>\n<li>Serie: ICEMAKER<\/li>\n<li>Reversible T\u00fcr: Ja<\/li>\n<li>Thermostat: LED<\/li>\n<li>K\u00fchltechnologie: Kompressor<\/li>\n<li>K\u00fchlger\u00e4t: Intern<\/li>\n<li>T\u00fcr\u00f6ffnung: Einzelne Frontt\u00fcr<\/li>\n<li>Spannung: 115 VAC<\/li>\n<\/ul>\n<p style=\"color: rgb(34, 34, 34); font-family: Arial, Helvetica, sans-serif; font-size: small;\">Der IM CL OCX2 Hydro ist eine qualitativ hochwertige L\u00f6sung f\u00fcr Bootsbesitzer, die zuverl\u00e4ssige und effiziente Eiserzeugung bei h\u00f6chsten Standards an Hygiene und Komfort suchen.<\/p>\n","protected":false},"excerpt":{"rendered":"<p>Edelstahl-Eisw\u00fcrfelmaschine Vitrifrigo Hydro 24V &#8211; Wir pr\u00e4sentieren den IM CL OCX2 Hydro Eisbereiter von Vitrifrigo, ein mechanischer Eisbereiter mit einer<\/p>\n","protected":false},"featured_media":5945353,"comment_status":"open","ping_status":"closed","template":"","meta":[],"product_brand":[3525],"product_cat":[1464],"product_tag":[],"class_list":{"0":"post-736873","1":"product","2":"type-product","3":"status-publish","4":"has-post-thumbnail","6":"product_brand-vitrifrigo-de","7":"product_cat-kuehlschraenke-und-gefriertruhen","9":"first","10":"instock","11":"shipping-taxable","12":"purchasable","13":"product-type-simple"},"_links":{"self":[{"href":"https:\/\/stoic-curie.212-227-153-4.plesk.page\/de\/wp-json\/wp\/v2\/product\/736873","targetHints":{"allow":["GET"]}}],"collection":[{"href":"https:\/\/stoic-curie.212-227-153-4.plesk.page\/de\/wp-json\/wp\/v2\/product"}],"about":[{"href":"https:\/\/stoic-curie.212-227-153-4.plesk.page\/de\/wp-json\/wp\/v2\/types\/product"}],"replies":[{"embeddable":true,"href":"https:\/\/stoic-curie.212-227-153-4.plesk.page\/de\/wp-json\/wp\/v2\/comments?post=736873"}],"version-history":[{"count":0,"href":"https:\/\/stoic-curie.212-227-153-4.plesk.page\/de\/wp-json\/wp\/v2\/product\/736873\/revisions"}],"wp:featuredmedia":[{"embeddable":true,"href":"https:\/\/stoic-curie.212-227-153-4.plesk.page\/de\/wp-json\/wp\/v2\/media\/5945353"}],"wp:attachment":[{"href":"https:\/\/stoic-curie.212-227-153-4.plesk.page\/de\/wp-json\/wp\/v2\/media?parent=736873"}],"wp:term":[{"taxonomy":"product_brand","embeddable":true,"href":"https:\/\/stoic-curie.212-227-153-4.plesk.page\/de\/wp-json\/wp\/v2\/product_brand?post=736873"},{"taxonomy":"product_cat","embeddable":true,"href":"https:\/\/stoic-curie.212-227-153-4.plesk.page\/de\/wp-json\/wp\/v2\/product_cat?post=736873"},{"taxonomy":"product_tag","embeddable":true,"href":"https:\/\/stoic-curie.212-227-153-4.plesk.page\/de\/wp-json\/wp\/v2\/product_tag?post=736873"}],"curies":[{"name":"wp","href":"https:\/\/api.w.org\/{rel}","templated":true}]}}